{"id":2346,"date":"2016-03-22T13:49:34","date_gmt":"2016-03-22T13:49:34","guid":{"rendered":"http:\/\/connection.modeltheme.com\/?page_id=2346"},"modified":"2026-02-11T13:21:18","modified_gmt":"2026-02-11T13:21:18","slug":"mket-_-kezdolap","status":"publish","type":"page","link":"https:\/\/mket.hu\/","title":{"rendered":"Kezd\u0151lap"},"content":{"rendered":"<p>[vc_row][vc_column][\/vc_column][\/vc_row][vc_row][vc_column][vc_row_inner][vc_column_inner width=&#8221;1\/3&#8243;][vc_custom_heading text=&#8221;BEMUTATKOZIK A&#8221; font_container=&#8221;tag:h5|font_size:25px|text_align:left|color:rgba(52%2C73%2C94%2C0.7)|line_height:35px&#8221; google_fonts=&#8221;font_family:Ubuntu%3A300%2C300italic%2Cregular%2Citalic%2C500%2C500italic%2C700%2C700italic|font_style:700%20bold%20regular%3A700%3Anormal&#8221; css_animation=&#8221;fadeInRight&#8221;][vc_custom_heading text=&#8221;Magyar Kapcsolt Energia T\u00e1rsas\u00e1g&#8221; font_container=&#8221;tag:h2|font_size:40px|text_align:left|color:%2334495e|line_height:45px&#8221; google_fonts=&#8221;font_family:Ubuntu%3A300%2C300italic%2Cregular%2Citalic%2C500%2C500italic%2C700%2C700italic|font_style:700%20bold%20regular%3A700%3Anormal&#8221;][\/vc_column_inner][vc_column_inner width=&#8221;2\/3&#8243; css=&#8221;.vc_custom_1626767967879{margin-top: 15px !important;}&#8221;][vc_column_text]<strong>A Magyar Kapcsolt Energia T\u00e1rsas\u00e1g (MKET)<\/strong> 1996-ban alakult azzal a c\u00e9llal, hogy a hazai kapcsolt h\u0151- \u00e9s villamosenergia-termel\u00e9st szakmailag t\u00e1mogassa, emellett ell\u00e1ssa a kapcsolt energiatermel\u00e9sben \u00e9rdekelt jogi \u00e9s mag\u00e1nszem\u00e9lyek szakmai \u00e9rdekk\u00e9pviselet\u00e9t, tov\u00e1bb\u00e1 tudom\u00e1nyos \u00e9s oktat\u00e1si tev\u00e9kenys\u00e9g\u00e9vel terjessze, n\u00e9pszer\u0171s\u00edtse a kapcsolt energiatermel\u00e9ssel \u00f6sszef\u00fcgg\u0151 ismereteket, technol\u00f3gi\u00e1kat.[\/vc_column_text][\/vc_column_inner][\/vc_row_inner][vc_row_inner][vc_column_inner][vc_column_text]<\/p>\n<h2 class=\"ot_custom_heading \" style=\"text-align: center;\">MIVEL FOGLALKOZUNK?<\/h2>\n<p>[\/vc_column_text][\/vc_column_inner][\/vc_row_inner][vc_row_inner][vc_column_inner width=&#8221;1\/3&#8243;][vc_column_text]<img loading=\"lazy\" decoding=\"async\" class=\"size-full wp-image-8521 aligncenter\" src=\"https:\/\/mket.hu\/wp-content\/uploads\/2021\/07\/admin-ajax.png\" alt=\"\" width=\"64\" height=\"64\" \/>[\/vc_column_text][vc_custom_heading text=&#8221;K\u00fcldet\u00e9s&#8221; font_container=&#8221;tag:h3|font_size:25px|text_align:center|color:%2334495e|line_height:48px&#8221; google_fonts=&#8221;font_family:Ubuntu%3A300%2C300italic%2Cregular%2Citalic%2C500%2C500italic%2C700%2C700italic|font_style:700%20bold%20regular%3A700%3Anormal&#8221;][vc_column_text]<\/p>\n<p style=\"text-align: center;\">A Magyar Kapcsolt Energia T\u00e1rsas\u00e1g (MKET) 1996-ban alakult azzal a c\u00e9llal, hogy a hazai kapcsolt h\u0151- \u00e9s villamosenergia-termel\u00e9st szakmailag t\u00e1mogassa, emellett ell\u00e1ssa a kapcsolt energiatermel\u00e9sben \u00e9rdekelt jogi \u00e9s mag\u00e1nszem\u00e9lyek szakmai \u00e9rdekk\u00e9pviselet\u00e9t, tov\u00e1bb\u00e1 tudom\u00e1nyos \u00e9s oktat\u00e1si tev\u00e9kenys\u00e9g\u00e9vel terjessze, n\u00e9pszer\u0171s\u00edtse a kapcsolt energiatermel\u00e9ssel \u00f6sszef\u00fcgg\u0151 ismereteket, technol\u00f3gi\u00e1kat.<\/p>\n<p>[\/vc_column_text][vc_btn title=&#8221;Tov\u00e1bb Olvasom&#8230;&#8221; style=&#8221;outline&#8221; shape=&#8221;round&#8221; color=&#8221;inverse&#8221; size=&#8221;lg&#8221; align=&#8221;center&#8221; css_animation=&#8221;fadeInUp&#8221; css=&#8221;.vc_custom_1658858901714{margin-top: 15px !important;}&#8221; link=&#8221;url:https%3A%2F%2Fmket.hu%2Findex.php%2Fkuldetes%2F|title:K%C3%BCldet%C3%A9s&#8221;][\/vc_column_inner][vc_column_inner width=&#8221;1\/3&#8243;][vc_column_text css=&#8221;.vc_custom_1626769974210{margin-bottom: 5px !important;}&#8221;]<\/p>\n<p style=\"text-align: center;\"><img loading=\"lazy\" decoding=\"async\" class=\"aligncenter wp-image-8523 size-full\" src=\"https:\/\/mket.hu\/wp-content\/uploads\/2021\/07\/iconita2.png\" alt=\"\" width=\"64\" height=\"64\" \/><\/p>\n<p>[\/vc_column_text][vc_custom_heading text=&#8221;Munkabizotts\u00e1gok&#8221; font_container=&#8221;tag:h3|font_size:25px|text_align:center|color:%2334495e|line_height:48px&#8221; google_fonts=&#8221;font_family:Ubuntu%3A300%2C300italic%2Cregular%2Citalic%2C500%2C500italic%2C700%2C700italic|font_style:700%20bold%20regular%3A700%3Anormal&#8221;][vc_column_text]<\/p>\n<p style=\"text-align: center;\">Az \u00e1lland\u00f3 munkabizotts\u00e1gokba a jogi szem\u00e9ly tagok k\u00e9pvisel\u0151ket deleg\u00e1lhatnak. Az egy\u00e9ni tagok szem\u00e9lyesen jelentkezhetnek a munkabizotts\u00e1gokba. Az egyes munkabizotts\u00e1gokat a munkabizotts\u00e1gi vezet\u0151k ir\u00e1ny\u00edtj\u00e1k, akiket a tagok maguk k\u00f6z\u00fcl \u2013 egyszer\u0171 sz\u00f3t\u00f6bbs\u00e9ggel \u2013 v\u00e1lasztanak meg. A munkabizotts\u00e1goknak k\u00fcls\u0151 tagjai is lehetnek. Minden tagnak lehet\u0151s\u00e9ge van bizotts\u00e1gi munk\u00e1ban r\u00e9szt venni.<\/p>\n<p>[\/vc_column_text][vc_btn title=&#8221;Tov\u00e1bb Olvasom&#8230;&#8221; style=&#8221;outline&#8221; shape=&#8221;round&#8221; color=&#8221;inverse&#8221; size=&#8221;lg&#8221; align=&#8221;center&#8221; css_animation=&#8221;fadeInUp&#8221; css=&#8221;.vc_custom_1658858924095{margin-top: 15px !important;}&#8221; link=&#8221;url:https%3A%2F%2Fmket.hu%2Findex.php%2Fmunkabizottsagok%2F|title:Munkabizotts%C3%A1gok&#8221;][\/vc_column_inner][vc_column_inner width=&#8221;1\/3&#8243;][vc_column_text]<img loading=\"lazy\" decoding=\"async\" class=\"size-full wp-image-8522 aligncenter\" src=\"https:\/\/mket.hu\/wp-content\/uploads\/2021\/07\/iconita3-1.png\" alt=\"\" width=\"64\" height=\"64\" \/>[\/vc_column_text][vc_custom_heading text=&#8221;Sajt\u00f3megjelen\u00e9sek&#8221; font_container=&#8221;tag:h3|font_size:25px|text_align:center|color:%2334495e|line_height:48px&#8221; google_fonts=&#8221;font_family:Ubuntu%3A300%2C300italic%2Cregular%2Citalic%2C500%2C500italic%2C700%2C700italic|font_style:700%20bold%20regular%3A700%3Anormal&#8221;][vc_column_text]<\/p>\n<p style=\"text-align: center;\">A Magyar Kapcsolt Energia T\u00e1rsas\u00e1g \u00e1ltal publik\u00e1lt sajt\u00f3megjelen\u00e9sek, vagy konferenciaanyagok visszan\u00e9zhet\u0151s\u00e9g\u00e9t biztos\u00edtjuk tagjaink sz\u00e1m\u00e1ra.<br \/>\nA publik\u00e1ci\u00f3k a szerz\u0151 f\u00e9llel egyeztetve jelennek meg weboldalunkon. Bizonyos tartalmak megjelen\u00edt\u00e9s\u00e9hez regisztr\u00e1ci\u00f3 sz\u00fcks\u00e9ges. A T\u00e1rsas\u00e1ghoz val\u00f3 csatlakoz\u00e1si ig\u00e9ny\u00e9t jelezheti b\u00e1rmelyik kapcsolati form\u00e1ban: Telefon, E-Mail. Koll\u00e9g\u00e1nk k\u00e9szs\u00e9ggel \u00e1ll rendelkez\u00e9s\u00fckre.[\/vc_column_text][vc_btn title=&#8221;Tov\u00e1bb Olvasom&#8230;&#8221; style=&#8221;outline&#8221; shape=&#8221;round&#8221; color=&#8221;inverse&#8221; size=&#8221;lg&#8221; align=&#8221;center&#8221; css_animation=&#8221;fadeInUp&#8221; css=&#8221;.vc_custom_1654258571708{margin-top: 15px !important;}&#8221;][\/vc_column_inner][\/vc_row_inner][vc_row_inner][vc_column_inner][vc_column_text]<\/p>\n<h2 class=\"ot_custom_heading \" style=\"text-align: center;\">MKET KONFERENCIA 2026<\/h2>\n<p>[\/vc_column_text][vc_single_image image=&#8221;9124&#8243; img_size=&#8221;large&#8221; alignment=&#8221;center&#8221; css=&#8221;.vc_custom_1770815930902{margin-top: 32px !important;margin-bottom: 32px !important;}&#8221;][vc_column_text css=&#8221;.vc_custom_1770815811663{margin-top: 50px !important;}&#8221;]<\/p>\n<p style=\"text-align: center;\"><strong>A Magyar Kapcsolt Energia Ta\u0301rsasa\u0301g (MKET) 2026-ban u\u0308nnepli fenna\u0301lla\u0301sa\u0301nak 30. jubileuma\u0301t.<br \/>\n<\/strong><br \/>\nAz elmu\u0301lt ha\u0301rom e\u0301vtized sora\u0301n mindig rugalmasan reaga\u0301ltunk az energetikai szektor kihi\u0301va\u0301saira, e\u0301s ezt az o\u0308ro\u0308kse\u0301get tova\u0301bbra is folytatjuk. Erre a jeles e\u0301vfordulo\u0301ra egy szakmai konferencia keretein belu\u0308l is meg fogunk emle\u0301kezni 2026. ma\u0301rcius 10-12. ko\u0308zo\u0308tt, a Ma\u0301traha\u0301za\u0301n tala\u0301lhato\u0301 Hotel O\u0301zon sza\u0301lloda\u0301ban.<\/p>\n<p>[\/vc_column_text][vc_btn title=&#8221;Tov\u00e1bbi inform\u00e1ci\u00f3k az esem\u00e9nyr\u0151l&#8221; style=&#8221;outline&#8221; shape=&#8221;round&#8221; color=&#8221;black&#8221; size=&#8221;lg&#8221; align=&#8221;center&#8221; link=&#8221;url:https%3A%2F%2Fmket.hu%2Findex.php%2Fesemenyek%2F|title:Esem%C3%A9nyek&#8221; css=&#8221;.vc_custom_1770816076881{margin-top: 32px !important;}&#8221;][\/vc_column_inner][\/vc_row_inner][\/vc_column][\/vc_row][vc_row css=&#8221;.vc_custom_1632386899557{margin-top: 30px !important;}&#8221;][vc_column width=&#8221;2\/3&#8243;][vc_gmaps link=&#8221;#E-8_JTNDaWZyYW1lJTIwc3JjJTNEJTIyaHR0cHMlM0ElMkYlMkZ3d3cuZ29vZ2xlLmNvbSUyRm1hcHMlMkZlbWJlZCUzRnBiJTNEJTIxMW0xOCUyMTFtMTIlMjExbTMlMjExZDI2OTQuMzE1MTMxNzc4NjA0JTIxMmQxOS4wNjM0NDQxMTU2Mjc1OTclMjEzZDQ3LjUyMjcyNzQ3OTE3OTE0NiUyMTJtMyUyMTFmMCUyMTJmMCUyMTNmMCUyMTNtMiUyMTFpMTAyNCUyMTJpNzY4JTIxNGYxMy4xJTIxM20zJTIxMW0yJTIxMXMweDQ3NDFkYmYzNjg5YTRiZjElMjUzQTB4ZGEwNTE5NDU5NzBiY2Q5MiUyMTJ6UW5Wa1lYQmxjM1FzSUVURHMzcHpZU0JIZWNPMmNtZDVJTU82ZENBeE5UQXNJREV4TXpRJTIxNWUwJTIxM20yJTIxMXNodSUyMTJzaHUlMjE0djE2MzIzODY4MTU2MzIlMjE1bTIlMjExc2h1JTIxMnNodSUyMiUyMHdpZHRoJTNEJTIyNjAwJTIyJTIwaGVpZ2h0JTNEJTIyNDUwJTIyJTIwZnJhbWVib3JkZXIlM0QlMjIwJTIyJTIwc3R5bGUlM0QlMjJib3JkZXIlM0EwJTIyJTIwYWxsb3dmdWxsc2NyZWVuJTNFJTNDJTJGaWZyYW1lJTNF&#8221;][\/vc_column][vc_column width=&#8221;1\/3&#8243;]\n<div class=\"wpcf7 no-js\" id=\"wpcf7-f8493-o1\" lang=\"hu-HU\" dir=\"ltr\" data-wpcf7-id=\"8493\">\n<div class=\"screen-reader-response\"><p role=\"status\" aria-live=\"polite\" aria-atomic=\"true\"><\/p> <ul><\/ul><\/div>\n<form action=\"\/index.php\/wp-json\/wp\/v2\/pages\/2346#wpcf7-f8493-o1\" method=\"post\" class=\"wpcf7-form init\" aria-label=\"Kapcsolatfelv\u00e9teli \u0171rlap\" novalidate=\"novalidate\" data-status=\"init\">\n<fieldset class=\"hidden-fields-container\"><input type=\"hidden\" name=\"_wpcf7\" value=\"8493\" \/><input type=\"hidden\" name=\"_wpcf7_version\" value=\"6.1.5\" \/><input type=\"hidden\" name=\"_wpcf7_locale\" value=\"hu_HU\" \/><input type=\"hidden\" name=\"_wpcf7_unit_tag\" value=\"wpcf7-f8493-o1\" \/><input type=\"hidden\" name=\"_wpcf7_container_post\" value=\"0\" \/><input type=\"hidden\" name=\"_wpcf7_posted_data_hash\" value=\"\" \/>\n<\/fieldset>\n<p><label> N\u00e9v<br \/>\n<span class=\"wpcf7-form-control-wrap\" data-name=\"your-name\"><input size=\"40\" maxlength=\"400\" class=\"wpcf7-form-control wpcf7-text wpcf7-validates-as-required\" aria-required=\"true\" aria-invalid=\"false\" value=\"\" type=\"text\" name=\"your-name\" \/><\/span> <\/label>\n<\/p>\n<p><label> E-mail c\u00edm<br \/>\n<span class=\"wpcf7-form-control-wrap\" data-name=\"your-email\"><input size=\"40\" maxlength=\"400\" class=\"wpcf7-form-control wpcf7-email wpcf7-validates-as-required wpcf7-text wpcf7-validates-as-email\" aria-required=\"true\" aria-invalid=\"false\" value=\"\" type=\"email\" name=\"your-email\" \/><\/span> <\/label>\n<\/p>\n<p><label> T\u00e1rgy<br \/>\n<span class=\"wpcf7-form-control-wrap\" data-name=\"your-subject\"><input size=\"40\" maxlength=\"400\" class=\"wpcf7-form-control wpcf7-text wpcf7-validates-as-required\" aria-required=\"true\" aria-invalid=\"false\" value=\"\" type=\"text\" name=\"your-subject\" \/><\/span> <\/label>\n<\/p>\n<p><label> \u00dczenet (nem k\u00f6telez\u0151)<br \/>\n<span class=\"wpcf7-form-control-wrap\" data-name=\"your-message\"><textarea cols=\"40\" rows=\"10\" maxlength=\"2000\" class=\"wpcf7-form-control wpcf7-textarea\" aria-invalid=\"false\" name=\"your-message\"><\/textarea><\/span> <\/label>\n<\/p>\n<p><input class=\"wpcf7-form-control wpcf7-submit has-spinner\" type=\"submit\" value=\"Bek\u00fcld\u00e9s\" \/>\n<\/p><p style=\"display: none !important;\" class=\"akismet-fields-container\" data-prefix=\"_wpcf7_ak_\"><label>&#916;<textarea name=\"_wpcf7_ak_hp_textarea\" cols=\"45\" rows=\"8\" maxlength=\"100\"><\/textarea><\/label><input type=\"hidden\" id=\"ak_js_1\" name=\"_wpcf7_ak_js\" value=\"35\"\/><script type=\"text\/javascript\">\n\/* <![CDATA[ *\/\ndocument.getElementById( \"ak_js_1\" ).setAttribute( \"value\", ( new Date() ).getTime() );\n\/* ]]> *\/\n<\/script>\n<\/p><div class=\"wpcf7-response-output\" aria-hidden=\"true\"><\/div>\n<\/form>\n<\/div>\n[\/vc_column][\/vc_row]<\/p>\n","protected":false},"excerpt":{"rendered":"<p>[vc_row][vc_column][\/vc_column][\/vc_row][vc_row][vc_column][vc_row_inner][vc_column_inner width=&#8221;1\/3&#8243;][vc_custom_heading text=&#8221;BEMUTATKOZIK A&#8221; font_container=&#8221;tag:h5|font_size:25px|text_align:left|color:rgba(52%2C73%2C94%2C0.7)|line_height:35px&#8221; google_fonts=&#8221;font_family:Ubuntu%3A300%2C300italic%2Cregular%2Citalic%2C500%2C500italic%2C700%2C700italic|font_style:700%20bold%20regular%3A700%3Anormal&#8221; css_animation=&#8221;fadeInRight&#8221;][vc_custom_heading text=&#8221;Magyar Kapcsolt Energia T\u00e1rsas\u00e1g&#8221; font_container=&#8221;tag:h2|font_size:40px|text_align:left|color:%2334495e|line_height:45px&#8221; google_fonts=&#8221;font_family:Ubuntu%3A300%2C300italic%2Cregular%2Citalic%2C500%2C500italic%2C700%2C700italic|font_style:700%20bold%20regular%3A700%3Anormal&#8221;][\/vc_column_inner][vc_column_inner width=&#8221;2\/3&#8243; css=&#8221;.vc_custom_1626767967879{margin-top: 15px !important;}&#8221;][vc_column_text]A Magyar Kapcsolt Energia T\u00e1rsas\u00e1g (MKET) 1996-ban alakult azzal a c\u00e9llal, hogy a hazai kapcsolt h\u0151- \u00e9s villamosenergia-termel\u00e9st szakmailag t\u00e1mogassa, emellett ell\u00e1ssa a kapcsolt energiatermel\u00e9sben \u00e9rdekelt jogi \u00e9s mag\u00e1nszem\u00e9lyek szakmai \u00e9rdekk\u00e9pviselet\u00e9t, tov\u00e1bb\u00e1 tudom\u00e1nyos \u00e9s oktat\u00e1si tev\u00e9kenys\u00e9g\u00e9vel terjessze, n\u00e9pszer\u0171s\u00edtse a [&hellip;]<\/p>\n","protected":false},"author":1,"featured_media":0,"parent":0,"menu_order":0,"comment_status":"closed","ping_status":"closed","template":"","meta":{"footnotes":""},"class_list":["post-2346","page","type-page","status-publish","hentry"],"featured_image_urls":{"full":"","thumbnail":"","medium":"","medium_large":"","large":"","mt_1250x700":"","mt_320x480":"","mt_900x550":"","1536x1536":"","2048x2048":"","yankeewp_related_post_pic500x300":"","yankeewp_post_pic700x450":"","yankeewp_post_widget_pic100x100":"","yankeewp_530x600":"","yankeewp_1150x400":"","yankeewp_1420x140":"","yankeewp_testimonials_150x150":"","yankeewp_clients_160x90":"","yankeewp_portfolio01_390x275":"","yankeewp_blogpost01_1420x170":"","yankeewp_about_625x415":"","yankeewp_testimonials02_250x530":""},"post_excerpt_stackable":"<p>[vc_row][vc_column][\/vc_column][\/vc_row][vc_row][vc_column][vc_row_inner][vc_column_inner width=&#8221;1\/3&#8243;][vc_custom_heading text=&#8221;BEMUTATKOZIK A&#8221; font_container=&#8221;tag:h5|font_size:25px|text_align:left|color:rgba(52%2C73%2C94%2C0.7)|line_height:35px&#8221; google_fonts=&#8221;font_family:Ubuntu%3A300%2C300italic%2Cregular%2Citalic%2C500%2C500italic%2C700%2C700italic|font_style:700%20bold%20regular%3A700%3Anormal&#8221; css_animation=&#8221;fadeInRight&#8221;][vc_custom_heading text=&#8221;Magyar Kapcsolt Energia T\u00e1rsas\u00e1g&#8221; font_container=&#8221;tag:h2|font_size:40px|text_align:left|color:%2334495e|line_height:45px&#8221; google_fonts=&#8221;font_family:Ubuntu%3A300%2C300italic%2Cregular%2Citalic%2C500%2C500italic%2C700%2C700italic|font_style:700%20bold%20regular%3A700%3Anormal&#8221;][\/vc_column_inner][vc_column_inner width=&#8221;2\/3&#8243; css=&#8221;.vc_custom_1626767967879{margin-top: 15px !important;}&#8221;][vc_column_text]A Magyar Kapcsolt Energia T\u00e1rsas\u00e1g (MKET) 1996-ban alakult azzal a c\u00e9llal, hogy a hazai kapcsolt h\u0151- \u00e9s villamosenergia-termel\u00e9st szakmailag t\u00e1mogassa, emellett ell\u00e1ssa a kapcsolt energiatermel\u00e9sben \u00e9rdekelt jogi \u00e9s mag\u00e1nszem\u00e9lyek szakmai \u00e9rdekk\u00e9pviselet\u00e9t, tov\u00e1bb\u00e1 tudom\u00e1nyos \u00e9s oktat\u00e1si tev\u00e9kenys\u00e9g\u00e9vel terjessze, n\u00e9pszer\u0171s\u00edtse a kapcsolt energiatermel\u00e9ssel \u00f6sszef\u00fcgg\u0151 ismereteket, technol\u00f3gi\u00e1kat.[\/vc_column_text][\/vc_column_inner][\/vc_row_inner][vc_row_inner][vc_column_inner][vc_column_text] MIVEL FOGLALKOZUNK? [\/vc_column_text][\/vc_column_inner][\/vc_row_inner][vc_row_inner][vc_column_inner width=&#8221;1\/3&#8243;][vc_column_text][\/vc_column_text][vc_custom_heading text=&#8221;K\u00fcldet\u00e9s&#8221; font_container=&#8221;tag:h3|font_size:25px|text_align:center|color:%2334495e|line_height:48px&#8221; google_fonts=&#8221;font_family:Ubuntu%3A300%2C300italic%2Cregular%2Citalic%2C500%2C500italic%2C700%2C700italic|font_style:700%20bold%20regular%3A700%3Anormal&#8221;][vc_column_text] A Magyar Kapcsolt Energia T\u00e1rsas\u00e1g (MKET) 1996-ban alakult azzal a c\u00e9llal, hogy a hazai kapcsolt h\u0151- \u00e9s villamosenergia-termel\u00e9st szakmailag t\u00e1mogassa, emellett ell\u00e1ssa a kapcsolt energiatermel\u00e9sben \u00e9rdekelt jogi \u00e9s mag\u00e1nszem\u00e9lyek szakmai \u00e9rdekk\u00e9pviselet\u00e9t, tov\u00e1bb\u00e1 tudom\u00e1nyos&hellip;<\/p>\n","category_list":"","author_info":{"name":"admin","url":"https:\/\/mket.hu\/index.php\/author\/admin\/"},"comments_num":"0 comments","yoast_head":"<!-- This site is optimized with the Yoast SEO plugin v22.0 - https:\/\/yoast.com\/wordpress\/plugins\/seo\/ -->\n<title>Kezd\u0151lap - MKET<\/title>\n<meta name=\"robots\" content=\"index, follow, max-snippet:-1, max-image-preview:large, max-video-preview:-1\" \/>\n<link rel=\"canonical\" href=\"https:\/\/mket.hu\/\" \/>\n<meta property=\"og:locale\" content=\"hu_HU\" \/>\n<meta property=\"og:type\" content=\"article\" \/>\n<meta property=\"og:title\" content=\"Kezd\u0151lap - MKET\" \/>\n<meta property=\"og:description\" content=\"[vc_row][vc_column][\/vc_column][\/vc_row][vc_row][vc_column][vc_row_inner][vc_column_inner width=&#8221;1\/3&#8243;][vc_custom_heading text=&#8221;BEMUTATKOZIK A&#8221; font_container=&#8221;tag:h5|font_size:25px|text_align:left|color:rgba(52%2C73%2C94%2C0.7)|line_height:35px&#8221; google_fonts=&#8221;font_family:Ubuntu%3A300%2C300italic%2Cregular%2Citalic%2C500%2C500italic%2C700%2C700italic|font_style:700%20bold%20regular%3A700%3Anormal&#8221; css_animation=&#8221;fadeInRight&#8221;][vc_custom_heading text=&#8221;Magyar Kapcsolt Energia T\u00e1rsas\u00e1g&#8221; font_container=&#8221;tag:h2|font_size:40px|text_align:left|color:%2334495e|line_height:45px&#8221; google_fonts=&#8221;font_family:Ubuntu%3A300%2C300italic%2Cregular%2Citalic%2C500%2C500italic%2C700%2C700italic|font_style:700%20bold%20regular%3A700%3Anormal&#8221;][\/vc_column_inner][vc_column_inner width=&#8221;2\/3&#8243; css=&#8221;.vc_custom_1626767967879{margin-top: 15px !important;}&#8221;][vc_column_text]A Magyar Kapcsolt Energia T\u00e1rsas\u00e1g (MKET) 1996-ban alakult azzal a c\u00e9llal, hogy a hazai kapcsolt h\u0151- \u00e9s villamosenergia-termel\u00e9st szakmailag t\u00e1mogassa, emellett ell\u00e1ssa a kapcsolt energiatermel\u00e9sben \u00e9rdekelt jogi \u00e9s mag\u00e1nszem\u00e9lyek szakmai \u00e9rdekk\u00e9pviselet\u00e9t, tov\u00e1bb\u00e1 tudom\u00e1nyos \u00e9s oktat\u00e1si tev\u00e9kenys\u00e9g\u00e9vel terjessze, n\u00e9pszer\u0171s\u00edtse a [&hellip;]\" \/>\n<meta property=\"og:url\" content=\"https:\/\/mket.hu\/\" \/>\n<meta property=\"og:site_name\" content=\"MKET\" \/>\n<meta property=\"article:modified_time\" content=\"2026-02-11T13:21:18+00:00\" \/>\n<meta property=\"og:image\" content=\"http:\/\/mket.hu\/wp-content\/uploads\/2021\/07\/admin-ajax.png\" \/>\n<meta name=\"twitter:card\" content=\"summary_large_image\" \/>\n<meta name=\"twitter:label1\" content=\"Becs\u00fclt olvas\u00e1si id\u0151\" \/>\n\t<meta name=\"twitter:data1\" content=\"3 perc\" \/>\n<script type=\"application\/ld+json\" class=\"yoast-schema-graph\">{\"@context\":\"https:\/\/schema.org\",\"@graph\":[{\"@type\":\"WebPage\",\"@id\":\"https:\/\/mket.hu\/\",\"url\":\"https:\/\/mket.hu\/\",\"name\":\"Kezd\u0151lap - MKET\",\"isPartOf\":{\"@id\":\"https:\/\/mket.hu\/#website\"},\"datePublished\":\"2016-03-22T13:49:34+00:00\",\"dateModified\":\"2026-02-11T13:21:18+00:00\",\"breadcrumb\":{\"@id\":\"https:\/\/mket.hu\/#breadcrumb\"},\"inLanguage\":\"hu\",\"potentialAction\":[{\"@type\":\"ReadAction\",\"target\":[\"https:\/\/mket.hu\/\"]}]},{\"@type\":\"BreadcrumbList\",\"@id\":\"https:\/\/mket.hu\/#breadcrumb\",\"itemListElement\":[{\"@type\":\"ListItem\",\"position\":1,\"name\":\"Kezd\u0151lap\",\"item\":\"https:\/\/mket.hu\/\"},{\"@type\":\"ListItem\",\"position\":2,\"name\":\"Kezd\u0151lap\"}]},{\"@type\":\"WebSite\",\"@id\":\"https:\/\/mket.hu\/#website\",\"url\":\"https:\/\/mket.hu\/\",\"name\":\"MKET\",\"description\":\"Magyar Kapcsolt Energia T\u00e1rsas\u00e1g\",\"potentialAction\":[{\"@type\":\"SearchAction\",\"target\":{\"@type\":\"EntryPoint\",\"urlTemplate\":\"https:\/\/mket.hu\/?s={search_term_string}\"},\"query-input\":\"required name=search_term_string\"}],\"inLanguage\":\"hu\"}]}<\/script>\n<!-- \/ Yoast SEO plugin. -->","yoast_head_json":{"title":"Kezd\u0151lap - MKET","robots":{"index":"index","follow":"follow","max-snippet":"max-snippet:-1","max-image-preview":"max-image-preview:large","max-video-preview":"max-video-preview:-1"},"canonical":"https:\/\/mket.hu\/","og_locale":"hu_HU","og_type":"article","og_title":"Kezd\u0151lap - MKET","og_description":"[vc_row][vc_column][\/vc_column][\/vc_row][vc_row][vc_column][vc_row_inner][vc_column_inner width=&#8221;1\/3&#8243;][vc_custom_heading text=&#8221;BEMUTATKOZIK A&#8221; font_container=&#8221;tag:h5|font_size:25px|text_align:left|color:rgba(52%2C73%2C94%2C0.7)|line_height:35px&#8221; google_fonts=&#8221;font_family:Ubuntu%3A300%2C300italic%2Cregular%2Citalic%2C500%2C500italic%2C700%2C700italic|font_style:700%20bold%20regular%3A700%3Anormal&#8221; css_animation=&#8221;fadeInRight&#8221;][vc_custom_heading text=&#8221;Magyar Kapcsolt Energia T\u00e1rsas\u00e1g&#8221; font_container=&#8221;tag:h2|font_size:40px|text_align:left|color:%2334495e|line_height:45px&#8221; google_fonts=&#8221;font_family:Ubuntu%3A300%2C300italic%2Cregular%2Citalic%2C500%2C500italic%2C700%2C700italic|font_style:700%20bold%20regular%3A700%3Anormal&#8221;][\/vc_column_inner][vc_column_inner width=&#8221;2\/3&#8243; css=&#8221;.vc_custom_1626767967879{margin-top: 15px !important;}&#8221;][vc_column_text]A Magyar Kapcsolt Energia T\u00e1rsas\u00e1g (MKET) 1996-ban alakult azzal a c\u00e9llal, hogy a hazai kapcsolt h\u0151- \u00e9s villamosenergia-termel\u00e9st szakmailag t\u00e1mogassa, emellett ell\u00e1ssa a kapcsolt energiatermel\u00e9sben \u00e9rdekelt jogi \u00e9s mag\u00e1nszem\u00e9lyek szakmai \u00e9rdekk\u00e9pviselet\u00e9t, tov\u00e1bb\u00e1 tudom\u00e1nyos \u00e9s oktat\u00e1si tev\u00e9kenys\u00e9g\u00e9vel terjessze, n\u00e9pszer\u0171s\u00edtse a [&hellip;]","og_url":"https:\/\/mket.hu\/","og_site_name":"MKET","article_modified_time":"2026-02-11T13:21:18+00:00","og_image":[{"url":"http:\/\/mket.hu\/wp-content\/uploads\/2021\/07\/admin-ajax.png"}],"twitter_card":"summary_large_image","twitter_misc":{"Becs\u00fclt olvas\u00e1si id\u0151":"3 perc"},"schema":{"@context":"https:\/\/schema.org","@graph":[{"@type":"WebPage","@id":"https:\/\/mket.hu\/","url":"https:\/\/mket.hu\/","name":"Kezd\u0151lap - MKET","isPartOf":{"@id":"https:\/\/mket.hu\/#website"},"datePublished":"2016-03-22T13:49:34+00:00","dateModified":"2026-02-11T13:21:18+00:00","breadcrumb":{"@id":"https:\/\/mket.hu\/#breadcrumb"},"inLanguage":"hu","potentialAction":[{"@type":"ReadAction","target":["https:\/\/mket.hu\/"]}]},{"@type":"BreadcrumbList","@id":"https:\/\/mket.hu\/#breadcrumb","itemListElement":[{"@type":"ListItem","position":1,"name":"Kezd\u0151lap","item":"https:\/\/mket.hu\/"},{"@type":"ListItem","position":2,"name":"Kezd\u0151lap"}]},{"@type":"WebSite","@id":"https:\/\/mket.hu\/#website","url":"https:\/\/mket.hu\/","name":"MKET","description":"Magyar Kapcsolt Energia T\u00e1rsas\u00e1g","potentialAction":[{"@type":"SearchAction","target":{"@type":"EntryPoint","urlTemplate":"https:\/\/mket.hu\/?s={search_term_string}"},"query-input":"required name=search_term_string"}],"inLanguage":"hu"}]}},"_links":{"self":[{"href":"https:\/\/mket.hu\/index.php\/wp-json\/wp\/v2\/pages\/2346","targetHints":{"allow":["GET"]}}],"collection":[{"href":"https:\/\/mket.hu\/index.php\/wp-json\/wp\/v2\/pages"}],"about":[{"href":"https:\/\/mket.hu\/index.php\/wp-json\/wp\/v2\/types\/page"}],"author":[{"embeddable":true,"href":"https:\/\/mket.hu\/index.php\/wp-json\/wp\/v2\/users\/1"}],"replies":[{"embeddable":true,"href":"https:\/\/mket.hu\/index.php\/wp-json\/wp\/v2\/comments?post=2346"}],"version-history":[{"count":47,"href":"https:\/\/mket.hu\/index.php\/wp-json\/wp\/v2\/pages\/2346\/revisions"}],"predecessor-version":[{"id":9182,"href":"https:\/\/mket.hu\/index.php\/wp-json\/wp\/v2\/pages\/2346\/revisions\/9182"}],"wp:attachment":[{"href":"https:\/\/mket.hu\/index.php\/wp-json\/wp\/v2\/media?parent=2346"}],"curies":[{"name":"wp","href":"https:\/\/api.w.org\/{rel}","templated":true}]}}