{"id":6767,"date":"2017-03-16T08:20:40","date_gmt":"2017-03-16T08:20:40","guid":{"rendered":"http:\/\/yankee.modeltheme.com\/?page_id=6767"},"modified":"2021-07-20T07:49:33","modified_gmt":"2021-07-20T07:49:33","slug":"consulting-home","status":"publish","type":"page","link":"https:\/\/mket.hu\/index.php\/mket-_-kezdolap\/consulting-home\/","title":{"rendered":"Consulting Home"},"content":{"rendered":"<p>[vc_row full_width=&#8221;stretch_row&#8221; css=&#8221;.vc_custom_1492164100823{margin-bottom: 0px !important;padding-top: 90px !important;padding-bottom: 0px !important;background-color: #f8f6f9 !important;}&#8221; el_class=&#8221;about-us-home2-total&#8221;][vc_column css=&#8221;.vc_custom_1492164079150{padding-top: 0px !important;}&#8221;][vc_row_inner css=&#8221;.vc_custom_1491912234473{margin-bottom: 40px !important;}&#8221;][vc_column_inner width=&#8221;1\/3&#8243;][vc_custom_heading text=&#8221;BEMUTATKOZIK A &#8221; font_container=&#8221;tag:h5|font_size:25px|text_align:left|color:rgba(52%2C73%2C94%2C0.7)|line_height:35px&#8221; google_fonts=&#8221;font_family:Ubuntu%3A300%2C300italic%2Cregular%2Citalic%2C500%2C500italic%2C700%2C700italic|font_style:700%20bold%20regular%3A700%3Anormal&#8221; css_animation=&#8221;fadeInLeft&#8221;][vc_custom_heading text=&#8221;Magyar Kapcsolt Energia T\u00e1rsas\u00e1g &#8221; font_container=&#8221;tag:h2|font_size:40px|text_align:left|color:%2334495e|line_height:45px&#8221; google_fonts=&#8221;font_family:Ubuntu%3A300%2C300italic%2Cregular%2Citalic%2C500%2C500italic%2C700%2C700italic|font_style:700%20bold%20regular%3A700%3Anormal&#8221; css_animation=&#8221;fadeInLeft&#8221;][\/vc_column_inner][vc_column_inner width=&#8221;2\/3&#8243;][vc_column_text css_animation=&#8221;fadeInRight&#8221; el_class=&#8221;about-me-home2&#8243; css=&#8221;.vc_custom_1626767233655{margin-top: 15px !important;}&#8221;]<strong>A Magyar Kapcsolt Energia T\u00e1rsas\u00e1g (MKET)<\/strong> 1996-ban alakult azzal a c\u00e9llal, hogy a hazai kapcsolt h\u0151- \u00e9s villamosenergia-termel\u00e9st szakmailag t\u00e1mogassa, emellett ell\u00e1ssa a kapcsolt energiatermel\u00e9sben \u00e9rdekelt jogi \u00e9s mag\u00e1nszem\u00e9lyek szakmai \u00e9rdekk\u00e9pviselet\u00e9t, tov\u00e1bb\u00e1 tudom\u00e1nyos \u00e9s oktat\u00e1si tev\u00e9kenys\u00e9g\u00e9vel terjessze, n\u00e9pszer\u0171s\u00edtse a kapcsolt energiatermel\u00e9ssel \u00f6sszef\u00fcgg\u0151 ismereteket, technol\u00f3gi\u00e1kat.[\/vc_column_text][\/vc_column_inner][\/vc_row_inner][vc_row_inner css=&#8221;.vc_custom_1492164262078{margin-bottom: 0px !important;}&#8221;][vc_column_inner][vc_column_text css_animation=&#8221;appear&#8221; css=&#8221;.vc_custom_1626767191703{border-bottom-width: 2px !important;padding-bottom: 90px !important;border-bottom-color: #e9e9e9 !important;}&#8221;]A t\u00e1rsas\u00e1g teljesen ny\u00edlt, b\u00e1rmely jogi, vagy term\u00e9szetes szem\u00e9ly tagja lehet, aki az\u00a0alapszab\u00e1lyt\u00a0elfogadja. A Magyar Kapcsolt Energia T\u00e1rsas\u00e1gnak 36 jogi szem\u00e9ly \u00e9s 34 mag\u00e1nszem\u00e9ly tagja van. A t\u00e1rsas\u00e1g tags\u00e1g\u00e1t \u00e9s szakmai s\u00faly\u00e1t tekintve az egyik legjelent\u0151sebb szakmai szervez\u0151d\u00e9s az energetika, a villamosenergia- \u00e9s h\u0151termel\u00e9s ter\u00fclet\u00e9n. A Magyar Kapcsolt Energia T\u00e1rsas\u00e1g tagjai sor\u00e1ban tudja a jelent\u0151s, villamos energi\u00e1t \u00e9s h\u0151t kapcsoltan termel\u0151 er\u0151m\u0171veket, az ipari, saj\u00e1t c\u00e9l\u00fa er\u0151m\u0171vek t\u00f6bbs\u00e9g\u00e9t, sz\u00e1mos h\u0151szolg\u00e1ltat\u00f3 er\u0151m\u0171vet, g\u00e1zmotoros l\u00e9tes\u00edtm\u00e9nyeket, valamint e ter\u00fcleten \u00e9rdekelt gy\u00e1rt\u00f3kat, \u00e1ram- \u00e9s g\u00e1zszolg\u00e1ltat\u00f3 t\u00e1rsas\u00e1gokat, tov\u00e1bb\u00e1 m\u00e9rn\u00f6kirod\u00e1kat \u00e9s biztos\u00edt\u00f3t\u00e1rsas\u00e1gokat.[\/vc_column_text][\/vc_column_inner][\/vc_row_inner][\/vc_column][\/vc_row][vc_row full_width=&#8221;stretch_row&#8221; css=&#8221;.vc_custom_1492164334325{margin-bottom: 0px !important;padding-top: 90px !important;padding-bottom: 90px !important;background-color: #f8f6f9 !important;}&#8221; el_class=&#8221;services-home2&#8243;][vc_column width=&#8221;1\/3&#8243; css=&#8221;.vc_custom_1492164203101{padding-top: 0px !important;}&#8221;][vc_column_text css_animation=&#8221;bottom-to-top&#8221;]<img loading=\"lazy\" decoding=\"async\" width=\"64\" height=\"64\" class=\"size-full wp-image-7207 aligncenter\" src=\"https:\/\/mket.hu\/wp-content\/uploads\/2017\/03\/iconita1-1.png\" alt=\"\" \/>[\/vc_column_text][vc_custom_heading text=&#8221;K\u00fcldet\u00e9s&#8221; font_container=&#8221;tag:h3|font_size:25px|text_align:center|color:%2334495e|line_height:48px&#8221; google_fonts=&#8221;font_family:Ubuntu%3A300%2C300italic%2Cregular%2Citalic%2C500%2C500italic%2C700%2C700italic|font_style:700%20bold%20regular%3A700%3Anormal&#8221; css_animation=&#8221;bottom-to-top&#8221; css=&#8221;.vc_custom_1614793766872{margin-top: 10px !important;}&#8221;][vc_column_text css_animation=&#8221;bottom-to-top&#8221;]<\/p>\n<p style=\"text-align: center;\">A Magyar Kapcsolt Energia T\u00e1rsas\u00e1g (MKET) 1996-ban alakult azzal a c\u00e9llal, hogy a hazai kapcsolt h\u0151- \u00e9s villamosenergia-termel\u00e9st szakmailag t\u00e1mogassa, emellett ell\u00e1ssa a kapcsolt energiatermel\u00e9sben \u00e9rdekelt jogi \u00e9s mag\u00e1nszem\u00e9lyek szakmai \u00e9rdekk\u00e9pviselet\u00e9t, tov\u00e1bb\u00e1 tudom\u00e1nyos \u00e9s oktat\u00e1si tev\u00e9kenys\u00e9g\u00e9vel terjessze, n\u00e9pszer\u0171s\u00edtse a kapcsolt energiatermel\u00e9ssel \u00f6sszef\u00fcgg\u0151 ismereteket, technol\u00f3gi\u00e1kat.<\/p>\n<p>[\/vc_column_text][vc_btn title=&#8221;Tov\u00e1bb Olvasom&#8230;&#8221; style=&#8221;outline&#8221; shape=&#8221;round&#8221; color=&#8221;black&#8221; size=&#8221;lg&#8221; align=&#8221;center&#8221; css_animation=&#8221;fadeInUpBig&#8221; link=&#8221;url:http%3A%2F%2Fmket.hu%2Findex.php%2Fkuldetes%2F|title:K%C3%BCldet%C3%A9s&#8221; css=&#8221;.vc_custom_1617699683551{padding-top: 25px !important;}&#8221;][\/vc_column][vc_column width=&#8221;1\/3&#8243; css=&#8221;.vc_custom_1492164208902{padding-top: 0px !important;}&#8221;][vc_column_text css_animation=&#8221;bottom-to-top&#8221;]<img loading=\"lazy\" decoding=\"async\" width=\"64\" height=\"64\" class=\"size-full wp-image-7199 aligncenter\" src=\"https:\/\/mket.hu\/wp-content\/uploads\/2017\/03\/iconita2.png\" alt=\"\" \/>[\/vc_column_text][vc_custom_heading text=&#8221;Munkabizotts\u00e1gok&#8221; font_container=&#8221;tag:h3|font_size:25px|text_align:center|color:%2334495e|line_height:48px&#8221; google_fonts=&#8221;font_family:Ubuntu%3A300%2C300italic%2Cregular%2Citalic%2C500%2C500italic%2C700%2C700italic|font_style:700%20bold%20regular%3A700%3Anormal&#8221; css_animation=&#8221;bottom-to-top&#8221; css=&#8221;.vc_custom_1614793782499{margin-top: 10px !important;}&#8221;][vc_column_text css_animation=&#8221;bottom-to-top&#8221;]<\/p>\n<p style=\"text-align: center;\">Az \u00e1lland\u00f3 munkabizotts\u00e1gokba a jogi szem\u00e9ly tagok k\u00e9pvisel\u0151ket deleg\u00e1lhatnak. Az egy\u00e9ni tagok szem\u00e9lyesen jelentkezhetnek a munkabizotts\u00e1gokba. Az egyes munkabizotts\u00e1gokat a munkabizotts\u00e1gi vezet\u0151k ir\u00e1ny\u00edtj\u00e1k, akiket a tagok maguk k\u00f6z\u00fcl \u2013 egyszer\u0171 sz\u00f3t\u00f6bbs\u00e9ggel \u2013 v\u00e1lasztanak meg. A munkabizotts\u00e1goknak k\u00fcls\u0151 tagjai is lehetnek. A T\u00e1rsas\u00e1g minden tagj\u00e1nak lehet\u0151s\u00e9ge van bizotts\u00e1gi munk\u00e1ban r\u00e9szt venni.<\/p>\n<p>[\/vc_column_text][vc_btn title=&#8221;Tov\u00e1bb Olvasom&#8230;&#8221; style=&#8221;outline&#8221; shape=&#8221;round&#8221; color=&#8221;black&#8221; size=&#8221;lg&#8221; align=&#8221;center&#8221; css=&#8221;.vc_custom_1626767304565{padding-top: 25px !important;}&#8221;][\/vc_column][vc_column width=&#8221;1\/3&#8243; css=&#8221;.vc_custom_1492164214550{padding-top: 0px !important;}&#8221;][vc_column_text css_animation=&#8221;bottom-to-top&#8221;]<img loading=\"lazy\" decoding=\"async\" width=\"64\" height=\"64\" class=\"size-full wp-image-7208 aligncenter\" src=\"https:\/\/mket.hu\/wp-content\/uploads\/2017\/03\/iconita3-1.png\" alt=\"\" \/>[\/vc_column_text][vc_custom_heading text=&#8221;Sajt\u00f3megjelen\u00e9sek&#8221; font_container=&#8221;tag:h3|font_size:25px|text_align:center|color:%2334495e|line_height:48px&#8221; google_fonts=&#8221;font_family:Ubuntu%3A300%2C300italic%2Cregular%2Citalic%2C500%2C500italic%2C700%2C700italic|font_style:700%20bold%20regular%3A700%3Anormal&#8221; css_animation=&#8221;bottom-to-top&#8221; css=&#8221;.vc_custom_1614793803968{margin-top: 10px !important;}&#8221;][vc_column_text css_animation=&#8221;bottom-to-top&#8221;]<\/p>\n<p style=\"text-align: center; color: #34495e; opacity: .7;\"><span style=\"color: #000000;\">A Magyar Kapcsolt Energia T\u00e1rsas\u00e1g (MKET) 1996-ban alakult azzal a c\u00e9llal, hogy a hazai kapcsolt h\u0151- \u00e9s villamosenergia-termel\u00e9st szakmailag t\u00e1mogassa, emellett ell\u00e1ssa a kapcsolt energiatermel\u00e9sben \u00e9rdekelt jogi \u00e9s mag\u00e1nszem\u00e9lyek szakmai \u00e9rdekk\u00e9pviselet\u00e9t, tov\u00e1bb\u00e1 tudom\u00e1nyos \u00e9s oktat\u00e1si tev\u00e9kenys\u00e9g\u00e9vel terjessze, n\u00e9pszer\u0171s\u00edtse a kapcsolt energiatermel\u00e9ssel \u00f6sszef\u00fcgg\u0151 ismereteket, technol\u00f3gi\u00e1kat.<\/span><\/p>\n<p>[\/vc_column_text][vc_btn title=&#8221;Tov\u00e1bb Olvasom&#8230;&#8221; style=&#8221;outline&#8221; shape=&#8221;round&#8221; color=&#8221;black&#8221; size=&#8221;lg&#8221; align=&#8221;center&#8221; css=&#8221;.vc_custom_1626767321597{padding-top: 25px !important;}&#8221;][\/vc_column][\/vc_row][vc_row full_width=&#8221;stretch_row_content_no_spaces&#8221; css_animation=&#8221;fadeIn&#8221; css=&#8221;.vc_custom_1491997354931{margin-bottom: 0px !important;padding-top: 0px !important;}&#8221;][vc_column css=&#8221;.vc_custom_1491918446096{padding-top: 0px !important;}&#8221;][vc_tta_tabs style=&#8221;modern&#8221; shape=&#8221;round&#8221; color=&#8221;green&#8221; tab_position=&#8221;bottom&#8221; alignment=&#8221;center&#8221; active_section=&#8221;1&#8243; pagination_style=&#8221;outline-round&#8221; pagination_color=&#8221;pink&#8221; css_animation=&#8221;bounceInLeft&#8221;][vc_tta_section title=&#8221;Laplapf\u00fcl 1&#8243; tab_id=&#8221;1617701540455-37dfdecf-165e&#8221;][\/vc_tta_section][vc_tta_section title=&#8221;Laplapf\u00fcl 2&#8243; tab_id=&#8221;1617701540455-15de902d-4fef&#8221;][\/vc_tta_section][\/vc_tta_tabs][vc_row_inner][vc_column_inner][vc_custom_heading font_container=&#8221;tag:h2|text_align:center&#8221;][vc_separator style=&#8221;dotted&#8221; border_width=&#8221;3&#8243;][vc_media_grid element_width=&#8221;3&#8243; item=&#8221;basicGrid_SlideFromLeft&#8221; grid_id=&#8221;vc_gid:1626767010285-2e6c50353a40500794014f855aecd67f-3&#8243; include=&#8221;7563,7538,7514,7313&#8243;][\/vc_column_inner][\/vc_row_inner][\/vc_column][\/vc_row][vc_row full_width=&#8221;stretch_row&#8221; css=&#8221;.vc_custom_1492165623460{margin-top: 0px !important;margin-bottom: 0px !important;padding-top: 0px !important;padding-bottom: 90px !important;background-color: #f8f6f9 !important;}&#8221;][vc_column css_animation=&#8221;fadeInLeft&#8221; width=&#8221;1\/3&#8243; el_class=&#8221;text-left&#8221; css=&#8221;.vc_custom_1491996848395{margin-top: 0px !important;padding-top: 0px !important;}&#8221;][\/vc_column][vc_column css_animation=&#8221;fadeInRight&#8221; width=&#8221;2\/3&#8243; css=&#8221;.vc_custom_1491996855610{margin-top: 0px !important;padding-top: 0px !important;}&#8221;][\/vc_column][\/vc_row]<\/p>\n","protected":false},"excerpt":{"rendered":"<p>[vc_row full_width=&#8221;stretch_row&#8221; css=&#8221;.vc_custom_1492164100823{margin-bottom: 0px !important;padding-top: 90px !important;padding-bottom: 0px !important;background-color: #f8f6f9 !important;}&#8221; el_class=&#8221;about-us-home2-total&#8221;][vc_column css=&#8221;.vc_custom_1492164079150{padding-top: 0px !important;}&#8221;][vc_row_inner css=&#8221;.vc_custom_1491912234473{margin-bottom: 40px !important;}&#8221;][vc_column_inner width=&#8221;1\/3&#8243;][vc_custom_heading text=&#8221;BEMUTATKOZIK A &#8221; font_container=&#8221;tag:h5|font_size:25px|text_align:left|color:rgba(52%2C73%2C94%2C0.7)|line_height:35px&#8221; google_fonts=&#8221;font_family:Ubuntu%3A300%2C300italic%2Cregular%2Citalic%2C500%2C500italic%2C700%2C700italic|font_style:700%20bold%20regular%3A700%3Anormal&#8221; css_animation=&#8221;fadeInLeft&#8221;][vc_custom_heading text=&#8221;Magyar Kapcsolt Energia T\u00e1rsas\u00e1g &#8221; font_container=&#8221;tag:h2|font_size:40px|text_align:left|color:%2334495e|line_height:45px&#8221; google_fonts=&#8221;font_family:Ubuntu%3A300%2C300italic%2Cregular%2Citalic%2C500%2C500italic%2C700%2C700italic|font_style:700%20bold%20regular%3A700%3Anormal&#8221; css_animation=&#8221;fadeInLeft&#8221;][\/vc_column_inner][vc_column_inner width=&#8221;2\/3&#8243;][vc_column_text css_animation=&#8221;fadeInRight&#8221; el_class=&#8221;about-me-home2&#8243; css=&#8221;.vc_custom_1626767233655{margin-top: 15px !important;}&#8221;]A Magyar Kapcsolt Energia T\u00e1rsas\u00e1g (MKET) 1996-ban alakult azzal a c\u00e9llal, hogy a hazai kapcsolt h\u0151- \u00e9s [&hellip;]<\/p>\n","protected":false},"author":1,"featured_media":0,"parent":2346,"menu_order":0,"comment_status":"closed","ping_status":"closed","template":"","meta":{"footnotes":""},"class_list":["post-6767","page","type-page","status-publish","hentry"],"featured_image_urls":{"full":"","thumbnail":"","medium":"","medium_large":"","large":"","mt_1250x700":"","mt_320x480":"","mt_900x550":"","1536x1536":"","2048x2048":"","yankeewp_related_post_pic500x300":"","yankeewp_post_pic700x450":"","yankeewp_post_widget_pic100x100":"","yankeewp_530x600":"","yankeewp_1150x400":"","yankeewp_1420x140":"","yankeewp_testimonials_150x150":"","yankeewp_clients_160x90":"","yankeewp_portfolio01_390x275":"","yankeewp_blogpost01_1420x170":"","yankeewp_about_625x415":"","yankeewp_testimonials02_250x530":""},"post_excerpt_stackable":"<p>[vc_row full_width=&#8221;stretch_row&#8221; css=&#8221;.vc_custom_1492164100823{margin-bottom: 0px !important;padding-top: 90px !important;padding-bottom: 0px !important;background-color: #f8f6f9 !important;}&#8221; el_class=&#8221;about-us-home2-total&#8221;][vc_column css=&#8221;.vc_custom_1492164079150{padding-top: 0px !important;}&#8221;][vc_row_inner css=&#8221;.vc_custom_1491912234473{margin-bottom: 40px !important;}&#8221;][vc_column_inner width=&#8221;1\/3&#8243;][vc_custom_heading text=&#8221;BEMUTATKOZIK A &#8221; font_container=&#8221;tag:h5|font_size:25px|text_align:left|color:rgba(52%2C73%2C94%2C0.7)|line_height:35px&#8221; google_fonts=&#8221;font_family:Ubuntu%3A300%2C300italic%2Cregular%2Citalic%2C500%2C500italic%2C700%2C700italic|font_style:700%20bold%20regular%3A700%3Anormal&#8221; css_animation=&#8221;fadeInLeft&#8221;][vc_custom_heading text=&#8221;Magyar Kapcsolt Energia T\u00e1rsas\u00e1g &#8221; font_container=&#8221;tag:h2|font_size:40px|text_align:left|color:%2334495e|line_height:45px&#8221; google_fonts=&#8221;font_family:Ubuntu%3A300%2C300italic%2Cregular%2Citalic%2C500%2C500italic%2C700%2C700italic|font_style:700%20bold%20regular%3A700%3Anormal&#8221; css_animation=&#8221;fadeInLeft&#8221;][\/vc_column_inner][vc_column_inner width=&#8221;2\/3&#8243;][vc_column_text css_animation=&#8221;fadeInRight&#8221; el_class=&#8221;about-me-home2&#8243; css=&#8221;.vc_custom_1626767233655{margin-top: 15px !important;}&#8221;]A Magyar Kapcsolt Energia T\u00e1rsas\u00e1g (MKET) 1996-ban alakult azzal a c\u00e9llal, hogy a hazai kapcsolt h\u0151- \u00e9s villamosenergia-termel\u00e9st szakmailag t\u00e1mogassa, emellett ell\u00e1ssa a kapcsolt energiatermel\u00e9sben \u00e9rdekelt jogi \u00e9s mag\u00e1nszem\u00e9lyek szakmai \u00e9rdekk\u00e9pviselet\u00e9t, tov\u00e1bb\u00e1 tudom\u00e1nyos \u00e9s oktat\u00e1si tev\u00e9kenys\u00e9g\u00e9vel terjessze, n\u00e9pszer\u0171s\u00edtse a kapcsolt energiatermel\u00e9ssel \u00f6sszef\u00fcgg\u0151 ismereteket, technol\u00f3gi\u00e1kat.[\/vc_column_text][\/vc_column_inner][\/vc_row_inner][vc_row_inner css=&#8221;.vc_custom_1492164262078{margin-bottom: 0px !important;}&#8221;][vc_column_inner][vc_column_text css_animation=&#8221;appear&#8221; css=&#8221;.vc_custom_1626767191703{border-bottom-width: 2px !important;padding-bottom: 90px !important;border-bottom-color: #e9e9e9 !important;}&#8221;]A t\u00e1rsas\u00e1g teljesen ny\u00edlt, b\u00e1rmely jogi, vagy term\u00e9szetes&hellip;<\/p>\n","category_list":"","author_info":{"name":"admin","url":"https:\/\/mket.hu\/index.php\/author\/admin\/"},"comments_num":"0 comments","yoast_head":"<!-- This site is optimized with the Yoast SEO plugin v22.0 - https:\/\/yoast.com\/wordpress\/plugins\/seo\/ -->\n<title>Consulting Home - MKET<\/title>\n<meta name=\"robots\" content=\"index, follow, max-snippet:-1, max-image-preview:large, max-video-preview:-1\" \/>\n<link rel=\"canonical\" href=\"https:\/\/mket.hu\/index.php\/mket-_-kezdolap\/consulting-home\/\" \/>\n<meta property=\"og:locale\" content=\"hu_HU\" \/>\n<meta property=\"og:type\" content=\"article\" \/>\n<meta property=\"og:title\" content=\"Consulting Home - MKET\" \/>\n<meta property=\"og:description\" content=\"[vc_row full_width=&#8221;stretch_row&#8221; css=&#8221;.vc_custom_1492164100823{margin-bottom: 0px !important;padding-top: 90px !important;padding-bottom: 0px !important;background-color: #f8f6f9 !important;}&#8221; el_class=&#8221;about-us-home2-total&#8221;][vc_column css=&#8221;.vc_custom_1492164079150{padding-top: 0px !important;}&#8221;][vc_row_inner css=&#8221;.vc_custom_1491912234473{margin-bottom: 40px !important;}&#8221;][vc_column_inner width=&#8221;1\/3&#8243;][vc_custom_heading text=&#8221;BEMUTATKOZIK A &#8221; font_container=&#8221;tag:h5|font_size:25px|text_align:left|color:rgba(52%2C73%2C94%2C0.7)|line_height:35px&#8221; google_fonts=&#8221;font_family:Ubuntu%3A300%2C300italic%2Cregular%2Citalic%2C500%2C500italic%2C700%2C700italic|font_style:700%20bold%20regular%3A700%3Anormal&#8221; css_animation=&#8221;fadeInLeft&#8221;][vc_custom_heading text=&#8221;Magyar Kapcsolt Energia T\u00e1rsas\u00e1g &#8221; font_container=&#8221;tag:h2|font_size:40px|text_align:left|color:%2334495e|line_height:45px&#8221; google_fonts=&#8221;font_family:Ubuntu%3A300%2C300italic%2Cregular%2Citalic%2C500%2C500italic%2C700%2C700italic|font_style:700%20bold%20regular%3A700%3Anormal&#8221; css_animation=&#8221;fadeInLeft&#8221;][\/vc_column_inner][vc_column_inner width=&#8221;2\/3&#8243;][vc_column_text css_animation=&#8221;fadeInRight&#8221; el_class=&#8221;about-me-home2&#8243; css=&#8221;.vc_custom_1626767233655{margin-top: 15px !important;}&#8221;]A Magyar Kapcsolt Energia T\u00e1rsas\u00e1g (MKET) 1996-ban alakult azzal a c\u00e9llal, hogy a hazai kapcsolt h\u0151- \u00e9s [&hellip;]\" \/>\n<meta property=\"og:url\" content=\"https:\/\/mket.hu\/index.php\/mket-_-kezdolap\/consulting-home\/\" \/>\n<meta property=\"og:site_name\" content=\"MKET\" \/>\n<meta property=\"article:modified_time\" content=\"2021-07-20T07:49:33+00:00\" \/>\n<meta property=\"og:image\" content=\"http:\/\/mket.hu\/wp-content\/uploads\/2017\/03\/iconita1-1.png\" \/>\n<meta name=\"twitter:card\" content=\"summary_large_image\" \/>\n<meta name=\"twitter:label1\" content=\"Becs\u00fclt olvas\u00e1si id\u0151\" \/>\n\t<meta name=\"twitter:data1\" content=\"6 perc\" \/>\n<script type=\"application\/ld+json\" class=\"yoast-schema-graph\">{\"@context\":\"https:\/\/schema.org\",\"@graph\":[{\"@type\":\"WebPage\",\"@id\":\"https:\/\/mket.hu\/index.php\/mket-_-kezdolap\/consulting-home\/\",\"url\":\"https:\/\/mket.hu\/index.php\/mket-_-kezdolap\/consulting-home\/\",\"name\":\"Consulting Home - MKET\",\"isPartOf\":{\"@id\":\"https:\/\/mket.hu\/#website\"},\"datePublished\":\"2017-03-16T08:20:40+00:00\",\"dateModified\":\"2021-07-20T07:49:33+00:00\",\"breadcrumb\":{\"@id\":\"https:\/\/mket.hu\/index.php\/mket-_-kezdolap\/consulting-home\/#breadcrumb\"},\"inLanguage\":\"hu\",\"potentialAction\":[{\"@type\":\"ReadAction\",\"target\":[\"https:\/\/mket.hu\/index.php\/mket-_-kezdolap\/consulting-home\/\"]}]},{\"@type\":\"BreadcrumbList\",\"@id\":\"https:\/\/mket.hu\/index.php\/mket-_-kezdolap\/consulting-home\/#breadcrumb\",\"itemListElement\":[{\"@type\":\"ListItem\",\"position\":1,\"name\":\"Kezd\u0151lap\",\"item\":\"https:\/\/mket.hu\/\"},{\"@type\":\"ListItem\",\"position\":2,\"name\":\"Kezd\u0151lap\",\"item\":\"https:\/\/mket.hu\/\"},{\"@type\":\"ListItem\",\"position\":3,\"name\":\"Consulting Home\"}]},{\"@type\":\"WebSite\",\"@id\":\"https:\/\/mket.hu\/#website\",\"url\":\"https:\/\/mket.hu\/\",\"name\":\"MKET\",\"description\":\"Magyar Kapcsolt Energia T\u00e1rsas\u00e1g\",\"potentialAction\":[{\"@type\":\"SearchAction\",\"target\":{\"@type\":\"EntryPoint\",\"urlTemplate\":\"https:\/\/mket.hu\/?s={search_term_string}\"},\"query-input\":\"required name=search_term_string\"}],\"inLanguage\":\"hu\"}]}<\/script>\n<!-- \/ Yoast SEO plugin. -->","yoast_head_json":{"title":"Consulting Home - MKET","robots":{"index":"index","follow":"follow","max-snippet":"max-snippet:-1","max-image-preview":"max-image-preview:large","max-video-preview":"max-video-preview:-1"},"canonical":"https:\/\/mket.hu\/index.php\/mket-_-kezdolap\/consulting-home\/","og_locale":"hu_HU","og_type":"article","og_title":"Consulting Home - MKET","og_description":"[vc_row full_width=&#8221;stretch_row&#8221; css=&#8221;.vc_custom_1492164100823{margin-bottom: 0px !important;padding-top: 90px !important;padding-bottom: 0px !important;background-color: #f8f6f9 !important;}&#8221; el_class=&#8221;about-us-home2-total&#8221;][vc_column css=&#8221;.vc_custom_1492164079150{padding-top: 0px !important;}&#8221;][vc_row_inner css=&#8221;.vc_custom_1491912234473{margin-bottom: 40px !important;}&#8221;][vc_column_inner width=&#8221;1\/3&#8243;][vc_custom_heading text=&#8221;BEMUTATKOZIK A &#8221; font_container=&#8221;tag:h5|font_size:25px|text_align:left|color:rgba(52%2C73%2C94%2C0.7)|line_height:35px&#8221; google_fonts=&#8221;font_family:Ubuntu%3A300%2C300italic%2Cregular%2Citalic%2C500%2C500italic%2C700%2C700italic|font_style:700%20bold%20regular%3A700%3Anormal&#8221; css_animation=&#8221;fadeInLeft&#8221;][vc_custom_heading text=&#8221;Magyar Kapcsolt Energia T\u00e1rsas\u00e1g &#8221; font_container=&#8221;tag:h2|font_size:40px|text_align:left|color:%2334495e|line_height:45px&#8221; google_fonts=&#8221;font_family:Ubuntu%3A300%2C300italic%2Cregular%2Citalic%2C500%2C500italic%2C700%2C700italic|font_style:700%20bold%20regular%3A700%3Anormal&#8221; css_animation=&#8221;fadeInLeft&#8221;][\/vc_column_inner][vc_column_inner width=&#8221;2\/3&#8243;][vc_column_text css_animation=&#8221;fadeInRight&#8221; el_class=&#8221;about-me-home2&#8243; css=&#8221;.vc_custom_1626767233655{margin-top: 15px !important;}&#8221;]A Magyar Kapcsolt Energia T\u00e1rsas\u00e1g (MKET) 1996-ban alakult azzal a c\u00e9llal, hogy a hazai kapcsolt h\u0151- \u00e9s [&hellip;]","og_url":"https:\/\/mket.hu\/index.php\/mket-_-kezdolap\/consulting-home\/","og_site_name":"MKET","article_modified_time":"2021-07-20T07:49:33+00:00","og_image":[{"url":"http:\/\/mket.hu\/wp-content\/uploads\/2017\/03\/iconita1-1.png"}],"twitter_card":"summary_large_image","twitter_misc":{"Becs\u00fclt olvas\u00e1si id\u0151":"6 perc"},"schema":{"@context":"https:\/\/schema.org","@graph":[{"@type":"WebPage","@id":"https:\/\/mket.hu\/index.php\/mket-_-kezdolap\/consulting-home\/","url":"https:\/\/mket.hu\/index.php\/mket-_-kezdolap\/consulting-home\/","name":"Consulting Home - MKET","isPartOf":{"@id":"https:\/\/mket.hu\/#website"},"datePublished":"2017-03-16T08:20:40+00:00","dateModified":"2021-07-20T07:49:33+00:00","breadcrumb":{"@id":"https:\/\/mket.hu\/index.php\/mket-_-kezdolap\/consulting-home\/#breadcrumb"},"inLanguage":"hu","potentialAction":[{"@type":"ReadAction","target":["https:\/\/mket.hu\/index.php\/mket-_-kezdolap\/consulting-home\/"]}]},{"@type":"BreadcrumbList","@id":"https:\/\/mket.hu\/index.php\/mket-_-kezdolap\/consulting-home\/#breadcrumb","itemListElement":[{"@type":"ListItem","position":1,"name":"Kezd\u0151lap","item":"https:\/\/mket.hu\/"},{"@type":"ListItem","position":2,"name":"Kezd\u0151lap","item":"https:\/\/mket.hu\/"},{"@type":"ListItem","position":3,"name":"Consulting Home"}]},{"@type":"WebSite","@id":"https:\/\/mket.hu\/#website","url":"https:\/\/mket.hu\/","name":"MKET","description":"Magyar Kapcsolt Energia T\u00e1rsas\u00e1g","potentialAction":[{"@type":"SearchAction","target":{"@type":"EntryPoint","urlTemplate":"https:\/\/mket.hu\/?s={search_term_string}"},"query-input":"required name=search_term_string"}],"inLanguage":"hu"}]}},"_links":{"self":[{"href":"https:\/\/mket.hu\/index.php\/wp-json\/wp\/v2\/pages\/6767","targetHints":{"allow":["GET"]}}],"collection":[{"href":"https:\/\/mket.hu\/index.php\/wp-json\/wp\/v2\/pages"}],"about":[{"href":"https:\/\/mket.hu\/index.php\/wp-json\/wp\/v2\/types\/page"}],"author":[{"embeddable":true,"href":"https:\/\/mket.hu\/index.php\/wp-json\/wp\/v2\/users\/1"}],"replies":[{"embeddable":true,"href":"https:\/\/mket.hu\/index.php\/wp-json\/wp\/v2\/comments?post=6767"}],"version-history":[{"count":13,"href":"https:\/\/mket.hu\/index.php\/wp-json\/wp\/v2\/pages\/6767\/revisions"}],"predecessor-version":[{"id":8520,"href":"https:\/\/mket.hu\/index.php\/wp-json\/wp\/v2\/pages\/6767\/revisions\/8520"}],"up":[{"embeddable":true,"href":"https:\/\/mket.hu\/index.php\/wp-json\/wp\/v2\/pages\/2346"}],"wp:attachment":[{"href":"https:\/\/mket.hu\/index.php\/wp-json\/wp\/v2\/media?parent=6767"}],"curies":[{"name":"wp","href":"https:\/\/api.w.org\/{rel}","templated":true}]}}