{"id":7338,"date":"2017-04-13T08:32:10","date_gmt":"2017-04-13T08:32:10","guid":{"rendered":"http:\/\/yankee.modeltheme.com\/?page_id=7338"},"modified":"2024-02-08T16:13:26","modified_gmt":"2024-02-08T16:13:26","slug":"about-us","status":"publish","type":"page","link":"https:\/\/mket.hu\/index.php\/about-us\/","title":{"rendered":"R\u00f3lunk"},"content":{"rendered":"<p>[vc_row full_width=&#8221;stretch_row&#8221; css=&#8221;.vc_custom_1616851281005{margin-top: 0px !important;margin-bottom: 0px !important;padding-top: 50px !important;padding-bottom: 0px !important;background-color: #f8f6f9 !important;}&#8221; el_class=&#8221;about-us-home3-total&#8221;][vc_column css_animation=&#8221;bounceIn&#8221;][vc_row_inner css=&#8221;.vc_custom_1491912234473{margin-bottom: 40px !important;}&#8221;][vc_column_inner width=&#8221;1\/3&#8243;][vc_custom_heading text=&#8221;R\u00f3lunk&#8221; font_container=&#8221;tag:h5|font_size:25px|text_align:left|color:rgba(52%2C73%2C94%2C0.7)|line_height:35px&#8221; google_fonts=&#8221;font_family:Ubuntu%3A300%2C300italic%2Cregular%2Citalic%2C500%2C500italic%2C700%2C700italic|font_style:700%20bold%20regular%3A700%3Anormal&#8221; css_animation=&#8221;fadeInLeft&#8221;][vc_custom_heading text=&#8221;Magyar Kapcsolt Energia T\u00e1rsas\u00e1g&#8221; font_container=&#8221;tag:h2|font_size:40px|text_align:left|color:%2334495e|line_height:45px&#8221; google_fonts=&#8221;font_family:Ubuntu%3A300%2C300italic%2Cregular%2Citalic%2C500%2C500italic%2C700%2C700italic|font_style:700%20bold%20regular%3A700%3Anormal&#8221; css_animation=&#8221;fadeInLeft&#8221;][\/vc_column_inner][vc_column_inner width=&#8221;2\/3&#8243; css=&#8221;.vc_custom_1657607573982{margin-top: 20px !important;}&#8221;][vc_column_text css_animation=&#8221;fadeInRight&#8221; el_class=&#8221;about-me-home2&#8243;]<span style=\"color: #34495e;\">\u00a0<strong>A Magyar Kapcsolt Energia T\u00e1rsas\u00e1g (MKET)<\/strong> 1996-ban alakult azzal a c\u00e9llal, hogy a hazai kapcsolt h\u0151- \u00e9s villamosenergia-termel\u00e9st <strong>szakmailag t\u00e1mogassa<\/strong>, emellett<strong> ell\u00e1ssa<\/strong> a kapcsolt energiatermel\u00e9sben <strong>\u00e9rdekelt jogi \u00e9s mag\u00e1nszem\u00e9lyek szakmai \u00e9rdekk\u00e9pviselet\u00e9t<\/strong>, tov\u00e1bb\u00e1 tudom\u00e1nyos \u00e9s oktat\u00e1si tev\u00e9kenys\u00e9g\u00e9vel terjessze, n\u00e9pszer\u0171s\u00edtse a kapcsolt energiatermel\u00e9ssel \u00f6sszef\u00fcgg\u0151 ismereteket, technol\u00f3gi\u00e1kat.<\/span>[\/vc_column_text][\/vc_column_inner][\/vc_row_inner][\/vc_column][\/vc_row][vc_row full_width=&#8221;stretch_row&#8221; content_placement=&#8221;middle&#8221; css=&#8221;.vc_custom_1492589717614{margin-bottom: 0px !important;padding-top: 0px !important;padding-bottom: 90px !important;background-color: #f8f6f9 !important;}&#8221;][vc_column css_animation=&#8221;fadeIn&#8221; width=&#8221;1\/4&#8243;][\/vc_column][vc_column css_animation=&#8221;fadeIn&#8221; width=&#8221;1\/4&#8243;][\/vc_column][vc_column css_animation=&#8221;fadeIn&#8221; width=&#8221;1\/4&#8243;][\/vc_column][vc_column css_animation=&#8221;fadeIn&#8221; width=&#8221;1\/4&#8243;][\/vc_column][\/vc_row][vc_row][vc_column][vc_single_image image=&#8221;8487&#8243; img_size=&#8221;full&#8221;][\/vc_column][\/vc_row][vc_row][vc_column][vc_column_text]<\/p>\n<p class=\"has-text-align-center\" style=\"text-align: center;\"><strong>2012:<\/strong>\u00a0Az MKET eln\u00f6k\u00e9v\u00e9 v\u00e1lasztj\u00e1k Rudolf Viktort, m\u00edg szakmai aleln\u00f6knek Papp Andr\u00e1st. Ugyanebben az \u00e9vben Dr. Kiss Csab\u00e1t bev\u00e1lasztj\u00e1k a Cogen Europe eln\u00f6ks\u00e9g\u00e9be.<\/p>\n<p class=\"has-text-align-center\" style=\"text-align: center;\"><strong>2014:<\/strong>\u00a0Mostant\u00f3l m\u00e1r az \u00e9v legjobb szab\u00e1lyoz\u00f3 k\u00f6zpontja d\u00edjra is lehet p\u00e1ly\u00e1zni.<\/p>\n<p class=\"has-text-align-center\" style=\"text-align: center;\">2016: Az MKET \u00faj eln\u00f6ke dr. Kiss Csaba. Szakmai aleln\u00f6k Papp Andr\u00e1s.<\/p>\n<p class=\"has-text-align-center\" style=\"text-align: center;\"><strong>2017:<\/strong>\u00a0A Cogen Europe aleln\u00f6k\u00e9v\u00e9 (Vice President) v\u00e1lasztj\u00e1k Dr. Kiss Csab\u00e1t<\/p>\n<p class=\"has-text-align-center\" style=\"text-align: center;\"><strong>2017<\/strong>. \u00e1prilisban megalakul a Szab\u00e1lyoz\u00f3 k\u00f6zpont munkabizotts\u00e1g, \u00f6sszefogva szab\u00e1lyoz\u00f3 k\u00f6zpontok \u00e9rdek\u00e9rv\u00e9nyes\u00edt\u00e9s\u00e9t.<\/p>\n<p class=\"has-text-align-center\" style=\"text-align: center;\"><strong>2017.<\/strong> szeptember: A Cogen Europe a t\u00f6rt\u00e9net\u00e9ben el\u0151sz\u00f6r nem Br\u00fcsszelben, hanem Budapesten rendezi meg \u00e9ves konferenci\u00e1j\u00e1t, ami az MKET szakmai munk\u00e1j\u00e1nak egy\u00e9rtelm\u0171 elismer\u00e9se. A rendezv\u00e9nyen sz\u00f3 esett arr\u00f3l, hogy hogyan \u00e9s mivel f\u0171t\u00fcnk majd 2050-ben, melyek a v\u00e1rhat\u00f3 tendenci\u00e1k a kapcsolt energiatermel\u00e9sben, mi a Tiszta Energia Csomag c\u00e9lja \u00e9s jelent\u0151s\u00e9ge.<\/p>\n<p class=\"has-text-align-center\" style=\"text-align: center;\"><strong>2018:\u00a0<\/strong>A t\u00e1rsas\u00e1g meg\u00fajul\u00e1s\u00e1nak jegy\u00e9ben teljes arculatv\u00e1lt\u00e1s \u00e9s sz\u00e9khelyv\u00e1ltoz\u00e1s is t\u00f6rt\u00e9nik. A c\u00e9l, hogy az imm\u00e1r t\u00f6bb mint 20 \u00e9ves szervezet megfeleljen az \u00faj id\u0151k kih\u00edv\u00e1s\u00e1nak a digit\u00e1lis korban valamint a tags\u00e1g sz\u00e1m\u00e1ra magas szint\u0171 szolg\u00e1ltat\u00e1sokat ny\u00fajtson.<\/p>\n<p class=\"has-text-align-center\" style=\"text-align: center;\"><strong>2019.\u00a0<\/strong>\u00e1prilis: Papp Andr\u00e1st v\u00e1lasztj\u00e1k meg a t\u00e1rsas\u00e1g eln\u00f6k\u00e9v\u00e9, dr. Kiss Csab\u00e1t szakmai aleln\u00f6knek, m\u00edg Balogh Zolt\u00e1n az operat\u00edv aleln\u00f6ki poz\u00edci\u00f3t t\u00f6lti be.<\/p>\n<p class=\"has-text-align-center\" style=\"text-align: center;\"><strong>2019<\/strong>: Elk\u00e9sz\u00fcl az MKET 4. tanulm\u00e1nya, \u201eA kapcsolt energiatermel\u00e9s magyarorsz\u00e1gi j\u00f6v\u0151k\u00e9pe\u201d c\u00edmmel, amely bemutatta azon t\u00e9nyez\u0151ket, melyek a szektor hazai j\u00f6v\u0151k\u00e9p\u00e9t befoly\u00e1solni fogj\u00e1k az Uni\u00f3s \u00e9s hazai jogszab\u00e1ly k\u00f6rnyezetben.<\/p>\n<p class=\"has-text-align-center\" style=\"text-align: center;\"><strong>2020:<\/strong>\u00a0Az MKET a kapcsolt energiatermel\u00e9s r\u00e9szar\u00e1ny\u00e1nak n\u00f6vel\u00e9se \u00e9rdek\u00e9ben folyamatos lobbitev\u00e9kenys\u00e9get folytat a jogalkot\u00f3 szervekn\u00e9l \u00e9s ennek \u00e9rdek\u00e9ben minden ipar\u00e1gi egyeztet\u00e9sen k\u00e9pviseli a tags\u00e1g \u00e9rdekeit. Legnagyobb hangs\u00falyt a primer energiamegtakar\u00edt\u00e1s mellett a hazai villamos energia rendszer \u00fczembiztos m\u0171k\u00f6d\u00e9se kapja, amely elk\u00e9pzelhetetlen gyors, rugalmasan m\u0171k\u00f6d\u0151 f\u00f6ldg\u00e1zt\u00fczel\u00e9s\u0171 kapcsolt er\u0151m\u0171vek (g\u00e1zmotorok, g\u00e1zturbin\u00e1s er\u0151m\u0171vek) n\u00e9lk\u00fcl.<\/p>\n<p style=\"text-align: center;\">Term\u00e9szetesen a t\u00f6rt\u00e9netnek nincs v\u00e9ge! Hiszen napr\u00f3l-napra azon f\u00e1radozunk, hogy a kapcsolt energiatermel\u00e9s m\u00e9g ink\u00e1bb elterjedjen \u00e9s tov\u00e1bb fejl\u0151dj\u00f6n. a<\/p>\n<p>[\/vc_column_text][\/vc_column][\/vc_row]<\/p>\n","protected":false},"excerpt":{"rendered":"<p>[vc_row full_width=&#8221;stretch_row&#8221; css=&#8221;.vc_custom_1616851281005{margin-top: 0px !important;margin-bottom: 0px !important;padding-top: 50px !important;padding-bottom: 0px !important;background-color: #f8f6f9 !important;}&#8221; el_class=&#8221;about-us-home3-total&#8221;][vc_column css_animation=&#8221;bounceIn&#8221;][vc_row_inner css=&#8221;.vc_custom_1491912234473{margin-bottom: 40px !important;}&#8221;][vc_column_inner width=&#8221;1\/3&#8243;][vc_custom_heading text=&#8221;R\u00f3lunk&#8221; font_container=&#8221;tag:h5|font_size:25px|text_align:left|color:rgba(52%2C73%2C94%2C0.7)|line_height:35px&#8221; google_fonts=&#8221;font_family:Ubuntu%3A300%2C300italic%2Cregular%2Citalic%2C500%2C500italic%2C700%2C700italic|font_style:700%20bold%20regular%3A700%3Anormal&#8221; css_animation=&#8221;fadeInLeft&#8221;][vc_custom_heading text=&#8221;Magyar Kapcsolt Energia T\u00e1rsas\u00e1g&#8221; font_container=&#8221;tag:h2|font_size:40px|text_align:left|color:%2334495e|line_height:45px&#8221; google_fonts=&#8221;font_family:Ubuntu%3A300%2C300italic%2Cregular%2Citalic%2C500%2C500italic%2C700%2C700italic|font_style:700%20bold%20regular%3A700%3Anormal&#8221; css_animation=&#8221;fadeInLeft&#8221;][\/vc_column_inner][vc_column_inner width=&#8221;2\/3&#8243; css=&#8221;.vc_custom_1657607573982{margin-top: 20px !important;}&#8221;][vc_column_text css_animation=&#8221;fadeInRight&#8221; el_class=&#8221;about-me-home2&#8243;]\u00a0A Magyar Kapcsolt Energia T\u00e1rsas\u00e1g (MKET) 1996-ban alakult azzal a c\u00e9llal, hogy a hazai kapcsolt h\u0151- \u00e9s villamosenergia-termel\u00e9st szakmailag t\u00e1mogassa, [&hellip;]<\/p>\n","protected":false},"author":1,"featured_media":0,"parent":0,"menu_order":0,"comment_status":"closed","ping_status":"closed","template":"","meta":{"footnotes":""},"class_list":["post-7338","page","type-page","status-publish","hentry"],"featured_image_urls":{"full":"","thumbnail":"","medium":"","medium_large":"","large":"","mt_1250x700":"","mt_320x480":"","mt_900x550":"","1536x1536":"","2048x2048":"","yankeewp_related_post_pic500x300":"","yankeewp_post_pic700x450":"","yankeewp_post_widget_pic100x100":"","yankeewp_530x600":"","yankeewp_1150x400":"","yankeewp_1420x140":"","yankeewp_testimonials_150x150":"","yankeewp_clients_160x90":"","yankeewp_portfolio01_390x275":"","yankeewp_blogpost01_1420x170":"","yankeewp_about_625x415":"","yankeewp_testimonials02_250x530":""},"post_excerpt_stackable":"<p>[vc_row full_width=&#8221;stretch_row&#8221; css=&#8221;.vc_custom_1616851281005{margin-top: 0px !important;margin-bottom: 0px !important;padding-top: 50px !important;padding-bottom: 0px !important;background-color: #f8f6f9 !important;}&#8221; el_class=&#8221;about-us-home3-total&#8221;][vc_column css_animation=&#8221;bounceIn&#8221;][vc_row_inner css=&#8221;.vc_custom_1491912234473{margin-bottom: 40px !important;}&#8221;][vc_column_inner width=&#8221;1\/3&#8243;][vc_custom_heading text=&#8221;R\u00f3lunk&#8221; font_container=&#8221;tag:h5|font_size:25px|text_align:left|color:rgba(52%2C73%2C94%2C0.7)|line_height:35px&#8221; google_fonts=&#8221;font_family:Ubuntu%3A300%2C300italic%2Cregular%2Citalic%2C500%2C500italic%2C700%2C700italic|font_style:700%20bold%20regular%3A700%3Anormal&#8221; css_animation=&#8221;fadeInLeft&#8221;][vc_custom_heading text=&#8221;Magyar Kapcsolt Energia T\u00e1rsas\u00e1g&#8221; font_container=&#8221;tag:h2|font_size:40px|text_align:left|color:%2334495e|line_height:45px&#8221; google_fonts=&#8221;font_family:Ubuntu%3A300%2C300italic%2Cregular%2Citalic%2C500%2C500italic%2C700%2C700italic|font_style:700%20bold%20regular%3A700%3Anormal&#8221; css_animation=&#8221;fadeInLeft&#8221;][\/vc_column_inner][vc_column_inner width=&#8221;2\/3&#8243; css=&#8221;.vc_custom_1657607573982{margin-top: 20px !important;}&#8221;][vc_column_text css_animation=&#8221;fadeInRight&#8221; el_class=&#8221;about-me-home2&#8243;]\u00a0A Magyar Kapcsolt Energia T\u00e1rsas\u00e1g (MKET) 1996-ban alakult azzal a c\u00e9llal, hogy a hazai kapcsolt h\u0151- \u00e9s villamosenergia-termel\u00e9st szakmailag t\u00e1mogassa, emellett ell\u00e1ssa a kapcsolt energiatermel\u00e9sben \u00e9rdekelt jogi \u00e9s mag\u00e1nszem\u00e9lyek szakmai \u00e9rdekk\u00e9pviselet\u00e9t, tov\u00e1bb\u00e1 tudom\u00e1nyos \u00e9s oktat\u00e1si tev\u00e9kenys\u00e9g\u00e9vel terjessze, n\u00e9pszer\u0171s\u00edtse a kapcsolt energiatermel\u00e9ssel \u00f6sszef\u00fcgg\u0151 ismereteket, technol\u00f3gi\u00e1kat.[\/vc_column_text][\/vc_column_inner][\/vc_row_inner][\/vc_column][\/vc_row][vc_row full_width=&#8221;stretch_row&#8221; content_placement=&#8221;middle&#8221; css=&#8221;.vc_custom_1492589717614{margin-bottom: 0px !important;padding-top: 0px !important;padding-bottom: 90px !important;background-color: #f8f6f9 !important;}&#8221;][vc_column css_animation=&#8221;fadeIn&#8221; width=&#8221;1\/4&#8243;][\/vc_column][vc_column css_animation=&#8221;fadeIn&#8221; width=&#8221;1\/4&#8243;][\/vc_column][vc_column css_animation=&#8221;fadeIn&#8221; width=&#8221;1\/4&#8243;][\/vc_column][vc_column css_animation=&#8221;fadeIn&#8221; width=&#8221;1\/4&#8243;][\/vc_column][\/vc_row][vc_row][vc_column][vc_single_image image=&#8221;8487&#8243; img_size=&#8221;full&#8221;][\/vc_column][\/vc_row][vc_row][vc_column][vc_column_text]&hellip;<\/p>\n","category_list":"","author_info":{"name":"admin","url":"https:\/\/mket.hu\/index.php\/author\/admin\/"},"comments_num":"0 comments","yoast_head":"<!-- This site is optimized with the Yoast SEO plugin v22.0 - https:\/\/yoast.com\/wordpress\/plugins\/seo\/ -->\n<title>R\u00f3lunk - MKET<\/title>\n<meta name=\"robots\" content=\"index, follow, max-snippet:-1, max-image-preview:large, max-video-preview:-1\" \/>\n<link rel=\"canonical\" href=\"https:\/\/mket.hu\/index.php\/about-us\/\" \/>\n<meta property=\"og:locale\" content=\"hu_HU\" \/>\n<meta property=\"og:type\" content=\"article\" \/>\n<meta property=\"og:title\" content=\"R\u00f3lunk - MKET\" \/>\n<meta property=\"og:description\" content=\"[vc_row full_width=&#8221;stretch_row&#8221; css=&#8221;.vc_custom_1616851281005{margin-top: 0px !important;margin-bottom: 0px !important;padding-top: 50px !important;padding-bottom: 0px !important;background-color: #f8f6f9 !important;}&#8221; el_class=&#8221;about-us-home3-total&#8221;][vc_column css_animation=&#8221;bounceIn&#8221;][vc_row_inner css=&#8221;.vc_custom_1491912234473{margin-bottom: 40px !important;}&#8221;][vc_column_inner width=&#8221;1\/3&#8243;][vc_custom_heading text=&#8221;R\u00f3lunk&#8221; font_container=&#8221;tag:h5|font_size:25px|text_align:left|color:rgba(52%2C73%2C94%2C0.7)|line_height:35px&#8221; google_fonts=&#8221;font_family:Ubuntu%3A300%2C300italic%2Cregular%2Citalic%2C500%2C500italic%2C700%2C700italic|font_style:700%20bold%20regular%3A700%3Anormal&#8221; css_animation=&#8221;fadeInLeft&#8221;][vc_custom_heading text=&#8221;Magyar Kapcsolt Energia T\u00e1rsas\u00e1g&#8221; font_container=&#8221;tag:h2|font_size:40px|text_align:left|color:%2334495e|line_height:45px&#8221; google_fonts=&#8221;font_family:Ubuntu%3A300%2C300italic%2Cregular%2Citalic%2C500%2C500italic%2C700%2C700italic|font_style:700%20bold%20regular%3A700%3Anormal&#8221; css_animation=&#8221;fadeInLeft&#8221;][\/vc_column_inner][vc_column_inner width=&#8221;2\/3&#8243; css=&#8221;.vc_custom_1657607573982{margin-top: 20px !important;}&#8221;][vc_column_text css_animation=&#8221;fadeInRight&#8221; el_class=&#8221;about-me-home2&#8243;]\u00a0A Magyar Kapcsolt Energia T\u00e1rsas\u00e1g (MKET) 1996-ban alakult azzal a c\u00e9llal, hogy a hazai kapcsolt h\u0151- \u00e9s villamosenergia-termel\u00e9st szakmailag t\u00e1mogassa, [&hellip;]\" \/>\n<meta property=\"og:url\" content=\"https:\/\/mket.hu\/index.php\/about-us\/\" \/>\n<meta property=\"og:site_name\" content=\"MKET\" \/>\n<meta property=\"article:modified_time\" content=\"2024-02-08T16:13:26+00:00\" \/>\n<meta property=\"og:image\" content=\"https:\/\/mket.hu\/wp-content\/uploads\/2021\/04\/mket_logo_300x118_png.png\" \/>\n\t<meta property=\"og:image:width\" content=\"300\" \/>\n\t<meta property=\"og:image:height\" content=\"118\" \/>\n\t<meta property=\"og:image:type\" content=\"image\/png\" \/>\n<meta name=\"twitter:card\" content=\"summary_large_image\" \/>\n<meta name=\"twitter:label1\" content=\"Becs\u00fclt olvas\u00e1si id\u0151\" \/>\n\t<meta name=\"twitter:data1\" content=\"4 perc\" \/>\n<script type=\"application\/ld+json\" class=\"yoast-schema-graph\">{\"@context\":\"https:\/\/schema.org\",\"@graph\":[{\"@type\":\"WebPage\",\"@id\":\"https:\/\/mket.hu\/index.php\/about-us\/\",\"url\":\"https:\/\/mket.hu\/index.php\/about-us\/\",\"name\":\"R\u00f3lunk - MKET\",\"isPartOf\":{\"@id\":\"https:\/\/mket.hu\/#website\"},\"datePublished\":\"2017-04-13T08:32:10+00:00\",\"dateModified\":\"2024-02-08T16:13:26+00:00\",\"breadcrumb\":{\"@id\":\"https:\/\/mket.hu\/index.php\/about-us\/#breadcrumb\"},\"inLanguage\":\"hu\",\"potentialAction\":[{\"@type\":\"ReadAction\",\"target\":[\"https:\/\/mket.hu\/index.php\/about-us\/\"]}]},{\"@type\":\"BreadcrumbList\",\"@id\":\"https:\/\/mket.hu\/index.php\/about-us\/#breadcrumb\",\"itemListElement\":[{\"@type\":\"ListItem\",\"position\":1,\"name\":\"Kezd\u0151lap\",\"item\":\"https:\/\/mket.hu\/\"},{\"@type\":\"ListItem\",\"position\":2,\"name\":\"R\u00f3lunk\"}]},{\"@type\":\"WebSite\",\"@id\":\"https:\/\/mket.hu\/#website\",\"url\":\"https:\/\/mket.hu\/\",\"name\":\"MKET\",\"description\":\"Magyar Kapcsolt Energia T\u00e1rsas\u00e1g\",\"potentialAction\":[{\"@type\":\"SearchAction\",\"target\":{\"@type\":\"EntryPoint\",\"urlTemplate\":\"https:\/\/mket.hu\/?s={search_term_string}\"},\"query-input\":\"required name=search_term_string\"}],\"inLanguage\":\"hu\"}]}<\/script>\n<!-- \/ Yoast SEO plugin. -->","yoast_head_json":{"title":"R\u00f3lunk - MKET","robots":{"index":"index","follow":"follow","max-snippet":"max-snippet:-1","max-image-preview":"max-image-preview:large","max-video-preview":"max-video-preview:-1"},"canonical":"https:\/\/mket.hu\/index.php\/about-us\/","og_locale":"hu_HU","og_type":"article","og_title":"R\u00f3lunk - MKET","og_description":"[vc_row full_width=&#8221;stretch_row&#8221; css=&#8221;.vc_custom_1616851281005{margin-top: 0px !important;margin-bottom: 0px !important;padding-top: 50px !important;padding-bottom: 0px !important;background-color: #f8f6f9 !important;}&#8221; el_class=&#8221;about-us-home3-total&#8221;][vc_column css_animation=&#8221;bounceIn&#8221;][vc_row_inner css=&#8221;.vc_custom_1491912234473{margin-bottom: 40px !important;}&#8221;][vc_column_inner width=&#8221;1\/3&#8243;][vc_custom_heading text=&#8221;R\u00f3lunk&#8221; font_container=&#8221;tag:h5|font_size:25px|text_align:left|color:rgba(52%2C73%2C94%2C0.7)|line_height:35px&#8221; google_fonts=&#8221;font_family:Ubuntu%3A300%2C300italic%2Cregular%2Citalic%2C500%2C500italic%2C700%2C700italic|font_style:700%20bold%20regular%3A700%3Anormal&#8221; css_animation=&#8221;fadeInLeft&#8221;][vc_custom_heading text=&#8221;Magyar Kapcsolt Energia T\u00e1rsas\u00e1g&#8221; font_container=&#8221;tag:h2|font_size:40px|text_align:left|color:%2334495e|line_height:45px&#8221; google_fonts=&#8221;font_family:Ubuntu%3A300%2C300italic%2Cregular%2Citalic%2C500%2C500italic%2C700%2C700italic|font_style:700%20bold%20regular%3A700%3Anormal&#8221; css_animation=&#8221;fadeInLeft&#8221;][\/vc_column_inner][vc_column_inner width=&#8221;2\/3&#8243; css=&#8221;.vc_custom_1657607573982{margin-top: 20px !important;}&#8221;][vc_column_text css_animation=&#8221;fadeInRight&#8221; el_class=&#8221;about-me-home2&#8243;]\u00a0A Magyar Kapcsolt Energia T\u00e1rsas\u00e1g (MKET) 1996-ban alakult azzal a c\u00e9llal, hogy a hazai kapcsolt h\u0151- \u00e9s villamosenergia-termel\u00e9st szakmailag t\u00e1mogassa, [&hellip;]","og_url":"https:\/\/mket.hu\/index.php\/about-us\/","og_site_name":"MKET","article_modified_time":"2024-02-08T16:13:26+00:00","og_image":[{"width":300,"height":118,"url":"https:\/\/mket.hu\/wp-content\/uploads\/2021\/04\/mket_logo_300x118_png.png","type":"image\/png"}],"twitter_card":"summary_large_image","twitter_misc":{"Becs\u00fclt olvas\u00e1si id\u0151":"4 perc"},"schema":{"@context":"https:\/\/schema.org","@graph":[{"@type":"WebPage","@id":"https:\/\/mket.hu\/index.php\/about-us\/","url":"https:\/\/mket.hu\/index.php\/about-us\/","name":"R\u00f3lunk - MKET","isPartOf":{"@id":"https:\/\/mket.hu\/#website"},"datePublished":"2017-04-13T08:32:10+00:00","dateModified":"2024-02-08T16:13:26+00:00","breadcrumb":{"@id":"https:\/\/mket.hu\/index.php\/about-us\/#breadcrumb"},"inLanguage":"hu","potentialAction":[{"@type":"ReadAction","target":["https:\/\/mket.hu\/index.php\/about-us\/"]}]},{"@type":"BreadcrumbList","@id":"https:\/\/mket.hu\/index.php\/about-us\/#breadcrumb","itemListElement":[{"@type":"ListItem","position":1,"name":"Kezd\u0151lap","item":"https:\/\/mket.hu\/"},{"@type":"ListItem","position":2,"name":"R\u00f3lunk"}]},{"@type":"WebSite","@id":"https:\/\/mket.hu\/#website","url":"https:\/\/mket.hu\/","name":"MKET","description":"Magyar Kapcsolt Energia T\u00e1rsas\u00e1g","potentialAction":[{"@type":"SearchAction","target":{"@type":"EntryPoint","urlTemplate":"https:\/\/mket.hu\/?s={search_term_string}"},"query-input":"required name=search_term_string"}],"inLanguage":"hu"}]}},"_links":{"self":[{"href":"https:\/\/mket.hu\/index.php\/wp-json\/wp\/v2\/pages\/7338","targetHints":{"allow":["GET"]}}],"collection":[{"href":"https:\/\/mket.hu\/index.php\/wp-json\/wp\/v2\/pages"}],"about":[{"href":"https:\/\/mket.hu\/index.php\/wp-json\/wp\/v2\/types\/page"}],"author":[{"embeddable":true,"href":"https:\/\/mket.hu\/index.php\/wp-json\/wp\/v2\/users\/1"}],"replies":[{"embeddable":true,"href":"https:\/\/mket.hu\/index.php\/wp-json\/wp\/v2\/comments?post=7338"}],"version-history":[{"count":14,"href":"https:\/\/mket.hu\/index.php\/wp-json\/wp\/v2\/pages\/7338\/revisions"}],"predecessor-version":[{"id":8930,"href":"https:\/\/mket.hu\/index.php\/wp-json\/wp\/v2\/pages\/7338\/revisions\/8930"}],"wp:attachment":[{"href":"https:\/\/mket.hu\/index.php\/wp-json\/wp\/v2\/media?parent=7338"}],"curies":[{"name":"wp","href":"https:\/\/api.w.org\/{rel}","templated":true}]}}