{"id":7474,"date":"2017-05-12T13:23:29","date_gmt":"2017-05-12T13:23:29","guid":{"rendered":"http:\/\/yankee.modeltheme.com\/?page_id=7474"},"modified":"2017-05-12T13:23:29","modified_gmt":"2017-05-12T13:23:29","slug":"landing-page","status":"publish","type":"page","link":"https:\/\/mket.hu\/index.php\/landing-page\/","title":{"rendered":"Landing Page"},"content":{"rendered":"<p>[vc_row full_width=&#8221;stretch_row_content_no_spaces&#8221; content_placement=&#8221;middle&#8221; css=&#8221;.vc_custom_1471604409968{margin-top: 0px !important;margin-right: 0px !important;margin-bottom: 0px !important;margin-left: 0px !important;padding-top: 0px !important;padding-right: 0px !important;padding-bottom: 0px !important;padding-left: 0px !important;}&#8221; el_class=&#8221;top_landing_container&#8221;][vc_column][rev_slider_vc alias=&#8221;concept1&#8243;][\/vc_column][\/vc_row][vc_row css=&#8221;.vc_custom_1471873163066{margin-top: 0px !important;margin-bottom: 0px !important;padding-top: 70px !important;padding-bottom: 0px !important;}&#8221;][vc_column css=&#8221;.vc_custom_1471604353897{margin-top: 0px !important;padding-top: 0px !important;}&#8221;][vc_custom_heading text=&#8221;CHECK OUR DEMOS&#8221; font_container=&#8221;tag:h3|font_size:50px|text_align:center|color:%23333333|line_height:55px&#8221; google_fonts=&#8221;font_family:Raleway%3A100%2C200%2C300%2Cregular%2C500%2C600%2C700%2C800%2C900|font_style:700%20bold%20regular%3A700%3Anormal&#8221; css=&#8221;.vc_custom_1471869660830{margin-top: 0px !important;padding-top: 0px !important;}&#8221;][vc_empty_space height=&#8221;11px&#8221;][\/vc_column][\/vc_row][vc_row full_width=&#8221;stretch_row&#8221;][vc_column width=&#8221;1\/3&#8243;][landing_page title=&#8221;MAIN HOMEPAGE&#8221; image=&#8221;7483&#8243; image_url=&#8221;http:\/\/yankee.modeltheme.com\/&#8221; button_url=&#8221;http:\/\/modeltheme.com\/get-yankee.php&#8221; button_text=&#8221;PURCHASE NOW&#8221; button_url2=&#8221;http:\/\/yankee.modeltheme.com\/&#8221; button_text2=&#8221;LIVE PREVIEW&#8221; speed=&#8221;1.5s&#8221; add_label=&#8221;no_badge&#8221; animation=&#8221;fadeInDownBig&#8221;][\/vc_column][vc_column width=&#8221;1\/3&#8243;][landing_page title=&#8221;CONSULTING HOMEPAGE&#8221; image=&#8221;7481&#8243; image_url=&#8221;http:\/\/yankee.modeltheme.com\/home\/consulting-home\/&#8221; button_url=&#8221;http:\/\/modeltheme.com\/get-yankee.php&#8221; button_text=&#8221;PURCHASE NOW&#8221; button_url2=&#8221;http:\/\/yankee.modeltheme.com\/home\/consulting-home\/&#8221; button_text2=&#8221;LIVE PREVIEW&#8221; speed=&#8221;1.3s&#8221; add_label=&#8221;no_badge&#8221; animation=&#8221;fadeInDownBig&#8221;][\/vc_column][vc_column width=&#8221;1\/3&#8243;][landing_page title=&#8221;INVESTMENT HOMEPAGE&#8221; image=&#8221;7482&#8243; image_url=&#8221;http:\/\/yankee.modeltheme.com\/home\/investment-home\/&#8221; button_url=&#8221;http:\/\/modeltheme.com\/get-yankee.php&#8221; button_text=&#8221;PURCHASE NOW&#8221; button_url2=&#8221;http:\/\/yankee.modeltheme.com\/home\/investment-home\/&#8221; button_text2=&#8221;LIVE PREVIEW&#8221; speed=&#8221;1.3s&#8221; add_label=&#8221;no_badge&#8221; animation=&#8221;fadeInDownBig&#8221;][\/vc_column][\/vc_row][vc_row full_width=&#8221;stretch_row&#8221;][vc_column width=&#8221;1\/3&#8243;][landing_page title=&#8221;1st SERVICES PAGE&#8221; image=&#8221;7484&#8243; image_url=&#8221;http:\/\/yankee.modeltheme.com\/services\/&#8221; button_url=&#8221;http:\/\/modeltheme.com\/get-yankee.php&#8221; button_text=&#8221;PURCHASE NOW&#8221; button_url2=&#8221;http:\/\/yankee.modeltheme.com\/services\/&#8221; button_text2=&#8221;LIVE PREVIEW&#8221; speed=&#8221;0.5s&#8221; add_label=&#8221;no_badge&#8221; animation=&#8221;fadeInDownBig&#8221;][\/vc_column][vc_column width=&#8221;1\/3&#8243;][landing_page title=&#8221;2nd SERVICES PAGE&#8221; image=&#8221;7485&#8243; image_url=&#8221;http:\/\/yankee.modeltheme.com\/services-2\/&#8221; button_url=&#8221;http:\/\/modeltheme.com\/get-yankee.php&#8221; button_text=&#8221;PURCHASE NOW&#8221; button_url2=&#8221;http:\/\/yankee.modeltheme.com\/services-2\/&#8221; button_text2=&#8221;LIVE PREVIEW&#8221; speed=&#8221;0.7s&#8221; add_label=&#8221;no_badge&#8221; animation=&#8221;fadeInDownBig&#8221;][\/vc_column][vc_column width=&#8221;1\/3&#8243;][landing_page title=&#8221;ABOUT US&#8221; image=&#8221;7480&#8243; image_url=&#8221;http:\/\/yankee.modeltheme.com\/about-us\/&#8221; button_url=&#8221;http:\/\/modeltheme.com\/get-yankee.php&#8221; button_text=&#8221;PURCHASE NOW&#8221; button_url2=&#8221;http:\/\/yankee.modeltheme.com\/about-us\/&#8221; button_text2=&#8221;LIVE PREVIEW&#8221; speed=&#8221;0.7s&#8221; add_label=&#8221;no_badge&#8221; animation=&#8221;fadeInDownBig&#8221;][\/vc_column][\/vc_row][vc_row full_width=&#8221;stretch_row_content&#8221; css=&#8221;.vc_custom_1488971603017{margin-top: 0px !important;margin-bottom: 0px !important;}&#8221;][vc_column css=&#8221;.vc_custom_1488971359402{padding-top: 0px !important;padding-bottom: 0px !important;}&#8221;]<div class='gambit_background_row' style='background-color: rgba(0,0,0,0.3);background-size: cover;background-position: center;'><\/div><div class='gambit_parallax_row' data-bg-align='' data-direction='up' data-opacity='100' data-velocity='-0.3' data-mobile-enabled='' data-bg-height='1280' data-bg-width='1920' data-bg-image='https:\/\/mket.hu\/wp-content\/uploads\/2016\/02\/vasile-tiplea-226841.jpg' data-bg-repeat='false' data-id='' style='display: none'><\/div>[vc_row_inner css=&#8221;.vc_custom_1488971613691{margin-top: 120px !important;margin-bottom: 120px !important;}&#8221;][vc_column_inner width=&#8221;1\/3&#8243;][\/vc_column_inner][vc_column_inner width=&#8221;1\/3&#8243;][vc_btn title=&#8221;BUY NOW&#8221; style=&#8221;custom&#8221; custom_background=&#8221;#cada39&#8243; custom_text=&#8221;#ffffff&#8221; size=&#8221;lg&#8221; align=&#8221;center&#8221; button_block=&#8221;true&#8221; link=&#8221;url:http%3A%2F%2Fmodeltheme.com%2Fget-yankee.php|title:BUY%20THEME%20NOW|target:%20_blank|&#8221; css=&#8221;.vc_custom_1494862866576{margin-top: 0px !important;margin-right: 30% !important;margin-bottom: 0px !important;margin-left: 30% !important;}&#8221;][\/vc_column_inner][vc_column_inner width=&#8221;1\/3&#8243;][\/vc_column_inner][\/vc_row_inner][\/vc_column][\/vc_row]<\/p>\n","protected":false},"excerpt":{"rendered":"<p>[vc_row full_width=&#8221;stretch_row_content_no_spaces&#8221; content_placement=&#8221;middle&#8221; css=&#8221;.vc_custom_1471604409968{margin-top: 0px !important;margin-right: 0px !important;margin-bottom: 0px !important;margin-left: 0px !important;padding-top: 0px !important;padding-right: 0px !important;padding-bottom: 0px !important;padding-left: 0px !important;}&#8221; el_class=&#8221;top_landing_container&#8221;][vc_column][rev_slider_vc alias=&#8221;concept1&#8243;][\/vc_column][\/vc_row][vc_row css=&#8221;.vc_custom_1471873163066{margin-top: 0px !important;margin-bottom: 0px !important;padding-top: 70px !important;padding-bottom: 0px !important;}&#8221;][vc_column css=&#8221;.vc_custom_1471604353897{margin-top: 0px !important;padding-top: 0px !important;}&#8221;][vc_custom_heading text=&#8221;CHECK OUR DEMOS&#8221; font_container=&#8221;tag:h3|font_size:50px|text_align:center|color:%23333333|line_height:55px&#8221; google_fonts=&#8221;font_family:Raleway%3A100%2C200%2C300%2Cregular%2C500%2C600%2C700%2C800%2C900|font_style:700%20bold%20regular%3A700%3Anormal&#8221; css=&#8221;.vc_custom_1471869660830{margin-top: 0px !important;padding-top: 0px !important;}&#8221;][vc_empty_space height=&#8221;11px&#8221;][\/vc_column][\/vc_row][vc_row full_width=&#8221;stretch_row&#8221;][vc_column width=&#8221;1\/3&#8243;][landing_page title=&#8221;MAIN HOMEPAGE&#8221; image=&#8221;7483&#8243; image_url=&#8221;http:\/\/yankee.modeltheme.com\/&#8221; button_url=&#8221;http:\/\/modeltheme.com\/get-yankee.php&#8221; button_text=&#8221;PURCHASE [&hellip;]<\/p>\n","protected":false},"author":1,"featured_media":0,"parent":0,"menu_order":0,"comment_status":"closed","ping_status":"closed","template":"landing-page-template.php","meta":{"footnotes":""},"class_list":["post-7474","page","type-page","status-publish","hentry"],"featured_image_urls":{"full":"","thumbnail":"","medium":"","medium_large":"","large":"","mt_1250x700":"","mt_320x480":"","mt_900x550":"","1536x1536":"","2048x2048":"","yankeewp_related_post_pic500x300":"","yankeewp_post_pic700x450":"","yankeewp_post_widget_pic100x100":"","yankeewp_530x600":"","yankeewp_1150x400":"","yankeewp_1420x140":"","yankeewp_testimonials_150x150":"","yankeewp_clients_160x90":"","yankeewp_portfolio01_390x275":"","yankeewp_blogpost01_1420x170":"","yankeewp_about_625x415":"","yankeewp_testimonials02_250x530":""},"post_excerpt_stackable":"<p>[vc_row full_width=&#8221;stretch_row_content_no_spaces&#8221; content_placement=&#8221;middle&#8221; css=&#8221;.vc_custom_1471604409968{margin-top: 0px !important;margin-right: 0px !important;margin-bottom: 0px !important;margin-left: 0px !important;padding-top: 0px !important;padding-right: 0px !important;padding-bottom: 0px !important;padding-left: 0px !important;}&#8221; el_class=&#8221;top_landing_container&#8221;][vc_column][rev_slider_vc alias=&#8221;concept1&#8243;][\/vc_column][\/vc_row][vc_row css=&#8221;.vc_custom_1471873163066{margin-top: 0px !important;margin-bottom: 0px !important;padding-top: 70px !important;padding-bottom: 0px !important;}&#8221;][vc_column css=&#8221;.vc_custom_1471604353897{margin-top: 0px !important;padding-top: 0px !important;}&#8221;][vc_custom_heading text=&#8221;CHECK OUR DEMOS&#8221; font_container=&#8221;tag:h3|font_size:50px|text_align:center|color:%23333333|line_height:55px&#8221; google_fonts=&#8221;font_family:Raleway%3A100%2C200%2C300%2Cregular%2C500%2C600%2C700%2C800%2C900|font_style:700%20bold%20regular%3A700%3Anormal&#8221; css=&#8221;.vc_custom_1471869660830{margin-top: 0px !important;padding-top: 0px !important;}&#8221;][vc_empty_space height=&#8221;11px&#8221;][\/vc_column][\/vc_row][vc_row full_width=&#8221;stretch_row&#8221;][vc_column width=&#8221;1\/3&#8243;][landing_page title=&#8221;MAIN HOMEPAGE&#8221; image=&#8221;7483&#8243; image_url=&#8221;http:\/\/yankee.modeltheme.com\/&#8221; button_url=&#8221;http:\/\/modeltheme.com\/get-yankee.php&#8221; button_text=&#8221;PURCHASE NOW&#8221; button_url2=&#8221;http:\/\/yankee.modeltheme.com\/&#8221; button_text2=&#8221;LIVE PREVIEW&#8221; speed=&#8221;1.5s&#8221; add_label=&#8221;no_badge&#8221; animation=&#8221;fadeInDownBig&#8221;][\/vc_column][vc_column width=&#8221;1\/3&#8243;][landing_page title=&#8221;CONSULTING HOMEPAGE&#8221; image=&#8221;7481&#8243; image_url=&#8221;http:\/\/yankee.modeltheme.com\/home\/consulting-home\/&#8221; button_url=&#8221;http:\/\/modeltheme.com\/get-yankee.php&#8221; button_text=&#8221;PURCHASE NOW&#8221; button_url2=&#8221;http:\/\/yankee.modeltheme.com\/home\/consulting-home\/&#8221; button_text2=&#8221;LIVE PREVIEW&#8221; speed=&#8221;1.3s&#8221; add_label=&#8221;no_badge&#8221; animation=&#8221;fadeInDownBig&#8221;][\/vc_column][vc_column width=&#8221;1\/3&#8243;][landing_page title=&#8221;INVESTMENT HOMEPAGE&#8221; image=&#8221;7482&#8243; image_url=&#8221;http:\/\/yankee.modeltheme.com\/home\/investment-home\/&#8221; button_url=&#8221;http:\/\/modeltheme.com\/get-yankee.php&#8221; button_text=&#8221;PURCHASE NOW&#8221; button_url2=&#8221;http:\/\/yankee.modeltheme.com\/home\/investment-home\/&#8221; button_text2=&#8221;LIVE PREVIEW&#8221; speed=&#8221;1.3s&#8221; add_label=&#8221;no_badge&#8221; animation=&#8221;fadeInDownBig&#8221;][\/vc_column][\/vc_row][vc_row full_width=&#8221;stretch_row&#8221;][vc_column width=&#8221;1\/3&#8243;][landing_page title=&#8221;1st SERVICES PAGE&#8221; image=&#8221;7484&#8243; image_url=&#8221;http:\/\/yankee.modeltheme.com\/services\/&#8221; button_url=&#8221;http:\/\/modeltheme.com\/get-yankee.php&#8221; button_text=&#8221;PURCHASE NOW&#8221;&hellip;<\/p>\n","category_list":"","author_info":{"name":"admin","url":"https:\/\/mket.hu\/index.php\/author\/admin\/"},"comments_num":"0 comments","yoast_head":"<!-- This site is optimized with the Yoast SEO plugin v22.0 - https:\/\/yoast.com\/wordpress\/plugins\/seo\/ -->\n<title>Landing Page - MKET<\/title>\n<meta name=\"robots\" content=\"index, follow, max-snippet:-1, max-image-preview:large, max-video-preview:-1\" \/>\n<link rel=\"canonical\" href=\"https:\/\/mket.hu\/index.php\/landing-page\/\" \/>\n<meta property=\"og:locale\" content=\"hu_HU\" \/>\n<meta property=\"og:type\" content=\"article\" \/>\n<meta property=\"og:title\" content=\"Landing Page - MKET\" \/>\n<meta property=\"og:description\" content=\"[vc_row full_width=&#8221;stretch_row_content_no_spaces&#8221; content_placement=&#8221;middle&#8221; css=&#8221;.vc_custom_1471604409968{margin-top: 0px !important;margin-right: 0px !important;margin-bottom: 0px !important;margin-left: 0px !important;padding-top: 0px !important;padding-right: 0px !important;padding-bottom: 0px !important;padding-left: 0px !important;}&#8221; el_class=&#8221;top_landing_container&#8221;][vc_column][rev_slider_vc alias=&#8221;concept1&#8243;][\/vc_column][\/vc_row][vc_row css=&#8221;.vc_custom_1471873163066{margin-top: 0px !important;margin-bottom: 0px !important;padding-top: 70px !important;padding-bottom: 0px !important;}&#8221;][vc_column css=&#8221;.vc_custom_1471604353897{margin-top: 0px !important;padding-top: 0px !important;}&#8221;][vc_custom_heading text=&#8221;CHECK OUR DEMOS&#8221; font_container=&#8221;tag:h3|font_size:50px|text_align:center|color:%23333333|line_height:55px&#8221; google_fonts=&#8221;font_family:Raleway%3A100%2C200%2C300%2Cregular%2C500%2C600%2C700%2C800%2C900|font_style:700%20bold%20regular%3A700%3Anormal&#8221; css=&#8221;.vc_custom_1471869660830{margin-top: 0px !important;padding-top: 0px !important;}&#8221;][vc_empty_space height=&#8221;11px&#8221;][\/vc_column][\/vc_row][vc_row full_width=&#8221;stretch_row&#8221;][vc_column width=&#8221;1\/3&#8243;][landing_page title=&#8221;MAIN HOMEPAGE&#8221; image=&#8221;7483&#8243; image_url=&#8221;http:\/\/yankee.modeltheme.com\/&#8221; button_url=&#8221;http:\/\/modeltheme.com\/get-yankee.php&#8221; button_text=&#8221;PURCHASE [&hellip;]\" \/>\n<meta property=\"og:url\" content=\"https:\/\/mket.hu\/index.php\/landing-page\/\" \/>\n<meta property=\"og:site_name\" content=\"MKET\" \/>\n<meta property=\"og:image\" content=\"https:\/\/mket.hu\/wp-content\/uploads\/2021\/04\/mket_logo_300x118_png.png\" \/>\n\t<meta property=\"og:image:width\" content=\"300\" \/>\n\t<meta property=\"og:image:height\" content=\"118\" \/>\n\t<meta property=\"og:image:type\" content=\"image\/png\" \/>\n<meta name=\"twitter:card\" content=\"summary_large_image\" \/>\n<meta name=\"twitter:label1\" content=\"Becs\u00fclt olvas\u00e1si id\u0151\" \/>\n\t<meta name=\"twitter:data1\" content=\"3 perc\" \/>\n<script type=\"application\/ld+json\" class=\"yoast-schema-graph\">{\"@context\":\"https:\/\/schema.org\",\"@graph\":[{\"@type\":\"WebPage\",\"@id\":\"https:\/\/mket.hu\/index.php\/landing-page\/\",\"url\":\"https:\/\/mket.hu\/index.php\/landing-page\/\",\"name\":\"Landing Page - MKET\",\"isPartOf\":{\"@id\":\"https:\/\/mket.hu\/#website\"},\"datePublished\":\"2017-05-12T13:23:29+00:00\",\"dateModified\":\"2017-05-12T13:23:29+00:00\",\"breadcrumb\":{\"@id\":\"https:\/\/mket.hu\/index.php\/landing-page\/#breadcrumb\"},\"inLanguage\":\"hu\",\"potentialAction\":[{\"@type\":\"ReadAction\",\"target\":[\"https:\/\/mket.hu\/index.php\/landing-page\/\"]}]},{\"@type\":\"BreadcrumbList\",\"@id\":\"https:\/\/mket.hu\/index.php\/landing-page\/#breadcrumb\",\"itemListElement\":[{\"@type\":\"ListItem\",\"position\":1,\"name\":\"Kezd\u0151lap\",\"item\":\"https:\/\/mket.hu\/\"},{\"@type\":\"ListItem\",\"position\":2,\"name\":\"Landing Page\"}]},{\"@type\":\"WebSite\",\"@id\":\"https:\/\/mket.hu\/#website\",\"url\":\"https:\/\/mket.hu\/\",\"name\":\"MKET\",\"description\":\"Magyar Kapcsolt Energia T\u00e1rsas\u00e1g\",\"potentialAction\":[{\"@type\":\"SearchAction\",\"target\":{\"@type\":\"EntryPoint\",\"urlTemplate\":\"https:\/\/mket.hu\/?s={search_term_string}\"},\"query-input\":\"required name=search_term_string\"}],\"inLanguage\":\"hu\"}]}<\/script>\n<!-- \/ Yoast SEO plugin. -->","yoast_head_json":{"title":"Landing Page - MKET","robots":{"index":"index","follow":"follow","max-snippet":"max-snippet:-1","max-image-preview":"max-image-preview:large","max-video-preview":"max-video-preview:-1"},"canonical":"https:\/\/mket.hu\/index.php\/landing-page\/","og_locale":"hu_HU","og_type":"article","og_title":"Landing Page - MKET","og_description":"[vc_row full_width=&#8221;stretch_row_content_no_spaces&#8221; content_placement=&#8221;middle&#8221; css=&#8221;.vc_custom_1471604409968{margin-top: 0px !important;margin-right: 0px !important;margin-bottom: 0px !important;margin-left: 0px !important;padding-top: 0px !important;padding-right: 0px !important;padding-bottom: 0px !important;padding-left: 0px !important;}&#8221; el_class=&#8221;top_landing_container&#8221;][vc_column][rev_slider_vc alias=&#8221;concept1&#8243;][\/vc_column][\/vc_row][vc_row css=&#8221;.vc_custom_1471873163066{margin-top: 0px !important;margin-bottom: 0px !important;padding-top: 70px !important;padding-bottom: 0px !important;}&#8221;][vc_column css=&#8221;.vc_custom_1471604353897{margin-top: 0px !important;padding-top: 0px !important;}&#8221;][vc_custom_heading text=&#8221;CHECK OUR DEMOS&#8221; font_container=&#8221;tag:h3|font_size:50px|text_align:center|color:%23333333|line_height:55px&#8221; google_fonts=&#8221;font_family:Raleway%3A100%2C200%2C300%2Cregular%2C500%2C600%2C700%2C800%2C900|font_style:700%20bold%20regular%3A700%3Anormal&#8221; css=&#8221;.vc_custom_1471869660830{margin-top: 0px !important;padding-top: 0px !important;}&#8221;][vc_empty_space height=&#8221;11px&#8221;][\/vc_column][\/vc_row][vc_row full_width=&#8221;stretch_row&#8221;][vc_column width=&#8221;1\/3&#8243;][landing_page title=&#8221;MAIN HOMEPAGE&#8221; image=&#8221;7483&#8243; image_url=&#8221;http:\/\/yankee.modeltheme.com\/&#8221; button_url=&#8221;http:\/\/modeltheme.com\/get-yankee.php&#8221; button_text=&#8221;PURCHASE [&hellip;]","og_url":"https:\/\/mket.hu\/index.php\/landing-page\/","og_site_name":"MKET","og_image":[{"width":300,"height":118,"url":"https:\/\/mket.hu\/wp-content\/uploads\/2021\/04\/mket_logo_300x118_png.png","type":"image\/png"}],"twitter_card":"summary_large_image","twitter_misc":{"Becs\u00fclt olvas\u00e1si id\u0151":"3 perc"},"schema":{"@context":"https:\/\/schema.org","@graph":[{"@type":"WebPage","@id":"https:\/\/mket.hu\/index.php\/landing-page\/","url":"https:\/\/mket.hu\/index.php\/landing-page\/","name":"Landing Page - MKET","isPartOf":{"@id":"https:\/\/mket.hu\/#website"},"datePublished":"2017-05-12T13:23:29+00:00","dateModified":"2017-05-12T13:23:29+00:00","breadcrumb":{"@id":"https:\/\/mket.hu\/index.php\/landing-page\/#breadcrumb"},"inLanguage":"hu","potentialAction":[{"@type":"ReadAction","target":["https:\/\/mket.hu\/index.php\/landing-page\/"]}]},{"@type":"BreadcrumbList","@id":"https:\/\/mket.hu\/index.php\/landing-page\/#breadcrumb","itemListElement":[{"@type":"ListItem","position":1,"name":"Kezd\u0151lap","item":"https:\/\/mket.hu\/"},{"@type":"ListItem","position":2,"name":"Landing Page"}]},{"@type":"WebSite","@id":"https:\/\/mket.hu\/#website","url":"https:\/\/mket.hu\/","name":"MKET","description":"Magyar Kapcsolt Energia T\u00e1rsas\u00e1g","potentialAction":[{"@type":"SearchAction","target":{"@type":"EntryPoint","urlTemplate":"https:\/\/mket.hu\/?s={search_term_string}"},"query-input":"required name=search_term_string"}],"inLanguage":"hu"}]}},"_links":{"self":[{"href":"https:\/\/mket.hu\/index.php\/wp-json\/wp\/v2\/pages\/7474","targetHints":{"allow":["GET"]}}],"collection":[{"href":"https:\/\/mket.hu\/index.php\/wp-json\/wp\/v2\/pages"}],"about":[{"href":"https:\/\/mket.hu\/index.php\/wp-json\/wp\/v2\/types\/page"}],"author":[{"embeddable":true,"href":"https:\/\/mket.hu\/index.php\/wp-json\/wp\/v2\/users\/1"}],"replies":[{"embeddable":true,"href":"https:\/\/mket.hu\/index.php\/wp-json\/wp\/v2\/comments?post=7474"}],"version-history":[{"count":0,"href":"https:\/\/mket.hu\/index.php\/wp-json\/wp\/v2\/pages\/7474\/revisions"}],"wp:attachment":[{"href":"https:\/\/mket.hu\/index.php\/wp-json\/wp\/v2\/media?parent=7474"}],"curies":[{"name":"wp","href":"https:\/\/api.w.org\/{rel}","templated":true}]}}