{"id":7556,"date":"2021-04-01T18:11:07","date_gmt":"2021-04-01T18:11:07","guid":{"rendered":"http:\/\/dev.mket.hu\/?page_id=7556"},"modified":"2026-01-11T16:30:40","modified_gmt":"2026-01-11T16:30:40","slug":"munkabizottsagok","status":"publish","type":"page","link":"https:\/\/mket.hu\/index.php\/munkabizottsagok\/","title":{"rendered":"Munkabizotts\u00e1gok"},"content":{"rendered":"<p>[vc_row][vc_column width=&#8221;1\/3&#8243;][vc_single_image image=&#8221;7549&#8243; img_size=&#8221;full&#8221;][\/vc_column][vc_column width=&#8221;2\/3&#8243;][vc_custom_heading text=&#8221;Munkabizotts\u00e1gok&#8221; font_container=&#8221;tag:h2|font_size:65px|text_align:left|color:%236d6d6d|line_height:90px&#8221; google_fonts=&#8221;font_family:Ubuntu%3A300%2C300italic%2Cregular%2Citalic%2C500%2C500italic%2C700%2C700italic|font_style:700%20bold%20regular%3A700%3Anormal&#8221; css_animation=&#8221;bounceIn&#8221; css=&#8221;.vc_custom_1617300804118{border-radius: 4px !important;}&#8221;][\/vc_column][\/vc_row][vc_row][vc_column][vc_column_text]<\/p>\n<h3>Az \u00e1lland\u00f3 munkabizotts\u00e1gokba a jogi szem\u00e9ly tagok k\u00e9pvisel\u0151ket deleg\u00e1lhatnak. Az egy\u00e9ni tagok szem\u00e9lyesen jelentkezhetnek a munkabizotts\u00e1gokba. Az egyes munkabizotts\u00e1gokat a munkabizotts\u00e1gi vezet\u0151k ir\u00e1ny\u00edtj\u00e1k, akiket a tagok maguk k\u00f6z\u00fcl \u2013 egyszer\u0171 sz\u00f3t\u00f6bbs\u00e9ggel \u2013 v\u00e1lasztanak meg.<\/h3>\n<h3>A munkabizotts\u00e1goknak k\u00fcls\u0151 tagjai is lehetnek.<\/h3>\n<h3>A T\u00e1rsas\u00e1g minden tagj\u00e1nak lehet\u0151s\u00e9ge van bizotts\u00e1gi munk\u00e1ban r\u00e9szt venni.<\/h3>\n<h3>Valamennyi munkabizotts\u00e1gnak irat-betekint\u00e9si joga van a szakter\u00fclet\u00e9t \u00e9rint\u0151 k\u00e9rd\u00e9sekben a T\u00e1rsas\u00e1g valamennyi irat\u00e1ba, a z\u00e1rt \u00fcl\u00e9sekkel kapcsolatban azonban csak a hat\u00e1rozatokban.<\/h3>\n<h3>A bizotts\u00e1gi tags\u00e1g a bizotts\u00e1g megsz\u0171n\u00e9s\u00e9ig, vagy lemond\u00e1sig tart.<\/h3>\n<p>[\/vc_column_text][\/vc_column][\/vc_row][vc_row][vc_column][vc_tta_tour style=&#8221;modern&#8221; color=&#8221;sky&#8221; gap=&#8221;3&#8243; active_section=&#8221;1&#8243;][vc_tta_section title=&#8221;Gazdas\u00e1gi-Jogi Munkabizotts\u00e1g&#8221; tab_id=&#8221;1617277087657-ac270cf9-4f90&#8243;][vc_column_text]<\/p>\n<ul>\n<li>Sz\u00e1mon tartja a kapcsolt energiatermel\u00e9st \u00e9s a T\u00e1rsas\u00e1g \u00e9rdekeit k\u00f6zvetlen\u00fcl \u00e9s k\u00f6zvetve \u00e9rint\u0151 jogszab\u00e1lyok v\u00e1ltoz\u00e1sait \u00e9s gazdas\u00e1gi v\u00e1ltoz\u00e1sokat, azokr\u00f3l az Eln\u00f6ks\u00e9get rendszeresen t\u00e1j\u00e9koztatja,<\/li>\n<li>Felk\u00e9sz\u00edti az eln\u00f6k\u00f6t, aleln\u00f6k\u00f6ket \u00e9s az Eln\u00f6ks\u00e9get fontosabb jogi-gazdas\u00e1gi k\u00e9rd\u00e9sekben,<\/li>\n<li>Javaslatokat k\u00e9sz\u00edt el\u0151 a T\u00e1rsas\u00e1g c\u00e9lkit\u0171z\u00e9sei \u00e9rdek\u00e9ben sz\u00fcks\u00e9ges jogszab\u00e1lyi m\u00f3dos\u00edt\u00e1sokra,<\/li>\n<li>Tagjai az Eln\u00f6ks\u00e9g vagy az eln\u00f6k megb\u00edz\u00e1s\u00e1b\u00f3l a T\u00e1rsas\u00e1g k\u00e9pviselet\u00e9ben r\u00e9szt vesznek a f\u0151hat\u00f3s\u00e1gokn\u00e1l foly\u00f3 t\u00e1rgyal\u00e1sokon \u00e9s egyeztet\u00e9seken,<\/li>\n<li>Elk\u00e9sz\u00edti \u00e9s folyamatosan aktualiz\u00e1lja a kapcsolt energiatermel\u00e9s ter\u00fclet\u00e9t \u00e9rint\u0151 hazai \u00e9s eur\u00f3pai uni\u00f3s jogszab\u00e1lyokr\u00f3l k\u00e9sz\u00fclt \u00f6ssze\u00e1ll\u00edt\u00e1sokat, \u00e9s azokat \u00e1tadja a honlapon t\u00f6rt\u00e9n\u0151 k\u00f6zz\u00e9t\u00e9telre,<\/li>\n<li>Elv\u00e9gzi a T\u00e1rsas\u00e1g gazdas\u00e1gi t\u00e9m\u00e1kkal kapcsolatos feladatait,<\/li>\n<li>El\u0151k\u00e9sz\u00edti a T\u00e1rsas\u00e1g szerz\u0151d\u00e9seit, r\u00e9szt vesz a szerz\u0151d\u00e9sek megk\u00f6t\u00e9s\u00e9ben, illet\u0151leg fel\u00fclvizsg\u00e1lja a m\u00e1r megk\u00f6t\u00f6tt szerz\u0151d\u00e9seket,<\/li>\n<li>R\u00e9szt vesz a T\u00e1rsas\u00e1g d\u00f6nt\u00e9seinek jogi szempontb\u00f3l t\u00f6rt\u00e9n\u0151 el\u0151k\u00e9sz\u00edt\u00e9s\u00e9ben,<\/li>\n<li>Ellen\u0151rzi a szerz\u0151d\u00e9sek marad\u00e9ktalan betart\u00e1s\u00e1t, \u00e9s ennek \u00e9rdek\u00e9ben sz\u00fcks\u00e9g szerint int\u00e9zkedik,<\/li>\n<li>El\u0151k\u00e9sz\u00edti a T\u00e1rsas\u00e1g szakmai kiadv\u00e1nyait, ezen bel\u00fcl kiemelten az \u00e9vk\u00f6nyvek kiad\u00e1s\u00e1t, illetve szervezi a kiadv\u00e1nyokkal kapcsolatos szakmai munk\u00e1t,<\/li>\n<li>Feladatai ell\u00e1t\u00e1sa sor\u00e1n kapcsolatot tart az egy\u00e9b bizotts\u00e1gokkal \u00e9s a T\u00e1rsas\u00e1g szervezeti egys\u00e9geivel,<\/li>\n<li>Ell\u00e1t minden egy\u00e9b feladatot, amivel a k\u00f6zgy\u0171l\u00e9s, illet\u0151leg az Eln\u00f6ks\u00e9g megb\u00edzz\u00e1k,<\/li>\n<li>Seg\u00edts\u00e9get ny\u00fajt a titk\u00e1rs\u00e1gnak szakmai k\u00e9rd\u00e9sekben,<\/li>\n<li>Sz\u00fcks\u00e9g szerint, de legal\u00e1bb f\u00e9l\u00e9vente egy alkalommal \u00fcl\u00e9sezik,<\/li>\n<li>Munk\u00e1j\u00e1r\u00f3l sz\u00fcks\u00e9g szerint, de legal\u00e1bb \u00e9vente egy alkalommal besz\u00e1mol az Eln\u00f6ks\u00e9gnek \u00e9s a k\u00f6zgy\u0171l\u00e9snek,<\/li>\n<li>A T\u00e1rsas\u00e1g m\u0171k\u00f6d\u00e9s\u00e9vel kapcsolatos dokumentumokat (Alapszab\u00e1ly, SzMSz) sz\u00fcks\u00e9g szerinti fel\u00fclvizsg\u00e1lja,<\/li>\n<li>A peres \u00fcgyeket figyelemmel k\u00eds\u00e9ri, javaslatot tesz jogi k\u00e9pvisel\u0151re, konzult\u00e1l a jogi k\u00e9pvisel\u0151vel peres \u00e9s a peren k\u00edv\u00fcli \u00fcgyekben is.<\/li>\n<\/ul>\n<p>[\/vc_column_text][\/vc_tta_section][vc_tta_section title=&#8221;M\u0171szaki Munkabizotts\u00e1g&#8221; tab_id=&#8221;1617277087657-963dccc0-c254&#8243;][vc_column_text]<\/p>\n<ul>\n<li>\u00d6sszefogja a Magyarorsz\u00e1gon \u00fczemel\u0151 Kiser\u0151m\u0171vi Szab\u00e1lyoz\u00f3 K\u00f6zpontok \u00fczemeltet\u0151\/ir\u00e1ny\u00edt\u00f3 szakembereit,<\/li>\n<li>\u00d6sszehangolja a Szab\u00e1lyoz\u00f3 K\u00f6zpontok \u00e9rdek\u00e9rv\u00e9nyes\u00edt\u00e9t a szab\u00e1lyoz\u00f3 hat\u00f3s\u00e1gok valamint a Rendszerir\u00e1ny\u00edt\u00f3 \u00e1ltal kiadott, az optim\u00e1lis m\u0171k\u00f6d\u00e9s ellen hat\u00f3 szab\u00e1lyzatokkal, elv\u00e1r\u00e1sokkal szemben,<\/li>\n<li>tapasztalatcser\u00e9ket folytat a piaci folyamatokr\u00f3l, v\u00e1ltoz\u00e1sokr\u00f3l.<br \/>\n<blockquote>\n<div>\n<div>\n<div>\n<div>\n<div>\n<div>Munkabizotts\u00e1g vezet\u0151:<\/div>\n<div>Barna N\u00e1ndor (Greenergy+ TRIO)<\/div>\n<div><a href=\"mailto:barnanandor@gmail.com\" target=\"_blank\" rel=\"noopener\">barnanandor@gmail.com<\/a><\/div>\n<div><\/div>\n<div>Tagok:<\/div>\n<div>Bana G\u00e1bor (Alteo)<\/div>\n<div><a href=\"mailto:bana.gabor@alteo.hu\" target=\"_blank\" rel=\"noopener\">bana.gabor@alteo.hu<\/a><\/div>\n<div><\/div>\n<div>\n<div>Berki Sebesty\u00e9n (TBER)<\/div>\n<div><a href=\"mailto:berkis@tber.hu\" target=\"_blank\" rel=\"noopener\">berkis@tber.hu<\/a><\/div>\n<div><\/div>\n<\/div>\n<div>Heged\u0171s \u00c1d\u00e1m (Powerservice)<\/div>\n<div><a href=\"mailto:adam.hegedus@omni.hu\" target=\"_blank\" rel=\"noopener\">adam.hegedus@omni.hu<\/a><\/div>\n<div><\/div>\n<div>Kert\u00e9sz D\u00e1vid (E.ON)<\/div>\n<div><a href=\"mailto:david.kertesz1@eon-hungaria.com\" target=\"_blank\" rel=\"noopener\">david.kertesz1@eon-hungaria.<wbr \/>com<\/a><\/div>\n<div><\/div>\n<div>Kukuda Zolt\u00e1n (TBER)<\/div>\n<div><a href=\"mailto:kukuda@tber.hu\" target=\"_blank\" rel=\"noopener\">kukuda@tber.hu<\/a><\/div>\n<div><\/div>\n<div>\n<div>Mez\u0151 Csaba (Electron, szeretne bel\u00e9pni)<\/div>\n<div><a href=\"mailto:mezo.csaba@electronholding.com\" target=\"_blank\" rel=\"noopener\">mezo.csaba@electronholding.com<\/a><wbr \/><\/div>\n<div><\/div>\n<\/div>\n<div>Proh\u00e1szka \u00c1d\u00e1m (Wartsila)<\/div>\n<div><a href=\"mailto:adam.prohaszka@wartsila.com\" target=\"_blank\" rel=\"noopener\">adam.prohaszka@wartsila.com<\/a><\/div>\n<\/div>\n<\/div>\n<\/div>\n<\/div>\n<\/div>\n<\/blockquote>\n<\/li>\n<\/ul>\n<p>[\/vc_column_text][\/vc_tta_section][vc_tta_section title=&#8221;Szervezet&#8221; tab_id=&#8221;1617278450141-d0afd31b-be06&#8243;][vc_column_text]A t\u00e1rsas\u00e1g munk\u00e1j\u00e1t 7 f\u0151s Eln\u00f6ks\u00e9g ir\u00e1ny\u00edtja. A szakmai munka koordin\u00e1l\u00e1sa a Gazdas\u00e1gi-Jogi, a G\u00e1zmotor, a G\u00e1zturbina, \u00e9s a Szab\u00e1lyoz\u00f3k\u00f6zpont Munkabizotts\u00e1g\u00e1nak a feladata.[\/vc_column_text][\/vc_tta_section][vc_tta_section title=&#8221;Szakmai publik\u00e1ci\u00f3s tev\u00e9kenys\u00e9g, konferenci\u00e1k&#8221; tab_id=&#8221;1617278455367-c21dd325-b429&#8243;][vc_column_text]A t\u00e1rsas\u00e1g \u00e9venk\u00e9nt orsz\u00e1gos konferenci\u00e1t rendez, amely a szakter\u00fclet legrangosabb szakmai f\u00f3ruma. A t\u00e1rsas\u00e1g a konferencia kiadv\u00e1nyok mellett rendszeresen jelentet meg \u00e9s k\u00fcld sz\u00e9t tagjai sz\u00e1m\u00e1ra szakmai inform\u00e1ci\u00f3s anyagokat.[\/vc_column_text][\/vc_tta_section][vc_tta_section title=&#8221;A kapcsolt energiatermel\u00e9sr\u0151l r\u00f6viden&#8221; tab_id=&#8221;1617278502471-7fe5555c-07dc&#8221;][vc_column_text]A fejlett t\u00e1rsadalmak abszol\u00fat \u00e9rt\u00e9kben \u00e9s fajlagosan is nagyon sok energi\u00e1t haszn\u00e1lnak fel. Az energiaell\u00e1t\u00e1s biztos\u00edt\u00e1sa igen jelent\u0151s k\u00f6rnyezetterhel\u00e9st eredm\u00e9nyez. A fenntarthat\u00f3 fejl\u0151d\u00e9s \u00e9rdek\u00e9ben mindezekb\u0151l k\u00f6vetkez\u0151en alapvet\u0151 t\u00e1rsadalmi c\u00e9lkit\u0171z\u00e9sk\u00e9nt fogalmaz\u00f3dik meg a primerenergia-hordoz\u00f3 felhaszn\u00e1l\u00e1s, valamint a k\u00f6rnyezetterhel\u00e9s cs\u00f6kkent\u00e9se. A k\u00e9t c\u00e9lkit\u0171z\u00e9s k\u00f6z\u00f6tti \u00f6sszef\u00fcgg\u00e9s nem szorul k\u00fcl\u00f6n magyar\u00e1zatra.<\/p>\n<p><em>Bizony\u00edthat\u00f3, hogy e c\u00e9lok el\u00e9r\u00e9s\u00e9ben a kapcsolt energiatermel\u00e9s az egyik leghat\u00e9konyabb eszk\u00f6z.\u00a0\u00a0<\/em><\/p>\n<p>Kapcsolt energiatermel\u00e9s (kogener\u00e1ci\u00f3) sor\u00e1n valamilyen primerenergia-hordoz\u00f3 felhaszn\u00e1l\u00e1s\u00e1val h\u0151t- \u00e9s villamos energi\u00e1t \u00e1ll\u00edtanak el\u0151 k\u00f6z\u00f6s technol\u00f3giai folyamatban. Az ilyen t\u00edpus\u00fa energiatermel\u00e9s l\u00e9nyegi jellemz\u0151je teh\u00e1t az, hogy k\u00e9t \u201cenergetikai term\u00e9ke\u201d van, h\u0151 \u00e9s villamos energia (1), ezek el\u0151\u00e1ll\u00edt\u00e1sa egyazon technol\u00f3gia folyamat keret\u00e9ben t\u00f6rt\u00e9nik (2), ugyanazon primerenergia-hordoz\u00f3(k) felhaszn\u00e1l\u00e1s\u00e1val (3).<\/p>\n<p>A t\u00fczel\u0151anyag-felhaszn\u00e1l\u00e1s hat\u00e9konys\u00e1g\u00e1nak n\u00f6vel\u00e9se mindebb\u0151l k\u00f6vetkez\u0151en k\u00f6rnyezetv\u00e9delmi \u00e9s nemzetgazdas\u00e1gi \u00e9rdek. K\u00f6rnyezetv\u00e9delmi feladat, mert a kapcsolt energiatermel\u00e9s r\u00e9v\u00e9n megtakar\u00edthat\u00f3 t\u00fczel\u0151anyagot nem kell a k\u00f6rnyezet rov\u00e1s\u00e1ra megtermelni, s a t\u00fczel\u0151anyag-megtakar\u00edt\u00e1s a k\u00f6rnyezetterhel\u00e9s cs\u00f6kkent\u00e9s\u00e9t eredm\u00e9nyezi. A kapcsolt energiatermel\u00e9s helyes m\u0171szaki kialak\u00edt\u00e1s eset\u00e9n ugyanakkor jelent\u0151s gazdas\u00e1gi el\u0151ny\u00f6kkel b\u00edr, ami az energetikai term\u00e9kek \u00e1r\u00e1nak a cs\u00f6kkent\u00e9s\u00e9t teszi lehet\u0151v\u00e9.<\/p>\n<p>A kapcsolt energiatermel\u00e9s k\u00f6rnyezetv\u00e9delmi \u00e9s energetikai haszna ma m\u00e1r nem csak a szakemberek el\u0151tt ismert. Az elm\u00falt n\u00e9h\u00e1ny esztend\u0151ben sz\u00e1mos ilyen berendez\u00e9s, er\u0151m\u0171vi egys\u00e9g l\u00e9pett \u00fczembe kisebb telep\u00fcl\u00e9seken, kisebb h\u0151szolg\u00e1ltat\u00f3 \u00e9s m\u00e1s ipari l\u00e9tes\u00edtm\u00e9nyekben is. Ezek a villamos energi\u00e1t \u00e9s h\u0151t kapcsoltan termel\u0151 er\u0151m\u0171vi egys\u00e9gek, termel\u0151berendez\u00e9sek, ma az orsz\u00e1g legkorszer\u0171bb energia\u00e1talak\u00edt\u00f3 berendez\u00e9sei k\u00f6z\u00e9 tartoznak, amelyek k\u00f6rnyezetv\u00e9delmi szempontb\u00f3l is a lehets\u00e9ges legkisebb k\u00f6rnyezetterhel\u00e9st okoz\u00f3 energetikai l\u00e9tes\u00edtm\u00e9nyek.[\/vc_column_text][\/vc_tta_section][vc_tta_section title=&#8221;Legfontosabb eredm\u00e9nyek&#8221; tab_id=&#8221;1617278505395-77e993ca-3cdc&#8221;][vc_column_text]A Magyar Kapcsolt Energia T\u00e1rsas\u00e1g \u00e9rdek\u00e9rv\u00e9nyes\u00edt\u0151 munk\u00e1j\u00e1nak jelent\u0151s szerepe van a szakter\u00fclet\u00e9n megjelen\u0151 jogi, gazdas\u00e1gi szab\u00e1lyoz\u00f3k kidolgoz\u00e1s\u00e1n\u00e1l, komoly er\u0151fesz\u00edt\u00e9seket tesz a kapcsolt energiatermel\u0151k \u00e9rdek\u00e9ben.<\/p>\n<p>Az aktu\u00e1lis, halaszthatatlan t\u00e9m\u00e1kban kerekasztal \u00f6sszej\u00f6veteleket\/besz\u00e9lget\u00e9seket szervez, \u00e9s a hagyom\u00e1nyos \u00e9ves konferenci\u00e1in 20 \u2013 25 el\u0151ad\u00e1ssal, valamint p\u00f3diumvit\u00e1kon vitatja meg a kapcsoltak helyzet\u00e9t, ir\u00e1nymutat\u00e1ssal jel\u00f6li ki a teend\u0151ket, az uni\u00f3s c\u00e9lok el\u00e9r\u00e9se \u00e9rdek\u00e9ben v\u00e9gzend\u0151 munk\u00e1kat. Ezek a konferenci\u00e1k az energiatermel\u0151k vezet\u0151inek \u00e9ves tal\u00e1lkoz\u00f3i (140 \u2013 150 r\u00e9sztvev\u0151vel), ahol hasznos vit\u00e1kkal, hozz\u00e1sz\u00f3l\u00e1sokkal teszik teljess\u00e9 az \u00e1ll\u00e1spontok kialak\u00edt\u00e1s\u00e1t.[\/vc_column_text][\/vc_tta_section][\/vc_tta_tour][\/vc_column][\/vc_row]<\/p>\n","protected":false},"excerpt":{"rendered":"<p>[vc_row][vc_column width=&#8221;1\/3&#8243;][vc_single_image image=&#8221;7549&#8243; img_size=&#8221;full&#8221;][\/vc_column][vc_column width=&#8221;2\/3&#8243;][vc_custom_heading text=&#8221;Munkabizotts\u00e1gok&#8221; font_container=&#8221;tag:h2|font_size:65px|text_align:left|color:%236d6d6d|line_height:90px&#8221; google_fonts=&#8221;font_family:Ubuntu%3A300%2C300italic%2Cregular%2Citalic%2C500%2C500italic%2C700%2C700italic|font_style:700%20bold%20regular%3A700%3Anormal&#8221; css_animation=&#8221;bounceIn&#8221; css=&#8221;.vc_custom_1617300804118{border-radius: 4px !important;}&#8221;][\/vc_column][\/vc_row][vc_row][vc_column][vc_column_text] Az \u00e1lland\u00f3 munkabizotts\u00e1gokba a jogi szem\u00e9ly tagok k\u00e9pvisel\u0151ket deleg\u00e1lhatnak. Az egy\u00e9ni tagok szem\u00e9lyesen jelentkezhetnek a munkabizotts\u00e1gokba. Az egyes munkabizotts\u00e1gokat a munkabizotts\u00e1gi vezet\u0151k ir\u00e1ny\u00edtj\u00e1k, akiket a tagok maguk k\u00f6z\u00fcl \u2013 egyszer\u0171 sz\u00f3t\u00f6bbs\u00e9ggel \u2013 v\u00e1lasztanak meg. A munkabizotts\u00e1goknak k\u00fcls\u0151 tagjai is lehetnek. A T\u00e1rsas\u00e1g minden [&hellip;]<\/p>\n","protected":false},"author":1,"featured_media":0,"parent":0,"menu_order":0,"comment_status":"closed","ping_status":"closed","template":"","meta":{"footnotes":""},"class_list":["post-7556","page","type-page","status-publish","hentry"],"featured_image_urls":{"full":"","thumbnail":"","medium":"","medium_large":"","large":"","mt_1250x700":"","mt_320x480":"","mt_900x550":"","1536x1536":"","2048x2048":"","yankeewp_related_post_pic500x300":"","yankeewp_post_pic700x450":"","yankeewp_post_widget_pic100x100":"","yankeewp_530x600":"","yankeewp_1150x400":"","yankeewp_1420x140":"","yankeewp_testimonials_150x150":"","yankeewp_clients_160x90":"","yankeewp_portfolio01_390x275":"","yankeewp_blogpost01_1420x170":"","yankeewp_about_625x415":"","yankeewp_testimonials02_250x530":""},"post_excerpt_stackable":"<p>[vc_row][vc_column width=&#8221;1\/3&#8243;][vc_single_image image=&#8221;7549&#8243; img_size=&#8221;full&#8221;][\/vc_column][vc_column width=&#8221;2\/3&#8243;][vc_custom_heading text=&#8221;Munkabizotts\u00e1gok&#8221; font_container=&#8221;tag:h2|font_size:65px|text_align:left|color:%236d6d6d|line_height:90px&#8221; google_fonts=&#8221;font_family:Ubuntu%3A300%2C300italic%2Cregular%2Citalic%2C500%2C500italic%2C700%2C700italic|font_style:700%20bold%20regular%3A700%3Anormal&#8221; css_animation=&#8221;bounceIn&#8221; css=&#8221;.vc_custom_1617300804118{border-radius: 4px !important;}&#8221;][\/vc_column][\/vc_row][vc_row][vc_column][vc_column_text] Az \u00e1lland\u00f3 munkabizotts\u00e1gokba a jogi szem\u00e9ly tagok k\u00e9pvisel\u0151ket deleg\u00e1lhatnak. Az egy\u00e9ni tagok szem\u00e9lyesen jelentkezhetnek a munkabizotts\u00e1gokba. Az egyes munkabizotts\u00e1gokat a munkabizotts\u00e1gi vezet\u0151k ir\u00e1ny\u00edtj\u00e1k, akiket a tagok maguk k\u00f6z\u00fcl \u2013 egyszer\u0171 sz\u00f3t\u00f6bbs\u00e9ggel \u2013 v\u00e1lasztanak meg. A munkabizotts\u00e1goknak k\u00fcls\u0151 tagjai is lehetnek. A T\u00e1rsas\u00e1g minden tagj\u00e1nak lehet\u0151s\u00e9ge van bizotts\u00e1gi munk\u00e1ban r\u00e9szt venni. Valamennyi munkabizotts\u00e1gnak irat-betekint\u00e9si joga van a szakter\u00fclet\u00e9t \u00e9rint\u0151 k\u00e9rd\u00e9sekben a T\u00e1rsas\u00e1g valamennyi irat\u00e1ba, a z\u00e1rt \u00fcl\u00e9sekkel kapcsolatban azonban csak a hat\u00e1rozatokban. A bizotts\u00e1gi tags\u00e1g a bizotts\u00e1g megsz\u0171n\u00e9s\u00e9ig, vagy lemond\u00e1sig tart. [\/vc_column_text][\/vc_column][\/vc_row][vc_row][vc_column][vc_tta_tour style=&#8221;modern&#8221; color=&#8221;sky&#8221; gap=&#8221;3&#8243; active_section=&#8221;1&#8243;][vc_tta_section title=&#8221;Gazdas\u00e1gi-Jogi Munkabizotts\u00e1g&#8221; tab_id=&#8221;1617277087657-ac270cf9-4f90&#8243;][vc_column_text]&hellip;<\/p>\n","category_list":"","author_info":{"name":"admin","url":"https:\/\/mket.hu\/index.php\/author\/admin\/"},"comments_num":"0 comments","yoast_head":"<!-- This site is optimized with the Yoast SEO plugin v22.0 - https:\/\/yoast.com\/wordpress\/plugins\/seo\/ -->\n<title>Munkabizotts\u00e1gok - MKET<\/title>\n<meta name=\"robots\" content=\"index, follow, max-snippet:-1, max-image-preview:large, max-video-preview:-1\" \/>\n<link rel=\"canonical\" href=\"https:\/\/mket.hu\/index.php\/munkabizottsagok\/\" \/>\n<meta property=\"og:locale\" content=\"hu_HU\" \/>\n<meta property=\"og:type\" content=\"article\" \/>\n<meta property=\"og:title\" content=\"Munkabizotts\u00e1gok - MKET\" \/>\n<meta property=\"og:description\" content=\"[vc_row][vc_column width=&#8221;1\/3&#8243;][vc_single_image image=&#8221;7549&#8243; img_size=&#8221;full&#8221;][\/vc_column][vc_column width=&#8221;2\/3&#8243;][vc_custom_heading text=&#8221;Munkabizotts\u00e1gok&#8221; font_container=&#8221;tag:h2|font_size:65px|text_align:left|color:%236d6d6d|line_height:90px&#8221; google_fonts=&#8221;font_family:Ubuntu%3A300%2C300italic%2Cregular%2Citalic%2C500%2C500italic%2C700%2C700italic|font_style:700%20bold%20regular%3A700%3Anormal&#8221; css_animation=&#8221;bounceIn&#8221; css=&#8221;.vc_custom_1617300804118{border-radius: 4px !important;}&#8221;][\/vc_column][\/vc_row][vc_row][vc_column][vc_column_text] Az \u00e1lland\u00f3 munkabizotts\u00e1gokba a jogi szem\u00e9ly tagok k\u00e9pvisel\u0151ket deleg\u00e1lhatnak. Az egy\u00e9ni tagok szem\u00e9lyesen jelentkezhetnek a munkabizotts\u00e1gokba. Az egyes munkabizotts\u00e1gokat a munkabizotts\u00e1gi vezet\u0151k ir\u00e1ny\u00edtj\u00e1k, akiket a tagok maguk k\u00f6z\u00fcl \u2013 egyszer\u0171 sz\u00f3t\u00f6bbs\u00e9ggel \u2013 v\u00e1lasztanak meg. A munkabizotts\u00e1goknak k\u00fcls\u0151 tagjai is lehetnek. A T\u00e1rsas\u00e1g minden [&hellip;]\" \/>\n<meta property=\"og:url\" content=\"https:\/\/mket.hu\/index.php\/munkabizottsagok\/\" \/>\n<meta property=\"og:site_name\" content=\"MKET\" \/>\n<meta property=\"article:modified_time\" content=\"2026-01-11T16:30:40+00:00\" \/>\n<meta property=\"og:image\" content=\"https:\/\/mket.hu\/wp-content\/uploads\/2021\/04\/mket_logo_300x118_png.png\" \/>\n\t<meta property=\"og:image:width\" content=\"300\" \/>\n\t<meta property=\"og:image:height\" content=\"118\" \/>\n\t<meta property=\"og:image:type\" content=\"image\/png\" \/>\n<meta name=\"twitter:card\" content=\"summary_large_image\" \/>\n<meta name=\"twitter:label1\" content=\"Becs\u00fclt olvas\u00e1si id\u0151\" \/>\n\t<meta name=\"twitter:data1\" content=\"8 perc\" \/>\n<script type=\"application\/ld+json\" class=\"yoast-schema-graph\">{\"@context\":\"https:\/\/schema.org\",\"@graph\":[{\"@type\":\"WebPage\",\"@id\":\"https:\/\/mket.hu\/index.php\/munkabizottsagok\/\",\"url\":\"https:\/\/mket.hu\/index.php\/munkabizottsagok\/\",\"name\":\"Munkabizotts\u00e1gok - MKET\",\"isPartOf\":{\"@id\":\"https:\/\/mket.hu\/#website\"},\"datePublished\":\"2021-04-01T18:11:07+00:00\",\"dateModified\":\"2026-01-11T16:30:40+00:00\",\"breadcrumb\":{\"@id\":\"https:\/\/mket.hu\/index.php\/munkabizottsagok\/#breadcrumb\"},\"inLanguage\":\"hu\",\"potentialAction\":[{\"@type\":\"ReadAction\",\"target\":[\"https:\/\/mket.hu\/index.php\/munkabizottsagok\/\"]}]},{\"@type\":\"BreadcrumbList\",\"@id\":\"https:\/\/mket.hu\/index.php\/munkabizottsagok\/#breadcrumb\",\"itemListElement\":[{\"@type\":\"ListItem\",\"position\":1,\"name\":\"Kezd\u0151lap\",\"item\":\"https:\/\/mket.hu\/\"},{\"@type\":\"ListItem\",\"position\":2,\"name\":\"Munkabizotts\u00e1gok\"}]},{\"@type\":\"WebSite\",\"@id\":\"https:\/\/mket.hu\/#website\",\"url\":\"https:\/\/mket.hu\/\",\"name\":\"MKET\",\"description\":\"Magyar Kapcsolt Energia T\u00e1rsas\u00e1g\",\"potentialAction\":[{\"@type\":\"SearchAction\",\"target\":{\"@type\":\"EntryPoint\",\"urlTemplate\":\"https:\/\/mket.hu\/?s={search_term_string}\"},\"query-input\":\"required name=search_term_string\"}],\"inLanguage\":\"hu\"}]}<\/script>\n<!-- \/ Yoast SEO plugin. -->","yoast_head_json":{"title":"Munkabizotts\u00e1gok - MKET","robots":{"index":"index","follow":"follow","max-snippet":"max-snippet:-1","max-image-preview":"max-image-preview:large","max-video-preview":"max-video-preview:-1"},"canonical":"https:\/\/mket.hu\/index.php\/munkabizottsagok\/","og_locale":"hu_HU","og_type":"article","og_title":"Munkabizotts\u00e1gok - MKET","og_description":"[vc_row][vc_column width=&#8221;1\/3&#8243;][vc_single_image image=&#8221;7549&#8243; img_size=&#8221;full&#8221;][\/vc_column][vc_column width=&#8221;2\/3&#8243;][vc_custom_heading text=&#8221;Munkabizotts\u00e1gok&#8221; font_container=&#8221;tag:h2|font_size:65px|text_align:left|color:%236d6d6d|line_height:90px&#8221; google_fonts=&#8221;font_family:Ubuntu%3A300%2C300italic%2Cregular%2Citalic%2C500%2C500italic%2C700%2C700italic|font_style:700%20bold%20regular%3A700%3Anormal&#8221; css_animation=&#8221;bounceIn&#8221; css=&#8221;.vc_custom_1617300804118{border-radius: 4px !important;}&#8221;][\/vc_column][\/vc_row][vc_row][vc_column][vc_column_text] Az \u00e1lland\u00f3 munkabizotts\u00e1gokba a jogi szem\u00e9ly tagok k\u00e9pvisel\u0151ket deleg\u00e1lhatnak. Az egy\u00e9ni tagok szem\u00e9lyesen jelentkezhetnek a munkabizotts\u00e1gokba. Az egyes munkabizotts\u00e1gokat a munkabizotts\u00e1gi vezet\u0151k ir\u00e1ny\u00edtj\u00e1k, akiket a tagok maguk k\u00f6z\u00fcl \u2013 egyszer\u0171 sz\u00f3t\u00f6bbs\u00e9ggel \u2013 v\u00e1lasztanak meg. A munkabizotts\u00e1goknak k\u00fcls\u0151 tagjai is lehetnek. A T\u00e1rsas\u00e1g minden [&hellip;]","og_url":"https:\/\/mket.hu\/index.php\/munkabizottsagok\/","og_site_name":"MKET","article_modified_time":"2026-01-11T16:30:40+00:00","og_image":[{"width":300,"height":118,"url":"https:\/\/mket.hu\/wp-content\/uploads\/2021\/04\/mket_logo_300x118_png.png","type":"image\/png"}],"twitter_card":"summary_large_image","twitter_misc":{"Becs\u00fclt olvas\u00e1si id\u0151":"8 perc"},"schema":{"@context":"https:\/\/schema.org","@graph":[{"@type":"WebPage","@id":"https:\/\/mket.hu\/index.php\/munkabizottsagok\/","url":"https:\/\/mket.hu\/index.php\/munkabizottsagok\/","name":"Munkabizotts\u00e1gok - MKET","isPartOf":{"@id":"https:\/\/mket.hu\/#website"},"datePublished":"2021-04-01T18:11:07+00:00","dateModified":"2026-01-11T16:30:40+00:00","breadcrumb":{"@id":"https:\/\/mket.hu\/index.php\/munkabizottsagok\/#breadcrumb"},"inLanguage":"hu","potentialAction":[{"@type":"ReadAction","target":["https:\/\/mket.hu\/index.php\/munkabizottsagok\/"]}]},{"@type":"BreadcrumbList","@id":"https:\/\/mket.hu\/index.php\/munkabizottsagok\/#breadcrumb","itemListElement":[{"@type":"ListItem","position":1,"name":"Kezd\u0151lap","item":"https:\/\/mket.hu\/"},{"@type":"ListItem","position":2,"name":"Munkabizotts\u00e1gok"}]},{"@type":"WebSite","@id":"https:\/\/mket.hu\/#website","url":"https:\/\/mket.hu\/","name":"MKET","description":"Magyar Kapcsolt Energia T\u00e1rsas\u00e1g","potentialAction":[{"@type":"SearchAction","target":{"@type":"EntryPoint","urlTemplate":"https:\/\/mket.hu\/?s={search_term_string}"},"query-input":"required name=search_term_string"}],"inLanguage":"hu"}]}},"_links":{"self":[{"href":"https:\/\/mket.hu\/index.php\/wp-json\/wp\/v2\/pages\/7556","targetHints":{"allow":["GET"]}}],"collection":[{"href":"https:\/\/mket.hu\/index.php\/wp-json\/wp\/v2\/pages"}],"about":[{"href":"https:\/\/mket.hu\/index.php\/wp-json\/wp\/v2\/types\/page"}],"author":[{"embeddable":true,"href":"https:\/\/mket.hu\/index.php\/wp-json\/wp\/v2\/users\/1"}],"replies":[{"embeddable":true,"href":"https:\/\/mket.hu\/index.php\/wp-json\/wp\/v2\/comments?post=7556"}],"version-history":[{"count":4,"href":"https:\/\/mket.hu\/index.php\/wp-json\/wp\/v2\/pages\/7556\/revisions"}],"predecessor-version":[{"id":9110,"href":"https:\/\/mket.hu\/index.php\/wp-json\/wp\/v2\/pages\/7556\/revisions\/9110"}],"wp:attachment":[{"href":"https:\/\/mket.hu\/index.php\/wp-json\/wp\/v2\/media?parent=7556"}],"curies":[{"name":"wp","href":"https:\/\/api.w.org\/{rel}","templated":true}]}}