{"id":8553,"date":"2021-07-29T12:59:35","date_gmt":"2021-07-29T12:59:35","guid":{"rendered":"http:\/\/dev.mket.hu\/?page_id=8553"},"modified":"2026-01-11T16:46:10","modified_gmt":"2026-01-11T16:46:10","slug":"mket-kozerdeku-adatok","status":"publish","type":"page","link":"https:\/\/mket.hu\/index.php\/mket-kozerdeku-adatok\/","title":{"rendered":"K\u00f6z\u00e9rdek\u0171 Adatok"},"content":{"rendered":"<p>[vc_row][vc_column width=&#8221;1\/3&#8243;][vc_single_image image=&#8221;7549&#8243; img_size=&#8221;full&#8221;][\/vc_column][vc_column width=&#8221;2\/3&#8243;][vc_custom_heading text=&#8221;K\u00f6z\u00e9rdek\u0171 Adatok&#8221; font_container=&#8221;tag:h2|font_size:65px|text_align:left|color:%236d6d6d|line_height:90px&#8221; google_fonts=&#8221;font_family:Ubuntu%3A300%2C300italic%2Cregular%2Citalic%2C500%2C500italic%2C700%2C700italic|font_style:700%20bold%20regular%3A700%3Anormal&#8221; css_animation=&#8221;bounceIn&#8221; css=&#8221;.vc_custom_1627565022997{border-radius: 4px !important;}&#8221;][\/vc_column][\/vc_row][vc_row][vc_column][vc_column_text]<\/p>\n<div class=\"layoutArea\">\n<div class=\"column\">\n<p>A Magyar Kapcsolt Energia T\u00e1rsas\u00e1g az egyes\u00fcl\u00e9si jogr\u00f3l, a k\u00f6zhaszn\u00fa jog\u00e1ll\u00e1sr\u00f3l, valamint a civil szervezetek m\u0171k\u00f6d\u00e9s\u00e9r\u0151l \u00e9s t\u00e1mogat\u00e1s\u00e1r\u00f3l sz\u00f3l\u00f3 2011. \u00e9vi CLXXV. t\u00f6rv\u00e9ny (\u201eaz egyes\u00fcl\u00e9si jogr\u00f3l, a k\u00f6zhaszn\u00fa jog\u00e1ll\u00e1sr\u00f3l, valamint a civil szervezetek m\u0171k\u00f6d\u00e9s\u00e9r\u0151l \u00e9s t\u00e1mogat\u00e1s\u00e1r\u00f3l\u201d) el\u0151\u00edr\u00e1sai alapj\u00e1n az al\u00e1bbiakban teszi k\u00f6zz\u00e9 \u00e9ves besz\u00e1mol\u00f3j\u00e1t:<\/p>\n<p><a href=\"https:\/\/mket.hu\/wp-content\/uploads\/2026\/01\/EB00746343.pdf\"><em><strong>2023<\/strong><\/em><\/a><\/p>\n<p><a href=\"https:\/\/mket.hu\/wp-content\/uploads\/2026\/01\/EB00791906-1.pdf\"><b><i>2024<\/i><\/b><\/a><\/p>\n<p><em>\u00a0<\/em><\/p>\n<p>Sz\u00e9khely: \u00a0\u00a0\u00a0\u00a0\u00a0\u00a0\u00a0\u00a0\u00a0\u00a0\u00a0\u00a0\u00a0\u00a0\u00a0\u00a0\u00a0\u00a0 \u00a0\u00a0\u00a0\u00a0\u00a0\u00a0\u00a0\u00a0\u00a0\u00a0\u00a0\u00a0<strong>1134 Budapest, D\u00f3zsa Gy\u00f6rgy \u00fat 150.<\/strong><\/p>\n<p>Nyilv\u00e1ntart\u00e1si sz\u00e1m:\u00a0\u00a0\u00a0\u00a0\u00a0\u00a0\u00a0\u00a0\u00a0\u00a0\u00a0\u00a0\u00a0\u00a0\u00a0\u00a0<strong>18-02-0000051<\/strong><\/p>\n<p>Ad\u00f3sz\u00e1m:\u00a0\u00a0\u00a0\u00a0\u00a0\u00a0\u00a0\u00a0\u00a0\u00a0\u00a0\u00a0\u00a0\u00a0\u00a0\u00a0\u00a0\u00a0\u00a0\u00a0\u00a0\u00a0\u00a0\u00a0\u00a0\u00a0\u00a0\u00a0\u00a0\u00a0\u00a0\u00a0<strong>18886195-2-41<\/strong><\/p>\n<\/div>\n<\/div>\n<p>[\/vc_column_text][\/vc_column][\/vc_row][vc_row][vc_column][vc_column_text]K\u00f6zgy\u0171l\u00e9s 2024.<\/p>\n<p><a href=\"https:\/\/mket.hu\/wp-content\/uploads\/2025\/04\/1_melleklet_jelenleti.pdf\">1,\u00a0<\/a><\/p>\n<p><a href=\"https:\/\/mket.hu\/wp-content\/uploads\/2025\/04\/2_melleklet_Elnoksegi_beszamolo_2023_.pdf\">2,\u00a0<\/a><\/p>\n<p><a href=\"https:\/\/mket.hu\/wp-content\/uploads\/2025\/04\/3_melleklet_MKET_tagdij_2025-1.pdf\">3,<\/a><\/p>\n<p><a href=\"https:\/\/mket.hu\/wp-content\/uploads\/2025\/04\/1_melleklet_jelenleti.pdf\">4,<\/a>[\/vc_column_text][\/vc_column][\/vc_row]<\/p>\n","protected":false},"excerpt":{"rendered":"<p>[vc_row][vc_column width=&#8221;1\/3&#8243;][vc_single_image image=&#8221;7549&#8243; img_size=&#8221;full&#8221;][\/vc_column][vc_column width=&#8221;2\/3&#8243;][vc_custom_heading text=&#8221;K\u00f6z\u00e9rdek\u0171 Adatok&#8221; font_container=&#8221;tag:h2|font_size:65px|text_align:left|color:%236d6d6d|line_height:90px&#8221; google_fonts=&#8221;font_family:Ubuntu%3A300%2C300italic%2Cregular%2Citalic%2C500%2C500italic%2C700%2C700italic|font_style:700%20bold%20regular%3A700%3Anormal&#8221; css_animation=&#8221;bounceIn&#8221; css=&#8221;.vc_custom_1627565022997{border-radius: 4px !important;}&#8221;][\/vc_column][\/vc_row][vc_row][vc_column][vc_column_text] A Magyar Kapcsolt Energia T\u00e1rsas\u00e1g az egyes\u00fcl\u00e9si jogr\u00f3l, a k\u00f6zhaszn\u00fa jog\u00e1ll\u00e1sr\u00f3l, valamint a civil szervezetek m\u0171k\u00f6d\u00e9s\u00e9r\u0151l \u00e9s t\u00e1mogat\u00e1s\u00e1r\u00f3l sz\u00f3l\u00f3 2011. \u00e9vi CLXXV. t\u00f6rv\u00e9ny (\u201eaz egyes\u00fcl\u00e9si jogr\u00f3l, a k\u00f6zhaszn\u00fa jog\u00e1ll\u00e1sr\u00f3l, valamint a civil szervezetek m\u0171k\u00f6d\u00e9s\u00e9r\u0151l \u00e9s t\u00e1mogat\u00e1s\u00e1r\u00f3l\u201d) el\u0151\u00edr\u00e1sai alapj\u00e1n az al\u00e1bbiakban teszi k\u00f6zz\u00e9 [&hellip;]<\/p>\n","protected":false},"author":1,"featured_media":0,"parent":0,"menu_order":0,"comment_status":"closed","ping_status":"closed","template":"","meta":{"footnotes":""},"class_list":["post-8553","page","type-page","status-publish","hentry"],"featured_image_urls":{"full":"","thumbnail":"","medium":"","medium_large":"","large":"","mt_1250x700":"","mt_320x480":"","mt_900x550":"","1536x1536":"","2048x2048":"","yankeewp_related_post_pic500x300":"","yankeewp_post_pic700x450":"","yankeewp_post_widget_pic100x100":"","yankeewp_530x600":"","yankeewp_1150x400":"","yankeewp_1420x140":"","yankeewp_testimonials_150x150":"","yankeewp_clients_160x90":"","yankeewp_portfolio01_390x275":"","yankeewp_blogpost01_1420x170":"","yankeewp_about_625x415":"","yankeewp_testimonials02_250x530":""},"post_excerpt_stackable":"<p>[vc_row][vc_column width=&#8221;1\/3&#8243;][vc_single_image image=&#8221;7549&#8243; img_size=&#8221;full&#8221;][\/vc_column][vc_column width=&#8221;2\/3&#8243;][vc_custom_heading text=&#8221;K\u00f6z\u00e9rdek\u0171 Adatok&#8221; font_container=&#8221;tag:h2|font_size:65px|text_align:left|color:%236d6d6d|line_height:90px&#8221; google_fonts=&#8221;font_family:Ubuntu%3A300%2C300italic%2Cregular%2Citalic%2C500%2C500italic%2C700%2C700italic|font_style:700%20bold%20regular%3A700%3Anormal&#8221; css_animation=&#8221;bounceIn&#8221; css=&#8221;.vc_custom_1627565022997{border-radius: 4px !important;}&#8221;][\/vc_column][\/vc_row][vc_row][vc_column][vc_column_text] A Magyar Kapcsolt Energia T\u00e1rsas\u00e1g az egyes\u00fcl\u00e9si jogr\u00f3l, a k\u00f6zhaszn\u00fa jog\u00e1ll\u00e1sr\u00f3l, valamint a civil szervezetek m\u0171k\u00f6d\u00e9s\u00e9r\u0151l \u00e9s t\u00e1mogat\u00e1s\u00e1r\u00f3l sz\u00f3l\u00f3 2011. \u00e9vi CLXXV. t\u00f6rv\u00e9ny (\u201eaz egyes\u00fcl\u00e9si jogr\u00f3l, a k\u00f6zhaszn\u00fa jog\u00e1ll\u00e1sr\u00f3l, valamint a civil szervezetek m\u0171k\u00f6d\u00e9s\u00e9r\u0151l \u00e9s t\u00e1mogat\u00e1s\u00e1r\u00f3l\u201d) el\u0151\u00edr\u00e1sai alapj\u00e1n az al\u00e1bbiakban teszi k\u00f6zz\u00e9 \u00e9ves besz\u00e1mol\u00f3j\u00e1t: 2023 2024 \u00a0 Sz\u00e9khely: \u00a0\u00a0\u00a0\u00a0\u00a0\u00a0\u00a0\u00a0\u00a0\u00a0\u00a0\u00a0\u00a0\u00a0\u00a0\u00a0\u00a0\u00a0 \u00a0\u00a0\u00a0\u00a0\u00a0\u00a0\u00a0\u00a0\u00a0\u00a0\u00a0\u00a01134 Budapest, D\u00f3zsa Gy\u00f6rgy \u00fat 150. Nyilv\u00e1ntart\u00e1si sz\u00e1m:\u00a0\u00a0\u00a0\u00a0\u00a0\u00a0\u00a0\u00a0\u00a0\u00a0\u00a0\u00a0\u00a0\u00a0\u00a0\u00a018-02-0000051 Ad\u00f3sz\u00e1m:\u00a0\u00a0\u00a0\u00a0\u00a0\u00a0\u00a0\u00a0\u00a0\u00a0\u00a0\u00a0\u00a0\u00a0\u00a0\u00a0\u00a0\u00a0\u00a0\u00a0\u00a0\u00a0\u00a0\u00a0\u00a0\u00a0\u00a0\u00a0\u00a0\u00a0\u00a0\u00a018886195-2-41 [\/vc_column_text][\/vc_column][\/vc_row][vc_row][vc_column][vc_column_text]K\u00f6zgy\u0171l\u00e9s 2024. 1,\u00a0 2,\u00a0 3, 4,[\/vc_column_text][\/vc_column][\/vc_row]<\/p>\n","category_list":"","author_info":{"name":"admin","url":"https:\/\/mket.hu\/index.php\/author\/admin\/"},"comments_num":"0 comments","yoast_head":"<!-- This site is optimized with the Yoast SEO plugin v22.0 - https:\/\/yoast.com\/wordpress\/plugins\/seo\/ -->\n<title>K\u00f6z\u00e9rdek\u0171 Adatok - MKET<\/title>\n<meta name=\"robots\" content=\"index, follow, max-snippet:-1, max-image-preview:large, max-video-preview:-1\" \/>\n<link rel=\"canonical\" href=\"https:\/\/mket.hu\/index.php\/mket-kozerdeku-adatok\/\" \/>\n<meta property=\"og:locale\" content=\"hu_HU\" \/>\n<meta property=\"og:type\" content=\"article\" \/>\n<meta property=\"og:title\" content=\"K\u00f6z\u00e9rdek\u0171 Adatok - MKET\" \/>\n<meta property=\"og:description\" content=\"[vc_row][vc_column width=&#8221;1\/3&#8243;][vc_single_image image=&#8221;7549&#8243; img_size=&#8221;full&#8221;][\/vc_column][vc_column width=&#8221;2\/3&#8243;][vc_custom_heading text=&#8221;K\u00f6z\u00e9rdek\u0171 Adatok&#8221; font_container=&#8221;tag:h2|font_size:65px|text_align:left|color:%236d6d6d|line_height:90px&#8221; google_fonts=&#8221;font_family:Ubuntu%3A300%2C300italic%2Cregular%2Citalic%2C500%2C500italic%2C700%2C700italic|font_style:700%20bold%20regular%3A700%3Anormal&#8221; css_animation=&#8221;bounceIn&#8221; css=&#8221;.vc_custom_1627565022997{border-radius: 4px !important;}&#8221;][\/vc_column][\/vc_row][vc_row][vc_column][vc_column_text] A Magyar Kapcsolt Energia T\u00e1rsas\u00e1g az egyes\u00fcl\u00e9si jogr\u00f3l, a k\u00f6zhaszn\u00fa jog\u00e1ll\u00e1sr\u00f3l, valamint a civil szervezetek m\u0171k\u00f6d\u00e9s\u00e9r\u0151l \u00e9s t\u00e1mogat\u00e1s\u00e1r\u00f3l sz\u00f3l\u00f3 2011. \u00e9vi CLXXV. t\u00f6rv\u00e9ny (\u201eaz egyes\u00fcl\u00e9si jogr\u00f3l, a k\u00f6zhaszn\u00fa jog\u00e1ll\u00e1sr\u00f3l, valamint a civil szervezetek m\u0171k\u00f6d\u00e9s\u00e9r\u0151l \u00e9s t\u00e1mogat\u00e1s\u00e1r\u00f3l\u201d) el\u0151\u00edr\u00e1sai alapj\u00e1n az al\u00e1bbiakban teszi k\u00f6zz\u00e9 [&hellip;]\" \/>\n<meta property=\"og:url\" content=\"https:\/\/mket.hu\/index.php\/mket-kozerdeku-adatok\/\" \/>\n<meta property=\"og:site_name\" content=\"MKET\" \/>\n<meta property=\"article:modified_time\" content=\"2026-01-11T16:46:10+00:00\" \/>\n<meta property=\"og:image\" content=\"https:\/\/mket.hu\/wp-content\/uploads\/2021\/04\/mket_logo_300x118_png.png\" \/>\n\t<meta property=\"og:image:width\" content=\"300\" \/>\n\t<meta property=\"og:image:height\" content=\"118\" \/>\n\t<meta property=\"og:image:type\" content=\"image\/png\" \/>\n<meta name=\"twitter:card\" content=\"summary_large_image\" \/>\n<meta name=\"twitter:label1\" content=\"Becs\u00fclt olvas\u00e1si id\u0151\" \/>\n\t<meta name=\"twitter:data1\" content=\"1 perc\" \/>\n<script type=\"application\/ld+json\" class=\"yoast-schema-graph\">{\"@context\":\"https:\/\/schema.org\",\"@graph\":[{\"@type\":\"WebPage\",\"@id\":\"https:\/\/mket.hu\/index.php\/mket-kozerdeku-adatok\/\",\"url\":\"https:\/\/mket.hu\/index.php\/mket-kozerdeku-adatok\/\",\"name\":\"K\u00f6z\u00e9rdek\u0171 Adatok - MKET\",\"isPartOf\":{\"@id\":\"https:\/\/mket.hu\/#website\"},\"datePublished\":\"2021-07-29T12:59:35+00:00\",\"dateModified\":\"2026-01-11T16:46:10+00:00\",\"breadcrumb\":{\"@id\":\"https:\/\/mket.hu\/index.php\/mket-kozerdeku-adatok\/#breadcrumb\"},\"inLanguage\":\"hu\",\"potentialAction\":[{\"@type\":\"ReadAction\",\"target\":[\"https:\/\/mket.hu\/index.php\/mket-kozerdeku-adatok\/\"]}]},{\"@type\":\"BreadcrumbList\",\"@id\":\"https:\/\/mket.hu\/index.php\/mket-kozerdeku-adatok\/#breadcrumb\",\"itemListElement\":[{\"@type\":\"ListItem\",\"position\":1,\"name\":\"Kezd\u0151lap\",\"item\":\"https:\/\/mket.hu\/\"},{\"@type\":\"ListItem\",\"position\":2,\"name\":\"K\u00f6z\u00e9rdek\u0171 Adatok\"}]},{\"@type\":\"WebSite\",\"@id\":\"https:\/\/mket.hu\/#website\",\"url\":\"https:\/\/mket.hu\/\",\"name\":\"MKET\",\"description\":\"Magyar Kapcsolt Energia T\u00e1rsas\u00e1g\",\"potentialAction\":[{\"@type\":\"SearchAction\",\"target\":{\"@type\":\"EntryPoint\",\"urlTemplate\":\"https:\/\/mket.hu\/?s={search_term_string}\"},\"query-input\":\"required name=search_term_string\"}],\"inLanguage\":\"hu\"}]}<\/script>\n<!-- \/ Yoast SEO plugin. -->","yoast_head_json":{"title":"K\u00f6z\u00e9rdek\u0171 Adatok - MKET","robots":{"index":"index","follow":"follow","max-snippet":"max-snippet:-1","max-image-preview":"max-image-preview:large","max-video-preview":"max-video-preview:-1"},"canonical":"https:\/\/mket.hu\/index.php\/mket-kozerdeku-adatok\/","og_locale":"hu_HU","og_type":"article","og_title":"K\u00f6z\u00e9rdek\u0171 Adatok - MKET","og_description":"[vc_row][vc_column width=&#8221;1\/3&#8243;][vc_single_image image=&#8221;7549&#8243; img_size=&#8221;full&#8221;][\/vc_column][vc_column width=&#8221;2\/3&#8243;][vc_custom_heading text=&#8221;K\u00f6z\u00e9rdek\u0171 Adatok&#8221; font_container=&#8221;tag:h2|font_size:65px|text_align:left|color:%236d6d6d|line_height:90px&#8221; google_fonts=&#8221;font_family:Ubuntu%3A300%2C300italic%2Cregular%2Citalic%2C500%2C500italic%2C700%2C700italic|font_style:700%20bold%20regular%3A700%3Anormal&#8221; css_animation=&#8221;bounceIn&#8221; css=&#8221;.vc_custom_1627565022997{border-radius: 4px !important;}&#8221;][\/vc_column][\/vc_row][vc_row][vc_column][vc_column_text] A Magyar Kapcsolt Energia T\u00e1rsas\u00e1g az egyes\u00fcl\u00e9si jogr\u00f3l, a k\u00f6zhaszn\u00fa jog\u00e1ll\u00e1sr\u00f3l, valamint a civil szervezetek m\u0171k\u00f6d\u00e9s\u00e9r\u0151l \u00e9s t\u00e1mogat\u00e1s\u00e1r\u00f3l sz\u00f3l\u00f3 2011. \u00e9vi CLXXV. t\u00f6rv\u00e9ny (\u201eaz egyes\u00fcl\u00e9si jogr\u00f3l, a k\u00f6zhaszn\u00fa jog\u00e1ll\u00e1sr\u00f3l, valamint a civil szervezetek m\u0171k\u00f6d\u00e9s\u00e9r\u0151l \u00e9s t\u00e1mogat\u00e1s\u00e1r\u00f3l\u201d) el\u0151\u00edr\u00e1sai alapj\u00e1n az al\u00e1bbiakban teszi k\u00f6zz\u00e9 [&hellip;]","og_url":"https:\/\/mket.hu\/index.php\/mket-kozerdeku-adatok\/","og_site_name":"MKET","article_modified_time":"2026-01-11T16:46:10+00:00","og_image":[{"width":300,"height":118,"url":"https:\/\/mket.hu\/wp-content\/uploads\/2021\/04\/mket_logo_300x118_png.png","type":"image\/png"}],"twitter_card":"summary_large_image","twitter_misc":{"Becs\u00fclt olvas\u00e1si id\u0151":"1 perc"},"schema":{"@context":"https:\/\/schema.org","@graph":[{"@type":"WebPage","@id":"https:\/\/mket.hu\/index.php\/mket-kozerdeku-adatok\/","url":"https:\/\/mket.hu\/index.php\/mket-kozerdeku-adatok\/","name":"K\u00f6z\u00e9rdek\u0171 Adatok - MKET","isPartOf":{"@id":"https:\/\/mket.hu\/#website"},"datePublished":"2021-07-29T12:59:35+00:00","dateModified":"2026-01-11T16:46:10+00:00","breadcrumb":{"@id":"https:\/\/mket.hu\/index.php\/mket-kozerdeku-adatok\/#breadcrumb"},"inLanguage":"hu","potentialAction":[{"@type":"ReadAction","target":["https:\/\/mket.hu\/index.php\/mket-kozerdeku-adatok\/"]}]},{"@type":"BreadcrumbList","@id":"https:\/\/mket.hu\/index.php\/mket-kozerdeku-adatok\/#breadcrumb","itemListElement":[{"@type":"ListItem","position":1,"name":"Kezd\u0151lap","item":"https:\/\/mket.hu\/"},{"@type":"ListItem","position":2,"name":"K\u00f6z\u00e9rdek\u0171 Adatok"}]},{"@type":"WebSite","@id":"https:\/\/mket.hu\/#website","url":"https:\/\/mket.hu\/","name":"MKET","description":"Magyar Kapcsolt Energia T\u00e1rsas\u00e1g","potentialAction":[{"@type":"SearchAction","target":{"@type":"EntryPoint","urlTemplate":"https:\/\/mket.hu\/?s={search_term_string}"},"query-input":"required name=search_term_string"}],"inLanguage":"hu"}]}},"_links":{"self":[{"href":"https:\/\/mket.hu\/index.php\/wp-json\/wp\/v2\/pages\/8553","targetHints":{"allow":["GET"]}}],"collection":[{"href":"https:\/\/mket.hu\/index.php\/wp-json\/wp\/v2\/pages"}],"about":[{"href":"https:\/\/mket.hu\/index.php\/wp-json\/wp\/v2\/types\/page"}],"author":[{"embeddable":true,"href":"https:\/\/mket.hu\/index.php\/wp-json\/wp\/v2\/users\/1"}],"replies":[{"embeddable":true,"href":"https:\/\/mket.hu\/index.php\/wp-json\/wp\/v2\/comments?post=8553"}],"version-history":[{"count":4,"href":"https:\/\/mket.hu\/index.php\/wp-json\/wp\/v2\/pages\/8553\/revisions"}],"predecessor-version":[{"id":9117,"href":"https:\/\/mket.hu\/index.php\/wp-json\/wp\/v2\/pages\/8553\/revisions\/9117"}],"wp:attachment":[{"href":"https:\/\/mket.hu\/index.php\/wp-json\/wp\/v2\/media?parent=8553"}],"curies":[{"name":"wp","href":"https:\/\/api.w.org\/{rel}","templated":true}]}}