{"id":8577,"date":"2021-08-04T07:55:15","date_gmt":"2021-08-04T07:55:15","guid":{"rendered":"https:\/\/dev.mket.hu\/?page_id=8577"},"modified":"2022-07-12T07:48:55","modified_gmt":"2022-07-12T07:48:55","slug":"mket-aktualitasok-publikaciok","status":"publish","type":"page","link":"https:\/\/mket.hu\/index.php\/mket-aktualitasok-publikaciok\/","title":{"rendered":"Aktualit\u00e1sok, Publik\u00e1ci\u00f3k"},"content":{"rendered":"<p>[vc_row][vc_column width=&#8221;1\/3&#8243;][vc_single_image image=&#8221;7549&#8243; img_size=&#8221;full&#8221;][\/vc_column][vc_column width=&#8221;2\/3&#8243;][vc_custom_heading text=&#8221;Aktualit\u00e1sok, Publik\u00e1ci\u00f3k&#8221; font_container=&#8221;tag:h2|font_size:65px|text_align:left|color:%236d6d6d|line_height:90px&#8221; google_fonts=&#8221;font_family:Ubuntu%3A300%2C300italic%2Cregular%2Citalic%2C500%2C500italic%2C700%2C700italic|font_style:700%20bold%20regular%3A700%3Anormal&#8221; css_animation=&#8221;bounceIn&#8221; css=&#8221;.vc_custom_1628063814137{border-radius: 4px !important;}&#8221;][\/vc_column][\/vc_row][vc_row][vc_column]<div class=\"blog-posts blog-posts-shortcode wow \"><div class=\"row\"><div class=\"vc_col-sm-4\">\n                      <article class=\"single-post list-view\">\n                        <div class=\"blog_custom\">\n\n\n                          <!-- POST THUMBNAIL -->\n                          <div class=\"col-md-12 post-thumbnail\">\n                              <a class=\"relative\" href=\"https:\/\/mket.hu\/index.php\/2024\/02\/08\/kiseromu_palyazat\/\"><img decoding=\"async\" class=\"blog_post_image\" src=\"https:\/\/mket.hu\/wp-content\/uploads\/2024\/02\/Kiseromu-palyazat-felhivas.png\" alt=\"P\u00e1ly\u00e1zati ki\u00edr\u00e1s\" \/><\/a>\n                          <\/div>\n\n\n\n\n\n                          <!-- POST DETAILS -->\n                          <div class=\"post-details col-md-12\">\n\n\n                            <h3 class=\"post-name row\">\n                              <a href=\"https:\/\/mket.hu\/index.php\/2024\/02\/08\/kiseromu_palyazat\/\" title=\"P\u00e1ly\u00e1zati ki\u00edr\u00e1s\">P\u00e1ly\u00e1zati ki\u00edr\u00e1s<\/a>\n                            <\/h3>\n\n                            <div class=\"post-excerpt row\">\n                                <p>\n<p><\/p>\n\n\n\n<p>\ud83d\udce3\ud83d\udce3 FIGYELEM! \ud83d\udce3\ud83d\udce3 2024. m\u00e1rcius 4. 16:00-ig meghosszab\u00edtjuk a p\u00e1ly\u00e1zatok bek\u00fcld\u00e9s\u00e9nek hat\u00e1ridej\u00e9t!<\/p>\n\n\n\n<p>\u201e<strong>A 2023. \u00e9v Legjobb Kapcsolt Energiatermel\u0151 Kiser\u0151m\u0171ve\u201d<\/strong><\/p>\n\n\n\n<p>A Magyar Kapcsolt Energia T\u00e1rsas\u00e1g (MKET) Eln\u00f6ks\u00e9ge, a 2007-ben hozott d\u00f6nt\u00e9se alapj\u00e1n meghirdeti az \u201e\u00c9v Kapcsolt<\/p>\n                                <div class=\"text-element content-element\">\n                                    <p> <a class=\"more-link\" href=\"https:\/\/mket.hu\/index.php\/2024\/02\/08\/kiseromu_palyazat\/\">Read More<i class=\"fa fa-long-arrow-right\" aria-hidden=\"true\"><\/i><\/a><\/p>\n                                <\/div>\n                            <\/div>\n                          <\/div>\n\n                          \n\n                        <\/div>\n                      <\/article>\n                    <\/div><div class=\"vc_col-sm-4\">\n                      <article class=\"single-post list-view\">\n                        <div class=\"blog_custom\">\n\n\n                          <!-- POST THUMBNAIL -->\n                          <div class=\"col-md-12 post-thumbnail\">\n                              <a class=\"relative\" href=\"https:\/\/mket.hu\/index.php\/2023\/04\/28\/2023-mket-konferencia\/\"><img decoding=\"async\" class=\"blog_post_image\" src=\"https:\/\/mket.hu\/wp-content\/uploads\/2023\/04\/MKET-Konferencia-2.png\" alt=\"2026 MKET Konferencia\" \/><\/a>\n                          <\/div>\n\n\n\n\n\n                          <!-- POST DETAILS -->\n                          <div class=\"post-details col-md-12\">\n\n\n                            <h3 class=\"post-name row\">\n                              <a href=\"https:\/\/mket.hu\/index.php\/2023\/04\/28\/2023-mket-konferencia\/\" title=\"2026 MKET Konferencia\">2026 MKET Konferencia<\/a>\n                            <\/h3>\n\n                            <div class=\"post-excerpt row\">\n                                <p>\n<h2 class=\"wp-block-heading\">XXIX. Kapcsolt H\u0151- \u00e9s Villamosenergia-termel\u00e9s Konferencia<\/h2>\n\n\n\n<p><strong>Adapt\u00e1l\u00f3d\u00e1s vagy proaktivit\u00e1s?<\/strong><\/p>\n\n\n\n<ol start=\"2026\" class=\"wp-block-list\">\n<li>m\u00e1rcius 10\u201312. k\u00f6z\u00f6tt imm\u00e1r <strong>huszonkilencedik alkalommal<\/strong> ker\u00fcl megrendez\u00e9sre a Kapcsolt H\u0151- \u00e9s Villamosenergia-termel\u00e9s Konferencia, amely a hazai energetikai szektor egyik legfontosabb szakmai tal\u00e1lkoz\u00f3ja.<\/p>\n                                <div class=\"text-element content-element\">\n                                    <p> <a class=\"more-link\" href=\"https:\/\/mket.hu\/index.php\/2023\/04\/28\/2023-mket-konferencia\/\">Read More<i class=\"fa fa-long-arrow-right\" aria-hidden=\"true\"><\/i><\/a><\/p>\n                                <\/div>\n                            <\/div>\n                          <\/div>\n\n                          \n\n                        <\/div>\n                      <\/article>\n                    <\/div><div class=\"vc_col-sm-4\">\n                      <article class=\"single-post list-view\">\n                        <div class=\"blog_custom\">\n\n\n                          <!-- POST THUMBNAIL -->\n                          <div class=\"col-md-12 post-thumbnail\">\n                              <a class=\"relative\" href=\"https:\/\/mket.hu\/index.php\/2022\/12\/29\/papp-andras-eloadasa-a-enkon-energetikai-szakkonferencian-2022-ben\/\"><img decoding=\"async\" class=\"blog_post_image\" src=\"https:\/\/mket.hu\/wp-content\/uploads\/2021\/04\/Nevtelen-1.png\" alt=\"Papp Andr\u00e1s el\u0151ad\u00e1sa a EnKon\u00a0Energetikai szakkonferenci\u00e1n 2022-ben\" \/><\/a>\n                          <\/div>\n\n\n\n\n\n                          <!-- POST DETAILS -->\n                          <div class=\"post-details col-md-12\">\n\n\n                            <h3 class=\"post-name row\">\n                              <a href=\"https:\/\/mket.hu\/index.php\/2022\/12\/29\/papp-andras-eloadasa-a-enkon-energetikai-szakkonferencian-2022-ben\/\" title=\"Papp Andr\u00e1s el\u0151ad\u00e1sa a EnKon\u00a0Energetikai szakkonferenci\u00e1n 2022-ben\">Papp Andr\u00e1s el\u0151ad\u00e1sa a EnKon\u00a0Energetikai szakkonferenci\u00e1n 2022-ben<\/a>\n                            <\/h3>\n\n                            <div class=\"post-excerpt row\">\n                                <p>\n<p>A kapcsolt termel\u00e9s \u00e9s a t\u00e1vh\u0151szektor r\u00f6vid-, k\u00f6z\u00e9pt\u00e1v\u00fa fejleszt\u00e9s\u00e9nek vizsg\u00e1lata \u2013 k\u00fcl\u00f6n\u00f6s tekintettel a t\u00e1vh\u0151\u00e1r szab\u00e1lyz\u00e1sra.<\/p>\n\n\n\n<p>A konferencia anyag\u00e1t az MKET eln\u00f6k enged\u00e9ly\u00e9vel itt tessz\u00fck publikuss\u00e1 \u00f6n\u00f6k fel\u00e9.<br><\/p>\n\n\n\n<!--more-->\n\n\n\n<h2 class=\"wp-block-heading\">Konferencianyag<\/h2>\n\n\n\n<p><\/p>\n\n\n\n<p>Papp Andr\u00e1s<\/p>\n\n\n\n<p>Eln\u00f6k, Magyar Kapcsolt Energia T\u00e1rsas\u00e1g<\/p>\n\n\n\n<p><a<\/p>\n                                <div class=\"text-element content-element\">\n                                    <p> <a class=\"more-link\" href=\"https:\/\/mket.hu\/index.php\/2022\/12\/29\/papp-andras-eloadasa-a-enkon-energetikai-szakkonferencian-2022-ben\/\">Read More<i class=\"fa fa-long-arrow-right\" aria-hidden=\"true\"><\/i><\/a><\/p>\n                                <\/div>\n                            <\/div>\n                          <\/div>\n\n                          \n\n                        <\/div>\n                      <\/article>\n                    <\/div><div class=\"vc_col-sm-4\">\n                      <article class=\"single-post list-view\">\n                        <div class=\"blog_custom\">\n\n\n                          <!-- POST THUMBNAIL -->\n                          <div class=\"col-md-12 post-thumbnail\">\n                              <a class=\"relative\" href=\"https:\/\/mket.hu\/index.php\/2022\/06\/08\/2022-mket-konferencia-beszamolo\/\"><img decoding=\"async\" class=\"blog_post_image\" src=\"https:\/\/mket.hu\/wp-content\/uploads\/2022\/06\/mket.png\" alt=\"2022 MKET Konferencia - Besz\u00e1mol\u00f3\" \/><\/a>\n                          <\/div>\n\n\n\n\n\n                          <!-- POST DETAILS -->\n                          <div class=\"post-details col-md-12\">\n\n\n                            <h3 class=\"post-name row\">\n                              <a href=\"https:\/\/mket.hu\/index.php\/2022\/06\/08\/2022-mket-konferencia-beszamolo\/\" title=\"2022 MKET Konferencia - Besz\u00e1mol\u00f3\">2022 MKET Konferencia - Besz\u00e1mol\u00f3<\/a>\n                            <\/h3>\n\n                            <div class=\"post-excerpt row\">\n                                <p>\n<p>Lezajlott a 2022-es konferenci\u00e1nk amely m\u00e1r a 25.-ik alkalommal rendezt\u00fcnk meg.<\/p>\n\n\n\n<!--more-->\n\n\n\n<p>K\u00f6sz\u00f6nj\u00fck, hogy r\u00e9szt vett az idei MKET Konferenci\u00e1n!<\/p>\n\n\n\n<p><\/p>\n\n\n\n<p><\/p>\n\n\n\n<p><\/p>\n\n\n\n<p><\/p>\n<\/p>\n                                <div class=\"text-element content-element\">\n                                    <p> <a class=\"more-link\" href=\"https:\/\/mket.hu\/index.php\/2022\/06\/08\/2022-mket-konferencia-beszamolo\/\">Read More<i class=\"fa fa-long-arrow-right\" aria-hidden=\"true\"><\/i><\/a><\/p>\n                                <\/div>\n                            <\/div>\n                          <\/div>\n\n                          \n\n                        <\/div>\n                      <\/article>\n                    <\/div><div class=\"vc_col-sm-4\">\n                      <article class=\"single-post list-view\">\n                        <div class=\"blog_custom\">\n\n\n                          <!-- POST THUMBNAIL -->\n                          <div class=\"col-md-12 post-thumbnail\">\n                              <a class=\"relative\" href=\"https:\/\/mket.hu\/index.php\/2022\/06\/03\/ez-egy-teszt-blog\/\"><img decoding=\"async\" class=\"blog_post_image\" src=\"https:\/\/mket.hu\/wp-content\/uploads\/2021\/04\/Nevtelen-1.png\" alt=\"2022 MKET Konferencia\" \/><\/a>\n                          <\/div>\n\n\n\n\n\n                          <!-- POST DETAILS -->\n                          <div class=\"post-details col-md-12\">\n\n\n                            <h3 class=\"post-name row\">\n                              <a href=\"https:\/\/mket.hu\/index.php\/2022\/06\/03\/ez-egy-teszt-blog\/\" title=\"2022 MKET Konferencia\">2022 MKET Konferencia<\/a>\n                            <\/h3>\n\n                            <div class=\"post-excerpt row\">\n                                <p>\n<p>Lezajlott a 2022-es konferenci\u00e1nk amely m\u00e1r a 25.-ik alkalommal rendezt\u00fcnk meg.<\/p>\n\n\n\n<!--more-->\n\n\n\n<p>A konferencia anyagait (Melyeket a tagok is enged\u00e9lyeztek) itt tessz\u00fck publikuss\u00e1 \u00f6n\u00f6k fel\u00e9.<br>A konferenci\u00e1t eln\u00f6ki k\u00f6sz\u00f6nt\u0151vel \u00e9s nyit\u00f3 el\u0151ad\u00e1ssal Papp Andr\u00e1s ind\u00edtotta el.<\/p>\n                                <div class=\"text-element content-element\">\n                                    <p> <a class=\"more-link\" href=\"https:\/\/mket.hu\/index.php\/2022\/06\/03\/ez-egy-teszt-blog\/\">Read More<i class=\"fa fa-long-arrow-right\" aria-hidden=\"true\"><\/i><\/a><\/p>\n                                <\/div>\n                            <\/div>\n                          <\/div>\n\n                          \n\n                        <\/div>\n                      <\/article>\n                    <\/div><\/div><\/div>[\/vc_column][\/vc_row]<\/p>\n","protected":false},"excerpt":{"rendered":"<p>[vc_row][vc_column width=&#8221;1\/3&#8243;][vc_single_image image=&#8221;7549&#8243; img_size=&#8221;full&#8221;][\/vc_column][vc_column width=&#8221;2\/3&#8243;][vc_custom_heading text=&#8221;Aktualit\u00e1sok, Publik\u00e1ci\u00f3k&#8221; font_container=&#8221;tag:h2|font_size:65px|text_align:left|color:%236d6d6d|line_height:90px&#8221; google_fonts=&#8221;font_family:Ubuntu%3A300%2C300italic%2Cregular%2Citalic%2C500%2C500italic%2C700%2C700italic|font_style:700%20bold%20regular%3A700%3Anormal&#8221; css_animation=&#8221;bounceIn&#8221; css=&#8221;.vc_custom_1628063814137{border-radius: 4px !important;}&#8221;][\/vc_column][\/vc_row][vc_row][vc_column][\/vc_column][\/vc_row]<\/p>\n","protected":false},"author":1,"featured_media":0,"parent":0,"menu_order":0,"comment_status":"closed","ping_status":"closed","template":"","meta":{"footnotes":""},"class_list":["post-8577","page","type-page","status-publish","hentry"],"featured_image_urls":{"full":"","thumbnail":"","medium":"","medium_large":"","large":"","mt_1250x700":"","mt_320x480":"","mt_900x550":"","1536x1536":"","2048x2048":"","yankeewp_related_post_pic500x300":"","yankeewp_post_pic700x450":"","yankeewp_post_widget_pic100x100":"","yankeewp_530x600":"","yankeewp_1150x400":"","yankeewp_1420x140":"","yankeewp_testimonials_150x150":"","yankeewp_clients_160x90":"","yankeewp_portfolio01_390x275":"","yankeewp_blogpost01_1420x170":"","yankeewp_about_625x415":"","yankeewp_testimonials02_250x530":""},"post_excerpt_stackable":"<p>[vc_row][vc_column width=&#8221;1\/3&#8243;][vc_single_image image=&#8221;7549&#8243; img_size=&#8221;full&#8221;][\/vc_column][vc_column width=&#8221;2\/3&#8243;][vc_custom_heading text=&#8221;Aktualit\u00e1sok, Publik\u00e1ci\u00f3k&#8221; font_container=&#8221;tag:h2|font_size:65px|text_align:left|color:%236d6d6d|line_height:90px&#8221; google_fonts=&#8221;font_family:Ubuntu%3A300%2C300italic%2Cregular%2Citalic%2C500%2C500italic%2C700%2C700italic|font_style:700%20bold%20regular%3A700%3Anormal&#8221; css_animation=&#8221;bounceIn&#8221; css=&#8221;.vc_custom_1628063814137{border-radius: 4px !important;}&#8221;][\/vc_column][\/vc_row][vc_row][vc_column] P\u00e1ly\u00e1zati ki\u00edr\u00e1s \ud83d\udce3\ud83d\udce3 FIGYELEM! \ud83d\udce3\ud83d\udce3 2024. m\u00e1rcius 4. 16:00-ig meghosszab\u00edtjuk a p\u00e1ly\u00e1zatok bek\u00fcld\u00e9s\u00e9nek hat\u00e1ridej\u00e9t! \u201eA 2023. \u00e9v Legjobb Kapcsolt Energiatermel\u0151 Kiser\u0151m\u0171ve\u201d A Magyar Kapcsolt Energia T\u00e1rsas\u00e1g (MKET) Eln\u00f6ks\u00e9ge, a 2007-ben hozott d\u00f6nt\u00e9se alapj\u00e1n meghirdeti az \u201e\u00c9v Kapcsolt Read More 2026 MKET Konferencia XXIX. Kapcsolt H\u0151- \u00e9s Villamosenergia-termel\u00e9s Konferencia Adapt\u00e1l\u00f3d\u00e1s vagy proaktivit\u00e1s? m\u00e1rcius 10\u201312. k\u00f6z\u00f6tt imm\u00e1r huszonkilencedik alkalommal ker\u00fcl megrendez\u00e9sre a Kapcsolt H\u0151- \u00e9s Villamosenergia-termel\u00e9s Konferencia, amely a hazai energetikai szektor egyik legfontosabb szakmai tal\u00e1lkoz\u00f3ja. Read More Papp Andr\u00e1s el\u0151ad\u00e1sa a EnKon\u00a0Energetikai szakkonferenci\u00e1n 2022-ben A kapcsolt termel\u00e9s \u00e9s&hellip;<\/p>\n","category_list":"","author_info":{"name":"admin","url":"https:\/\/mket.hu\/index.php\/author\/admin\/"},"comments_num":"0 comments","yoast_head":"<!-- This site is optimized with the Yoast SEO plugin v22.0 - https:\/\/yoast.com\/wordpress\/plugins\/seo\/ -->\n<title>Aktualit\u00e1sok, Publik\u00e1ci\u00f3k - MKET<\/title>\n<meta name=\"robots\" content=\"index, follow, max-snippet:-1, max-image-preview:large, max-video-preview:-1\" \/>\n<link rel=\"canonical\" href=\"https:\/\/mket.hu\/index.php\/mket-aktualitasok-publikaciok\/\" \/>\n<meta property=\"og:locale\" content=\"hu_HU\" \/>\n<meta property=\"og:type\" content=\"article\" \/>\n<meta property=\"og:title\" content=\"Aktualit\u00e1sok, Publik\u00e1ci\u00f3k - MKET\" \/>\n<meta property=\"og:description\" content=\"[vc_row][vc_column width=&#8221;1\/3&#8243;][vc_single_image image=&#8221;7549&#8243; img_size=&#8221;full&#8221;][\/vc_column][vc_column width=&#8221;2\/3&#8243;][vc_custom_heading text=&#8221;Aktualit\u00e1sok, Publik\u00e1ci\u00f3k&#8221; font_container=&#8221;tag:h2|font_size:65px|text_align:left|color:%236d6d6d|line_height:90px&#8221; google_fonts=&#8221;font_family:Ubuntu%3A300%2C300italic%2Cregular%2Citalic%2C500%2C500italic%2C700%2C700italic|font_style:700%20bold%20regular%3A700%3Anormal&#8221; css_animation=&#8221;bounceIn&#8221; css=&#8221;.vc_custom_1628063814137{border-radius: 4px !important;}&#8221;][\/vc_column][\/vc_row][vc_row][vc_column][\/vc_column][\/vc_row]\" \/>\n<meta property=\"og:url\" content=\"https:\/\/mket.hu\/index.php\/mket-aktualitasok-publikaciok\/\" \/>\n<meta property=\"og:site_name\" content=\"MKET\" \/>\n<meta property=\"article:modified_time\" content=\"2022-07-12T07:48:55+00:00\" \/>\n<meta property=\"og:image\" content=\"https:\/\/mket.hu\/wp-content\/uploads\/2021\/04\/mket_logo_300x118_png.png\" \/>\n\t<meta property=\"og:image:width\" content=\"300\" \/>\n\t<meta property=\"og:image:height\" content=\"118\" \/>\n\t<meta property=\"og:image:type\" content=\"image\/png\" \/>\n<meta name=\"twitter:card\" content=\"summary_large_image\" \/>\n<script type=\"application\/ld+json\" class=\"yoast-schema-graph\">{\"@context\":\"https:\/\/schema.org\",\"@graph\":[{\"@type\":\"WebPage\",\"@id\":\"https:\/\/mket.hu\/index.php\/mket-aktualitasok-publikaciok\/\",\"url\":\"https:\/\/mket.hu\/index.php\/mket-aktualitasok-publikaciok\/\",\"name\":\"Aktualit\u00e1sok, Publik\u00e1ci\u00f3k - MKET\",\"isPartOf\":{\"@id\":\"https:\/\/mket.hu\/#website\"},\"datePublished\":\"2021-08-04T07:55:15+00:00\",\"dateModified\":\"2022-07-12T07:48:55+00:00\",\"breadcrumb\":{\"@id\":\"https:\/\/mket.hu\/index.php\/mket-aktualitasok-publikaciok\/#breadcrumb\"},\"inLanguage\":\"hu\",\"potentialAction\":[{\"@type\":\"ReadAction\",\"target\":[\"https:\/\/mket.hu\/index.php\/mket-aktualitasok-publikaciok\/\"]}]},{\"@type\":\"BreadcrumbList\",\"@id\":\"https:\/\/mket.hu\/index.php\/mket-aktualitasok-publikaciok\/#breadcrumb\",\"itemListElement\":[{\"@type\":\"ListItem\",\"position\":1,\"name\":\"Kezd\u0151lap\",\"item\":\"https:\/\/mket.hu\/\"},{\"@type\":\"ListItem\",\"position\":2,\"name\":\"Aktualit\u00e1sok, Publik\u00e1ci\u00f3k\"}]},{\"@type\":\"WebSite\",\"@id\":\"https:\/\/mket.hu\/#website\",\"url\":\"https:\/\/mket.hu\/\",\"name\":\"MKET\",\"description\":\"Magyar Kapcsolt Energia T\u00e1rsas\u00e1g\",\"potentialAction\":[{\"@type\":\"SearchAction\",\"target\":{\"@type\":\"EntryPoint\",\"urlTemplate\":\"https:\/\/mket.hu\/?s={search_term_string}\"},\"query-input\":\"required name=search_term_string\"}],\"inLanguage\":\"hu\"}]}<\/script>\n<!-- \/ Yoast SEO plugin. -->","yoast_head_json":{"title":"Aktualit\u00e1sok, Publik\u00e1ci\u00f3k - MKET","robots":{"index":"index","follow":"follow","max-snippet":"max-snippet:-1","max-image-preview":"max-image-preview:large","max-video-preview":"max-video-preview:-1"},"canonical":"https:\/\/mket.hu\/index.php\/mket-aktualitasok-publikaciok\/","og_locale":"hu_HU","og_type":"article","og_title":"Aktualit\u00e1sok, Publik\u00e1ci\u00f3k - MKET","og_description":"[vc_row][vc_column width=&#8221;1\/3&#8243;][vc_single_image image=&#8221;7549&#8243; img_size=&#8221;full&#8221;][\/vc_column][vc_column width=&#8221;2\/3&#8243;][vc_custom_heading text=&#8221;Aktualit\u00e1sok, Publik\u00e1ci\u00f3k&#8221; font_container=&#8221;tag:h2|font_size:65px|text_align:left|color:%236d6d6d|line_height:90px&#8221; google_fonts=&#8221;font_family:Ubuntu%3A300%2C300italic%2Cregular%2Citalic%2C500%2C500italic%2C700%2C700italic|font_style:700%20bold%20regular%3A700%3Anormal&#8221; css_animation=&#8221;bounceIn&#8221; css=&#8221;.vc_custom_1628063814137{border-radius: 4px !important;}&#8221;][\/vc_column][\/vc_row][vc_row][vc_column][\/vc_column][\/vc_row]","og_url":"https:\/\/mket.hu\/index.php\/mket-aktualitasok-publikaciok\/","og_site_name":"MKET","article_modified_time":"2022-07-12T07:48:55+00:00","og_image":[{"width":300,"height":118,"url":"https:\/\/mket.hu\/wp-content\/uploads\/2021\/04\/mket_logo_300x118_png.png","type":"image\/png"}],"twitter_card":"summary_large_image","schema":{"@context":"https:\/\/schema.org","@graph":[{"@type":"WebPage","@id":"https:\/\/mket.hu\/index.php\/mket-aktualitasok-publikaciok\/","url":"https:\/\/mket.hu\/index.php\/mket-aktualitasok-publikaciok\/","name":"Aktualit\u00e1sok, Publik\u00e1ci\u00f3k - MKET","isPartOf":{"@id":"https:\/\/mket.hu\/#website"},"datePublished":"2021-08-04T07:55:15+00:00","dateModified":"2022-07-12T07:48:55+00:00","breadcrumb":{"@id":"https:\/\/mket.hu\/index.php\/mket-aktualitasok-publikaciok\/#breadcrumb"},"inLanguage":"hu","potentialAction":[{"@type":"ReadAction","target":["https:\/\/mket.hu\/index.php\/mket-aktualitasok-publikaciok\/"]}]},{"@type":"BreadcrumbList","@id":"https:\/\/mket.hu\/index.php\/mket-aktualitasok-publikaciok\/#breadcrumb","itemListElement":[{"@type":"ListItem","position":1,"name":"Kezd\u0151lap","item":"https:\/\/mket.hu\/"},{"@type":"ListItem","position":2,"name":"Aktualit\u00e1sok, Publik\u00e1ci\u00f3k"}]},{"@type":"WebSite","@id":"https:\/\/mket.hu\/#website","url":"https:\/\/mket.hu\/","name":"MKET","description":"Magyar Kapcsolt Energia T\u00e1rsas\u00e1g","potentialAction":[{"@type":"SearchAction","target":{"@type":"EntryPoint","urlTemplate":"https:\/\/mket.hu\/?s={search_term_string}"},"query-input":"required name=search_term_string"}],"inLanguage":"hu"}]}},"_links":{"self":[{"href":"https:\/\/mket.hu\/index.php\/wp-json\/wp\/v2\/pages\/8577","targetHints":{"allow":["GET"]}}],"collection":[{"href":"https:\/\/mket.hu\/index.php\/wp-json\/wp\/v2\/pages"}],"about":[{"href":"https:\/\/mket.hu\/index.php\/wp-json\/wp\/v2\/types\/page"}],"author":[{"embeddable":true,"href":"https:\/\/mket.hu\/index.php\/wp-json\/wp\/v2\/users\/1"}],"replies":[{"embeddable":true,"href":"https:\/\/mket.hu\/index.php\/wp-json\/wp\/v2\/comments?post=8577"}],"version-history":[{"count":5,"href":"https:\/\/mket.hu\/index.php\/wp-json\/wp\/v2\/pages\/8577\/revisions"}],"predecessor-version":[{"id":8750,"href":"https:\/\/mket.hu\/index.php\/wp-json\/wp\/v2\/pages\/8577\/revisions\/8750"}],"wp:attachment":[{"href":"https:\/\/mket.hu\/index.php\/wp-json\/wp\/v2\/media?parent=8577"}],"curies":[{"name":"wp","href":"https:\/\/api.w.org\/{rel}","templated":true}]}}