{"id":8765,"date":"2022-07-26T17:46:24","date_gmt":"2022-07-26T17:46:24","guid":{"rendered":"https:\/\/mket.hu\/?page_id=8765"},"modified":"2026-03-16T11:20:12","modified_gmt":"2026-03-16T11:20:12","slug":"esemenyek","status":"publish","type":"page","link":"https:\/\/mket.hu\/index.php\/esemenyek\/","title":{"rendered":"Konferencia 2026"},"content":{"rendered":"<p>[vc_row][vc_column width=&#8221;1\/3&#8243;][vc_single_image image=&#8221;7549&#8243; img_size=&#8221;full&#8221; css=&#8221;.vc_custom_1658858060802{margin-top: 0px !important;}&#8221;][\/vc_column][vc_column width=&#8221;2\/3&#8243;][vc_custom_heading text=&#8221;Esem\u00e9nyek &#8211; Konferencia 2026&#8243; font_container=&#8221;tag:h3|font_size:65px|text_align:left|color:%236d6d6d|line_height:90px&#8221; google_fonts=&#8221;font_family:Ubuntu%3A300%2C300italic%2Cregular%2Citalic%2C500%2C500italic%2C700%2C700italic|font_style:700%20bold%20regular%3A700%3Anormal&#8221; css_animation=&#8221;bounceIn&#8221; css=&#8221;.vc_custom_1771398295296{border-radius: 4px !important;}&#8221;][\/vc_column][\/vc_row][vc_row][vc_column][vc_gallery type=&#8221;flexslider_slide&#8221; interval=&#8221;10&#8243; images=&#8221;9281,9239,9243,9277,9286,9246,9244,9256,9245,9247,9248,9273,9249,9250,9265,9251,9252,9240,9253,9254,9255,9257,9258,9259,9269,9241,9260,9261,9262,9263,9264,9266,9242,9267,9268,9270,9271,9272,9274,9275,9276,9278,9279,9280,9282,9283,9284,9285,9295,9287,9288,9289,9290,9291,9292,9293,9294,9296,9297,9298,9299,9300,9301,9302,9303,9304,9305,9306,9307,9308,9309,9310,9311,9312,9313,9314,9315,9316,9317,9318,9319,9320,9321,9322,9323,9324,9325,9326,9327,9328,9329,9330,9331,9332,9333,9334,9335,9336,9337,9338,9339,9340,9341,9342,9343,9344,9345,9346,9347,9348,9349&#8243;][\/vc_column][\/vc_row][vc_row][vc_column][vc_single_image image=&#8221;9124&#8243; img_size=&#8221;large&#8221; alignment=&#8221;center&#8221;][vc_column_text css=&#8221;.vc_custom_1770965202013{margin-top: 32px !important;}&#8221;]<\/p>\n<h3 style=\"text-align: center;\">XXIX. KAPCSOLT H\u0150- \u00c9S VILLAMOSENERGIA-TERMEL\u00c9S KONFERENCIA<\/h3>\n<p>[\/vc_column_text][vc_column_text]<\/p>\n<h3 style=\"text-align: center;\">2026. M\u00c1RCIUS 10-12.<br \/>\nHOTEL \u00d3ZON &amp; LUXURY VILLAS **** SUPERIOR M\u00c1TRAF\u00dcRED<\/h3>\n<p>[\/vc_column_text][vc_column_text css=&#8221;.vc_custom_1770965549967{margin-top: 32px !important;}&#8221;]<\/p>\n<p style=\"text-align: center;\">A Magyar Kapcsolt Energia Ta\u0301rsasa\u0301g (MKET) 2026-ban u\u0308nnepli fenna\u0301lla\u0301sa\u0301nak 30. jubileuma\u0301t. Az elmu\u0301lt ha\u0301rom e\u0301vtized sora\u0301n mindig rugalmasan reaga\u0301ltunk az energetikai szektor kihi\u0301va\u0301saira, e\u0301s ezt az o\u0308ro\u0308kse\u0301get tova\u0301bbra is folytatjuk. Erre a jeles e\u0301vfordulo\u0301ra egy szakmai konferencia keretein belu\u0308l is meg fogunk emle\u0301kezni 2026. ma\u0301rcius 10-12. ko\u0308zo\u0308tt, a Ma\u0301traha\u0301za\u0301n tala\u0301lhato\u0301 Hotel O\u0301zon sza\u0301lloda\u0301ban.<\/p>\n<p style=\"text-align: center;\">Az MKET sza\u0301ma\u0301ra a kapcsolt energiatermele\u0301s a rugalmassa\u0301g e\u0301s az energiaella\u0301ta\u0301s biztonsa\u0301ga\u0301nak kulcsa. A magasabb hata\u0301sfok, a fenntarthato\u0301 mu\u030bko\u0308de\u0301s e\u0301s a cso\u0308kkeno\u030b biolo\u0301giai la\u0301bnyom egyara\u0301nt azt jelzik, hogy a kapcsolt termele\u0301s elo\u030btt me\u0301g jelento\u030bs leheto\u030bse\u0301gek a\u0301llnak haza\u0301nkban. Az MKET elno\u0308kse\u0301ge nem csupa\u0301n szakmai felelo\u030bsse\u0301ge\u0301nek e\u0301rzi a folyamatos fejlo\u030bde\u0301s ta\u0301mogata\u0301sa\u0301t, hanem mindannyiunk szeme\u0301lyes ku\u0308ldete\u0301se\u0301ve\u0301 is va\u0301lt, hogy az energetikai szaba\u0301lyoza\u0301s forma\u0301la\u0301sa\u0301ban, valamint az unio\u0301s kli\u0301ma- e\u0301s gazdasa\u0301gpolitikai ce\u0301lok hazai integra\u0301cio\u0301ja\u0301ban akti\u0301van ke\u0301pviselju\u0308k ko\u0308zo\u0308sse\u0301gu\u0308nket.<\/p>\n<p style=\"text-align: center;\">A 2026. ma\u0301rciusa\u0301ban megrendeze\u0301sre keru\u0308lo\u030b konferencia veze\u0301rmoti\u0301vuma:<\/p>\n<p>[\/vc_column_text][vc_column_text css=&#8221;.vc_custom_1770965586222{margin-top: 15px !important;}&#8221;]<\/p>\n<h3 style=\"text-align: center;\"><strong>\u201eAdapta\u0301cio\u0301 vagy proaktivita\u0301s?\u201d<\/strong><\/h3>\n<p>[\/vc_column_text][vc_column_text css=&#8221;.vc_custom_1770965577498{margin-top: 15px !important;}&#8221;]<\/p>\n<p style=\"text-align: center;\">Ez nemcsak ke\u0301rde\u0301s, hanem felhi\u0301va\u0301s is: hogyan viszonyuljunk a va\u0301ltozo\u0301 ko\u0308rnyezethez, milyen utakat jelo\u0308l ki sza\u0301munkra a zo\u0308ld a\u0301tmenet, e\u0301s mike\u0301nt o\u030brizheto\u030b meg az ella\u0301ta\u0301sbiztonsa\u0301g egy olyan ipara\u0301gban, ahol az informa\u0301cio\u0301ve\u0301delem e\u0301s a fenntarthato\u0301sa\u0301g egyszerre va\u0301lt ne\u0301lku\u0308lo\u0308zhetetlenne\u0301?<\/p>\n<p style=\"text-align: center;\">A program kiemelt te\u0301ma\u0301i ko\u0308zo\u0308tt szerepel egyebek mellett:<br \/>\na zo\u0308ld ta\u0301vho\u030bszolga\u0301ltata\u0301s e\u0301s megu\u0301julo\u0301 alapu\u0301 energetikai fejleszte\u0301sek,<\/p>\n<p style=\"text-align: center;\">a MARI\u2013Picasso platformhoz to\u0308rte\u0301no\u030b csatlakoza\u0301s e\u0301s annak hata\u0301sa az ella\u0301ta\u0301sbiztonsa\u0301gra,<\/p>\n<p style=\"text-align: center;\">az informa\u0301cio\u0301biztonsa\u0301g, a NIS2 ira\u0301nyelv, tova\u0301bba\u0301 az AI szerepe az energetika\u0301ban.A konferencia ce\u0301lja, hogy inspira\u0301lo\u0301 szakmai pa\u0301rbesze\u0301det indi\u0301tson el a hazai kapcsolt ero\u030bmu\u030bvek fenntarthato\u0301 jo\u0308vo\u030bje\u0301ro\u030bl.<\/p>\n<p>[\/vc_column_text][vc_column_text]<\/p>\n<h3 style=\"text-align: center;\"><a href=\"https:\/\/mket.hu\/wp-content\/uploads\/2026\/01\/2026_jelentkezesi_lap_MKET.docx\">Jelentkez\u00e9si Lap<\/a> let\u00f6lt\u00e9se<\/h3>\n<p>[\/vc_column_text][vc_column_text]<\/p>\n<h3 style=\"text-align: center;\"><a href=\"https:\/\/mket.hu\/wp-content\/uploads\/2026\/03\/MKET-Program.pdf\">Program<\/a> &#8211; Magyarul<\/h3>\n<p>[\/vc_column_text][vc_column_text]<\/p>\n<h3 style=\"text-align: center;\"><a href=\"https:\/\/mket.hu\/wp-content\/uploads\/2026\/02\/2026_.pdf\">Program<\/a> &#8211; let\u00f6lt\u00e9se<\/h3>\n<p>[\/vc_column_text][vc_column_text]<\/p>\n<h3 style=\"text-align: center;\"><a href=\"https:\/\/mket.hu\/wp-content\/uploads\/2026\/02\/konferencia-program_2026_eng_.pdf\">Program<\/a> &#8211; ENGLISH Version<\/h3>\n<p>[\/vc_column_text][vc_column_text]<\/p>\n<h5 style=\"text-align: center;\">A program t\u00e1j\u00e9koztat\u00f3 jelleg\u0171, jelenleg v\u00e9gleges\u00edt\u00e9s alatt \u00e1ll, a v\u00e1ltoz\u00e1s jog\u00e1t fenntartjuk.<\/h5>\n<p>[\/vc_column_text][\/vc_column][\/vc_row][vc_row][vc_column][vc_single_image image=&#8221;9141&#8243; img_size=&#8221;medium&#8221; alignment=&#8221;center&#8221;][vc_column_text css=&#8221;.vc_custom_1770966576757{margin-top: 32px !important;}&#8221;]<\/p>\n<h3 style=\"text-align: center;\">P\u00e1ly\u00e1zati felh\u00edv\u00e1s<\/h3>\n<p>[\/vc_column_text][vc_column_text]<\/p>\n<h3 style=\"text-align: center;\">\u00c9v Legjobb Kapcsolt Energiatermel\u0151 Kiser\u0151m\u0171ve \u2013 2026<\/h3>\n<p>[\/vc_column_text][vc_column_text css=&#8221;.vc_custom_1770966968006{margin-top: 32px !important;}&#8221;]<\/p>\n<p style=\"text-align: center;\">\u00e1rsas\u00e1gunk 1996-os megalakul\u00e1sa \u00f3ta elk\u00f6telezetten dolgozik azon, hogy a kapcsolt energiatermel\u00e9s haz\u00e1nkban sz\u00e9les k\u00f6rben elterjedjen, folyamatosan fejl\u0151dj\u00f6n, \u00e9s gazdas\u00e1gi, valamint k\u00f6rnyezetv\u00e9delmi el\u0151nyei egyar\u00e1nt elismer\u00e9st nyerjenek. K\u00fcl\u00f6n\u00f6sen az ipari l\u00e9tes\u00edtm\u00e9nyek beruh\u00e1z\u00e1sai sor\u00e1n mutatkoznak meg a kapcsolt energiatermel\u00e9s el\u0151nyei, ahol a rendszerek magas hat\u00e1sfokkal, nagy kihaszn\u00e1lts\u00e1ggal \u00e9s gazdas\u00e1gosan \u00fczemelnek.<\/p>\n<p style=\"text-align: center;\">A j\u00f6v\u0151ben kiemelt figyelmet ford\u00edtunk az ipari kapcsolt kiser\u0151m\u0171vekre, \u00e9s c\u00e9lunk, hogy ezeket a l\u00e9tes\u00edtm\u00e9nyeket akt\u00edvan bevonjuk szakmai tev\u00e9kenys\u00e9geinkbe \u2013 konferenci\u00e1ink el\u0151ad\u00e1sain, valamint szakmai l\u00e1togat\u00e1sok keret\u00e9ben egyar\u00e1nt.<\/p>\n<p style=\"text-align: center;\">Ennek jegy\u00e9ben id\u00e9n ism\u00e9t meghirdetj\u00fck az<br \/>\n\u201e\u00c9v Legjobb Kapcsolt Energiatermel\u0151 Kiser\u0151m\u0171ve\u201d p\u00e1ly\u00e1zatot.<\/p>\n<p style=\"text-align: center;\">B\u00edzunk benne, hogy \u00d6n\u00f6k is csatlakoznak ehhez a szakmai kezdem\u00e9nyez\u00e9shez, \u00e9s bemutatj\u00e1k kiser\u0151m\u0171v\u00fck eredm\u00e9nyeit, j\u00f3 gyakorlatait.<\/p>\n<p style=\"text-align: center;\"><strong>P\u00e1ly\u00e1zati inform\u00e1ci\u00f3k<\/strong><br \/>\nA <a href=\"https:\/\/mket.hu\/wp-content\/uploads\/2026\/01\/Palyazati-kiiras_kiseromu_2025.pdf\">p\u00e1ly\u00e1zati ki\u00edr\u00e1s<\/a>, a r\u00e9szv\u00e9teli felt\u00e9telek \u00e9s a <a href=\"https:\/\/mket.hu\/wp-content\/uploads\/2026\/01\/MKET-Urlap_kiseromu-palyazat_2025.evrol-.xlsx\">kit\u00f6ltend\u0151 adatlap<\/a> let\u00f6lthet\u0151 .<\/p>\n<p style=\"text-align: center;\"><strong>Bek\u00fcld\u00e9si hat\u00e1rid\u0151: 2026. febru\u00e1r 14.<\/strong><\/p>\n<p style=\"text-align: center;\">Beny\u00fajt\u00e1s m\u00f3dja: e-mailben, a <strong>mket@mket.hu<\/strong> c\u00edmre, a kit\u00f6lt\u00f6tt Excel form\u00e1tum\u00fa adatlap elektronikus megk\u00fcld\u00e9s\u00e9vel.<\/p>\n<p style=\"text-align: center;\">A be\u00e9rkezett p\u00e1ly\u00e1zatokat a kor\u00e1bbi \u00e9vek gyakorlat\u00e1nak megfelel\u0151en egy h\u00e1romtag\u00fa, f\u00fcggetlen b\u00edr\u00e1l\u00f3 bizotts\u00e1g \u00e9rt\u00e9keli.<\/p>\n<p style=\"text-align: center;\">V\u00e1rjuk megtisztel\u0151 p\u00e1ly\u00e1zati jelentkez\u00e9s\u00fcket!<\/p>\n<p>[\/vc_column_text][\/vc_column][\/vc_row][vc_row][vc_column][vc_column_text]<\/p>\n<h2 style=\"text-align: center;\">K\u00f6sz\u00f6nj\u00fck a\u00a0 konferencia t\u00e1mogat\u00e1s\u00e1t!<\/h2>\n<p>[\/vc_column_text][\/vc_column][\/vc_row][vc_row][vc_column][vc_single_image image=&#8221;9234&#8243; img_size=&#8221;full&#8221; alignment=&#8221;center&#8221;][\/vc_column][\/vc_row][vc_row][vc_column][vc_single_image image=&#8221;9232&#8243; img_size=&#8221;full&#8221; alignment=&#8221;center&#8221;][\/vc_column][\/vc_row]<\/p>\n","protected":false},"excerpt":{"rendered":"<p>[vc_row][vc_column width=&#8221;1\/3&#8243;][vc_single_image image=&#8221;7549&#8243; img_size=&#8221;full&#8221; css=&#8221;.vc_custom_1658858060802{margin-top: 0px !important;}&#8221;][\/vc_column][vc_column width=&#8221;2\/3&#8243;][vc_custom_heading text=&#8221;Esem\u00e9nyek &#8211; Konferencia 2026&#8243; font_container=&#8221;tag:h3|font_size:65px|text_align:left|color:%236d6d6d|line_height:90px&#8221; google_fonts=&#8221;font_family:Ubuntu%3A300%2C300italic%2Cregular%2Citalic%2C500%2C500italic%2C700%2C700italic|font_style:700%20bold%20regular%3A700%3Anormal&#8221; css_animation=&#8221;bounceIn&#8221; css=&#8221;.vc_custom_1771398295296{border-radius: 4px !important;}&#8221;][\/vc_column][\/vc_row][vc_row][vc_column][vc_gallery type=&#8221;flexslider_slide&#8221; interval=&#8221;10&#8243; images=&#8221;9281,9239,9243,9277,9286,9246,9244,9256,9245,9247,9248,9273,9249,9250,9265,9251,9252,9240,9253,9254,9255,9257,9258,9259,9269,9241,9260,9261,9262,9263,9264,9266,9242,9267,9268,9270,9271,9272,9274,9275,9276,9278,9279,9280,9282,9283,9284,9285,9295,9287,9288,9289,9290,9291,9292,9293,9294,9296,9297,9298,9299,9300,9301,9302,9303,9304,9305,9306,9307,9308,9309,9310,9311,9312,9313,9314,9315,9316,9317,9318,9319,9320,9321,9322,9323,9324,9325,9326,9327,9328,9329,9330,9331,9332,9333,9334,9335,9336,9337,9338,9339,9340,9341,9342,9343,9344,9345,9346,9347,9348,9349&#8243;][\/vc_column][\/vc_row][vc_row][vc_column][vc_single_image image=&#8221;9124&#8243; img_size=&#8221;large&#8221; alignment=&#8221;center&#8221;][vc_column_text css=&#8221;.vc_custom_1770965202013{margin-top: 32px !important;}&#8221;] XXIX. KAPCSOLT H\u0150- \u00c9S VILLAMOSENERGIA-TERMEL\u00c9S KONFERENCIA [\/vc_column_text][vc_column_text] 2026. M\u00c1RCIUS 10-12. HOTEL \u00d3ZON &amp; LUXURY VILLAS **** SUPERIOR M\u00c1TRAF\u00dcRED [\/vc_column_text][vc_column_text css=&#8221;.vc_custom_1770965549967{margin-top: 32px !important;}&#8221;] A Magyar Kapcsolt Energia Ta\u0301rsasa\u0301g (MKET) [&hellip;]<\/p>\n","protected":false},"author":1,"featured_media":0,"parent":0,"menu_order":0,"comment_status":"closed","ping_status":"closed","template":"","meta":{"footnotes":""},"class_list":["post-8765","page","type-page","status-publish","hentry"],"featured_image_urls":{"full":"","thumbnail":"","medium":"","medium_large":"","large":"","mt_1250x700":"","mt_320x480":"","mt_900x550":"","1536x1536":"","2048x2048":"","yankeewp_related_post_pic500x300":"","yankeewp_post_pic700x450":"","yankeewp_post_widget_pic100x100":"","yankeewp_530x600":"","yankeewp_1150x400":"","yankeewp_1420x140":"","yankeewp_testimonials_150x150":"","yankeewp_clients_160x90":"","yankeewp_portfolio01_390x275":"","yankeewp_blogpost01_1420x170":"","yankeewp_about_625x415":"","yankeewp_testimonials02_250x530":""},"post_excerpt_stackable":"<p>[vc_row][vc_column width=&#8221;1\/3&#8243;][vc_single_image image=&#8221;7549&#8243; img_size=&#8221;full&#8221; css=&#8221;.vc_custom_1658858060802{margin-top: 0px !important;}&#8221;][\/vc_column][vc_column width=&#8221;2\/3&#8243;][vc_custom_heading text=&#8221;Esem\u00e9nyek &#8211; Konferencia 2026&#8243; font_container=&#8221;tag:h3|font_size:65px|text_align:left|color:%236d6d6d|line_height:90px&#8221; google_fonts=&#8221;font_family:Ubuntu%3A300%2C300italic%2Cregular%2Citalic%2C500%2C500italic%2C700%2C700italic|font_style:700%20bold%20regular%3A700%3Anormal&#8221; css_animation=&#8221;bounceIn&#8221; css=&#8221;.vc_custom_1771398295296{border-radius: 4px !important;}&#8221;][\/vc_column][\/vc_row][vc_row][vc_column][vc_gallery type=&#8221;flexslider_slide&#8221; interval=&#8221;10&#8243; images=&#8221;9281,9239,9243,9277,9286,9246,9244,9256,9245,9247,9248,9273,9249,9250,9265,9251,9252,9240,9253,9254,9255,9257,9258,9259,9269,9241,9260,9261,9262,9263,9264,9266,9242,9267,9268,9270,9271,9272,9274,9275,9276,9278,9279,9280,9282,9283,9284,9285,9295,9287,9288,9289,9290,9291,9292,9293,9294,9296,9297,9298,9299,9300,9301,9302,9303,9304,9305,9306,9307,9308,9309,9310,9311,9312,9313,9314,9315,9316,9317,9318,9319,9320,9321,9322,9323,9324,9325,9326,9327,9328,9329,9330,9331,9332,9333,9334,9335,9336,9337,9338,9339,9340,9341,9342,9343,9344,9345,9346,9347,9348,9349&#8243;][\/vc_column][\/vc_row][vc_row][vc_column][vc_single_image image=&#8221;9124&#8243; img_size=&#8221;large&#8221; alignment=&#8221;center&#8221;][vc_column_text css=&#8221;.vc_custom_1770965202013{margin-top: 32px !important;}&#8221;] XXIX. KAPCSOLT H\u0150- \u00c9S VILLAMOSENERGIA-TERMEL\u00c9S KONFERENCIA [\/vc_column_text][vc_column_text] 2026. M\u00c1RCIUS 10-12. HOTEL \u00d3ZON &amp; LUXURY VILLAS **** SUPERIOR M\u00c1TRAF\u00dcRED [\/vc_column_text][vc_column_text css=&#8221;.vc_custom_1770965549967{margin-top: 32px !important;}&#8221;] A Magyar Kapcsolt Energia Ta\u0301rsasa\u0301g (MKET) 2026-ban u\u0308nnepli fenna\u0301lla\u0301sa\u0301nak 30. jubileuma\u0301t. Az elmu\u0301lt ha\u0301rom e\u0301vtized sora\u0301n mindig rugalmasan reaga\u0301ltunk az energetikai szektor kihi\u0301va\u0301saira, e\u0301s ezt az o\u0308ro\u0308kse\u0301get tova\u0301bbra is folytatjuk. Erre a jeles e\u0301vfordulo\u0301ra egy szakmai konferencia keretein belu\u0308l is meg fogunk emle\u0301kezni 2026. ma\u0301rcius 10-12. ko\u0308zo\u0308tt, a Ma\u0301traha\u0301za\u0301n tala\u0301lhato\u0301 Hotel&hellip;<\/p>\n","category_list":"","author_info":{"name":"admin","url":"https:\/\/mket.hu\/index.php\/author\/admin\/"},"comments_num":"0 comments","yoast_head":"<!-- This site is optimized with the Yoast SEO plugin v22.0 - https:\/\/yoast.com\/wordpress\/plugins\/seo\/ -->\n<title>Konferencia 2026 - MKET<\/title>\n<meta name=\"robots\" content=\"index, follow, max-snippet:-1, max-image-preview:large, max-video-preview:-1\" \/>\n<link rel=\"canonical\" href=\"https:\/\/mket.hu\/index.php\/esemenyek\/\" \/>\n<meta property=\"og:locale\" content=\"hu_HU\" \/>\n<meta property=\"og:type\" content=\"article\" \/>\n<meta property=\"og:title\" content=\"Konferencia 2026 - MKET\" \/>\n<meta property=\"og:description\" content=\"[vc_row][vc_column width=&#8221;1\/3&#8243;][vc_single_image image=&#8221;7549&#8243; img_size=&#8221;full&#8221; css=&#8221;.vc_custom_1658858060802{margin-top: 0px !important;}&#8221;][\/vc_column][vc_column width=&#8221;2\/3&#8243;][vc_custom_heading text=&#8221;Esem\u00e9nyek &#8211; Konferencia 2026&#8243; font_container=&#8221;tag:h3|font_size:65px|text_align:left|color:%236d6d6d|line_height:90px&#8221; google_fonts=&#8221;font_family:Ubuntu%3A300%2C300italic%2Cregular%2Citalic%2C500%2C500italic%2C700%2C700italic|font_style:700%20bold%20regular%3A700%3Anormal&#8221; css_animation=&#8221;bounceIn&#8221; css=&#8221;.vc_custom_1771398295296{border-radius: 4px !important;}&#8221;][\/vc_column][\/vc_row][vc_row][vc_column][vc_gallery type=&#8221;flexslider_slide&#8221; interval=&#8221;10&#8243; images=&#8221;9281,9239,9243,9277,9286,9246,9244,9256,9245,9247,9248,9273,9249,9250,9265,9251,9252,9240,9253,9254,9255,9257,9258,9259,9269,9241,9260,9261,9262,9263,9264,9266,9242,9267,9268,9270,9271,9272,9274,9275,9276,9278,9279,9280,9282,9283,9284,9285,9295,9287,9288,9289,9290,9291,9292,9293,9294,9296,9297,9298,9299,9300,9301,9302,9303,9304,9305,9306,9307,9308,9309,9310,9311,9312,9313,9314,9315,9316,9317,9318,9319,9320,9321,9322,9323,9324,9325,9326,9327,9328,9329,9330,9331,9332,9333,9334,9335,9336,9337,9338,9339,9340,9341,9342,9343,9344,9345,9346,9347,9348,9349&#8243;][\/vc_column][\/vc_row][vc_row][vc_column][vc_single_image image=&#8221;9124&#8243; img_size=&#8221;large&#8221; alignment=&#8221;center&#8221;][vc_column_text css=&#8221;.vc_custom_1770965202013{margin-top: 32px !important;}&#8221;] XXIX. KAPCSOLT H\u0150- \u00c9S VILLAMOSENERGIA-TERMEL\u00c9S KONFERENCIA [\/vc_column_text][vc_column_text] 2026. M\u00c1RCIUS 10-12. HOTEL \u00d3ZON &amp; LUXURY VILLAS **** SUPERIOR M\u00c1TRAF\u00dcRED [\/vc_column_text][vc_column_text css=&#8221;.vc_custom_1770965549967{margin-top: 32px !important;}&#8221;] A Magyar Kapcsolt Energia Ta\u0301rsasa\u0301g (MKET) [&hellip;]\" \/>\n<meta property=\"og:url\" content=\"https:\/\/mket.hu\/index.php\/esemenyek\/\" \/>\n<meta property=\"og:site_name\" content=\"MKET\" \/>\n<meta property=\"article:modified_time\" content=\"2026-03-16T11:20:12+00:00\" \/>\n<meta property=\"og:image\" content=\"https:\/\/mket.hu\/wp-content\/uploads\/2021\/04\/mket_logo_300x118_png.png\" \/>\n\t<meta property=\"og:image:width\" content=\"300\" \/>\n\t<meta property=\"og:image:height\" content=\"118\" \/>\n\t<meta property=\"og:image:type\" content=\"image\/png\" \/>\n<meta name=\"twitter:card\" content=\"summary_large_image\" \/>\n<meta name=\"twitter:label1\" content=\"Becs\u00fclt olvas\u00e1si id\u0151\" \/>\n\t<meta name=\"twitter:data1\" content=\"3 perc\" \/>\n<script type=\"application\/ld+json\" class=\"yoast-schema-graph\">{\"@context\":\"https:\/\/schema.org\",\"@graph\":[{\"@type\":\"WebPage\",\"@id\":\"https:\/\/mket.hu\/index.php\/esemenyek\/\",\"url\":\"https:\/\/mket.hu\/index.php\/esemenyek\/\",\"name\":\"Konferencia 2026 - MKET\",\"isPartOf\":{\"@id\":\"https:\/\/mket.hu\/#website\"},\"datePublished\":\"2022-07-26T17:46:24+00:00\",\"dateModified\":\"2026-03-16T11:20:12+00:00\",\"breadcrumb\":{\"@id\":\"https:\/\/mket.hu\/index.php\/esemenyek\/#breadcrumb\"},\"inLanguage\":\"hu\",\"potentialAction\":[{\"@type\":\"ReadAction\",\"target\":[\"https:\/\/mket.hu\/index.php\/esemenyek\/\"]}]},{\"@type\":\"BreadcrumbList\",\"@id\":\"https:\/\/mket.hu\/index.php\/esemenyek\/#breadcrumb\",\"itemListElement\":[{\"@type\":\"ListItem\",\"position\":1,\"name\":\"Kezd\u0151lap\",\"item\":\"https:\/\/mket.hu\/\"},{\"@type\":\"ListItem\",\"position\":2,\"name\":\"Konferencia 2026\"}]},{\"@type\":\"WebSite\",\"@id\":\"https:\/\/mket.hu\/#website\",\"url\":\"https:\/\/mket.hu\/\",\"name\":\"MKET\",\"description\":\"Magyar Kapcsolt Energia T\u00e1rsas\u00e1g\",\"potentialAction\":[{\"@type\":\"SearchAction\",\"target\":{\"@type\":\"EntryPoint\",\"urlTemplate\":\"https:\/\/mket.hu\/?s={search_term_string}\"},\"query-input\":\"required name=search_term_string\"}],\"inLanguage\":\"hu\"}]}<\/script>\n<!-- \/ Yoast SEO plugin. -->","yoast_head_json":{"title":"Konferencia 2026 - MKET","robots":{"index":"index","follow":"follow","max-snippet":"max-snippet:-1","max-image-preview":"max-image-preview:large","max-video-preview":"max-video-preview:-1"},"canonical":"https:\/\/mket.hu\/index.php\/esemenyek\/","og_locale":"hu_HU","og_type":"article","og_title":"Konferencia 2026 - MKET","og_description":"[vc_row][vc_column width=&#8221;1\/3&#8243;][vc_single_image image=&#8221;7549&#8243; img_size=&#8221;full&#8221; css=&#8221;.vc_custom_1658858060802{margin-top: 0px !important;}&#8221;][\/vc_column][vc_column width=&#8221;2\/3&#8243;][vc_custom_heading text=&#8221;Esem\u00e9nyek &#8211; Konferencia 2026&#8243; font_container=&#8221;tag:h3|font_size:65px|text_align:left|color:%236d6d6d|line_height:90px&#8221; google_fonts=&#8221;font_family:Ubuntu%3A300%2C300italic%2Cregular%2Citalic%2C500%2C500italic%2C700%2C700italic|font_style:700%20bold%20regular%3A700%3Anormal&#8221; css_animation=&#8221;bounceIn&#8221; css=&#8221;.vc_custom_1771398295296{border-radius: 4px !important;}&#8221;][\/vc_column][\/vc_row][vc_row][vc_column][vc_gallery type=&#8221;flexslider_slide&#8221; interval=&#8221;10&#8243; images=&#8221;9281,9239,9243,9277,9286,9246,9244,9256,9245,9247,9248,9273,9249,9250,9265,9251,9252,9240,9253,9254,9255,9257,9258,9259,9269,9241,9260,9261,9262,9263,9264,9266,9242,9267,9268,9270,9271,9272,9274,9275,9276,9278,9279,9280,9282,9283,9284,9285,9295,9287,9288,9289,9290,9291,9292,9293,9294,9296,9297,9298,9299,9300,9301,9302,9303,9304,9305,9306,9307,9308,9309,9310,9311,9312,9313,9314,9315,9316,9317,9318,9319,9320,9321,9322,9323,9324,9325,9326,9327,9328,9329,9330,9331,9332,9333,9334,9335,9336,9337,9338,9339,9340,9341,9342,9343,9344,9345,9346,9347,9348,9349&#8243;][\/vc_column][\/vc_row][vc_row][vc_column][vc_single_image image=&#8221;9124&#8243; img_size=&#8221;large&#8221; alignment=&#8221;center&#8221;][vc_column_text css=&#8221;.vc_custom_1770965202013{margin-top: 32px !important;}&#8221;] XXIX. KAPCSOLT H\u0150- \u00c9S VILLAMOSENERGIA-TERMEL\u00c9S KONFERENCIA [\/vc_column_text][vc_column_text] 2026. M\u00c1RCIUS 10-12. HOTEL \u00d3ZON &amp; LUXURY VILLAS **** SUPERIOR M\u00c1TRAF\u00dcRED [\/vc_column_text][vc_column_text css=&#8221;.vc_custom_1770965549967{margin-top: 32px !important;}&#8221;] A Magyar Kapcsolt Energia Ta\u0301rsasa\u0301g (MKET) [&hellip;]","og_url":"https:\/\/mket.hu\/index.php\/esemenyek\/","og_site_name":"MKET","article_modified_time":"2026-03-16T11:20:12+00:00","og_image":[{"width":300,"height":118,"url":"https:\/\/mket.hu\/wp-content\/uploads\/2021\/04\/mket_logo_300x118_png.png","type":"image\/png"}],"twitter_card":"summary_large_image","twitter_misc":{"Becs\u00fclt olvas\u00e1si id\u0151":"3 perc"},"schema":{"@context":"https:\/\/schema.org","@graph":[{"@type":"WebPage","@id":"https:\/\/mket.hu\/index.php\/esemenyek\/","url":"https:\/\/mket.hu\/index.php\/esemenyek\/","name":"Konferencia 2026 - MKET","isPartOf":{"@id":"https:\/\/mket.hu\/#website"},"datePublished":"2022-07-26T17:46:24+00:00","dateModified":"2026-03-16T11:20:12+00:00","breadcrumb":{"@id":"https:\/\/mket.hu\/index.php\/esemenyek\/#breadcrumb"},"inLanguage":"hu","potentialAction":[{"@type":"ReadAction","target":["https:\/\/mket.hu\/index.php\/esemenyek\/"]}]},{"@type":"BreadcrumbList","@id":"https:\/\/mket.hu\/index.php\/esemenyek\/#breadcrumb","itemListElement":[{"@type":"ListItem","position":1,"name":"Kezd\u0151lap","item":"https:\/\/mket.hu\/"},{"@type":"ListItem","position":2,"name":"Konferencia 2026"}]},{"@type":"WebSite","@id":"https:\/\/mket.hu\/#website","url":"https:\/\/mket.hu\/","name":"MKET","description":"Magyar Kapcsolt Energia T\u00e1rsas\u00e1g","potentialAction":[{"@type":"SearchAction","target":{"@type":"EntryPoint","urlTemplate":"https:\/\/mket.hu\/?s={search_term_string}"},"query-input":"required name=search_term_string"}],"inLanguage":"hu"}]}},"_links":{"self":[{"href":"https:\/\/mket.hu\/index.php\/wp-json\/wp\/v2\/pages\/8765","targetHints":{"allow":["GET"]}}],"collection":[{"href":"https:\/\/mket.hu\/index.php\/wp-json\/wp\/v2\/pages"}],"about":[{"href":"https:\/\/mket.hu\/index.php\/wp-json\/wp\/v2\/types\/page"}],"author":[{"embeddable":true,"href":"https:\/\/mket.hu\/index.php\/wp-json\/wp\/v2\/users\/1"}],"replies":[{"embeddable":true,"href":"https:\/\/mket.hu\/index.php\/wp-json\/wp\/v2\/comments?post=8765"}],"version-history":[{"count":73,"href":"https:\/\/mket.hu\/index.php\/wp-json\/wp\/v2\/pages\/8765\/revisions"}],"predecessor-version":[{"id":9350,"href":"https:\/\/mket.hu\/index.php\/wp-json\/wp\/v2\/pages\/8765\/revisions\/9350"}],"wp:attachment":[{"href":"https:\/\/mket.hu\/index.php\/wp-json\/wp\/v2\/media?parent=8765"}],"curies":[{"name":"wp","href":"https:\/\/api.w.org\/{rel}","templated":true}]}}