{"id":935,"date":"2016-02-19T10:00:40","date_gmt":"2016-02-19T10:00:40","guid":{"rendered":"http:\/\/connection.modeltheme.com\/?page_id=935"},"modified":"2016-02-19T10:00:40","modified_gmt":"2016-02-19T10:00:40","slug":"alerts","status":"publish","type":"page","link":"https:\/\/mket.hu\/index.php\/elements\/alerts\/","title":{"rendered":"Alerts"},"content":{"rendered":"<p>[vc_row][vc_column width=&#8221;1\/2&#8243;]<div role=\"alert\" class=\"alert alert-success  animateIn\" data-animate=\"fadeIn\"><strong>Well done!<\/strong> You successfully read this important alert message.<\/div><div role=\"alert\" class=\"alert alert-info  animateIn\" data-animate=\"fadeIn\"><strong>Well done!<\/strong> You successfully read this important alert message.<\/div>[\/vc_column][vc_column width=&#8221;1\/2&#8243;]<div role=\"alert\" class=\"alert alert-warning  animateIn\" data-animate=\"fadeIn\"><strong>Well done!<\/strong> You successfully read this important alert message.<\/div><div role=\"alert\" class=\"alert alert-danger  animateIn\" data-animate=\"fadeIn\"><strong>Well done!<\/strong> You successfully read this important alert message.<\/div>[\/vc_column][\/vc_row][vc_row][vc_column width=&#8221;1\/2&#8243;]<div role=\"alert\" class=\"alert alert-success bordered animateIn\" data-animate=\"fadeIn\"><strong>Well done!<\/strong> You successfully read this important alert message.<\/div><div role=\"alert\" class=\"alert alert-info bordered animateIn\" data-animate=\"fadeIn\"><strong>Well done!<\/strong> You successfully read this important alert message.<\/div>[\/vc_column][vc_column width=&#8221;1\/2&#8243;]<div role=\"alert\" class=\"alert alert-warning bordered animateIn\" data-animate=\"fadeIn\"><strong>Well done!<\/strong> You successfully read this important alert message.<\/div><div role=\"alert\" class=\"alert alert-danger bordered animateIn\" data-animate=\"fadeIn\"><strong>Well done!<\/strong> You successfully read this important alert message.<\/div>[\/vc_column][\/vc_row][vc_row][vc_column width=&#8221;1\/2&#8243;]<div role=\"alert\" class=\"alert alert-success  animateIn\" data-animate=\"fadeIn\"><button aria-label=\"Close\" data-dismiss=\"alert\" class=\"close\" type=\"button\"><span aria-hidden=\"true\"><i class=\"fa fa-times\"><\/i><\/span><\/button><strong>Well done!<\/strong> You successfully read this important alert message.<\/div><div role=\"alert\" class=\"alert alert-info  animateIn\" data-animate=\"fadeIn\"><button aria-label=\"Close\" data-dismiss=\"alert\" class=\"close\" type=\"button\"><span aria-hidden=\"true\"><i class=\"fa fa-times\"><\/i><\/span><\/button><strong>Well done!<\/strong> You successfully read this important alert message.<\/div>[\/vc_column][vc_column width=&#8221;1\/2&#8243;]<div role=\"alert\" class=\"alert alert-warning  animateIn\" data-animate=\"fadeIn\"><button aria-label=\"Close\" data-dismiss=\"alert\" class=\"close\" type=\"button\"><span aria-hidden=\"true\"><i class=\"fa fa-times\"><\/i><\/span><\/button><strong>Well done!<\/strong> You successfully read this important alert message.<\/div><div role=\"alert\" class=\"alert alert-danger  animateIn\" data-animate=\"fadeIn\"><button aria-label=\"Close\" data-dismiss=\"alert\" class=\"close\" type=\"button\"><span aria-hidden=\"true\"><i class=\"fa fa-times\"><\/i><\/span><\/button><strong>Well done!<\/strong> You successfully read this important alert message.<\/div>[\/vc_column][\/vc_row][vc_row][vc_column width=&#8221;1\/2&#8243;]<div role=\"alert\" class=\"alert alert-success bordered animateIn\" data-animate=\"fadeIn\"><button aria-label=\"Close\" data-dismiss=\"alert\" class=\"close\" type=\"button\"><span aria-hidden=\"true\"><i class=\"fa fa-times\"><\/i><\/span><\/button><strong>Well done!<\/strong> You successfully read this important alert message.<\/div><div role=\"alert\" class=\"alert alert-info bordered animateIn\" data-animate=\"fadeIn\"><button aria-label=\"Close\" data-dismiss=\"alert\" class=\"close\" type=\"button\"><span aria-hidden=\"true\"><i class=\"fa fa-times\"><\/i><\/span><\/button><strong>Well done!<\/strong> You successfully read this important alert message.<\/div>[\/vc_column][vc_column width=&#8221;1\/2&#8243;]<div role=\"alert\" class=\"alert alert-warning bordered animateIn\" data-animate=\"fadeIn\"><button aria-label=\"Close\" data-dismiss=\"alert\" class=\"close\" type=\"button\"><span aria-hidden=\"true\"><i class=\"fa fa-times\"><\/i><\/span><\/button><strong>Well done!<\/strong> You successfully read this important alert message.<\/div><div role=\"alert\" class=\"alert alert-danger bordered animateIn\" data-animate=\"fadeIn\"><button aria-label=\"Close\" data-dismiss=\"alert\" class=\"close\" type=\"button\"><span aria-hidden=\"true\"><i class=\"fa fa-times\"><\/i><\/span><\/button><strong>Well done!<\/strong> You successfully read this important alert message.<\/div>[\/vc_column][\/vc_row]<\/p>\n","protected":false},"excerpt":{"rendered":"<p>[vc_row][vc_column width=&#8221;1\/2&#8243;][\/vc_column][vc_column width=&#8221;1\/2&#8243;][\/vc_column][\/vc_row][vc_row][vc_column width=&#8221;1\/2&#8243;][\/vc_column][vc_column width=&#8221;1\/2&#8243;][\/vc_column][\/vc_row][vc_row][vc_column width=&#8221;1\/2&#8243;][\/vc_column][vc_column width=&#8221;1\/2&#8243;][\/vc_column][\/vc_row][vc_row][vc_column width=&#8221;1\/2&#8243;][\/vc_column][vc_column width=&#8221;1\/2&#8243;][\/vc_column][\/vc_row]<\/p>\n","protected":false},"author":1,"featured_media":0,"parent":933,"menu_order":0,"comment_status":"closed","ping_status":"closed","template":"","meta":{"footnotes":""},"class_list":["post-935","page","type-page","status-publish","hentry"],"featured_image_urls":{"full":"","thumbnail":"","medium":"","medium_large":"","large":"","mt_1250x700":"","mt_320x480":"","mt_900x550":"","1536x1536":"","2048x2048":"","yankeewp_related_post_pic500x300":"","yankeewp_post_pic700x450":"","yankeewp_post_widget_pic100x100":"","yankeewp_530x600":"","yankeewp_1150x400":"","yankeewp_1420x140":"","yankeewp_testimonials_150x150":"","yankeewp_clients_160x90":"","yankeewp_portfolio01_390x275":"","yankeewp_blogpost01_1420x170":"","yankeewp_about_625x415":"","yankeewp_testimonials02_250x530":""},"post_excerpt_stackable":"<p>[vc_row][vc_column width=&#8221;1\/2&#8243;]Well done! You successfully read this important alert message.Well done! You successfully read this important alert message.[\/vc_column][vc_column width=&#8221;1\/2&#8243;]Well done! You successfully read this important alert message.Well done! You successfully read this important alert message.[\/vc_column][\/vc_row][vc_row][vc_column width=&#8221;1\/2&#8243;]Well done! You successfully read this important alert message.Well done! You successfully read this important alert message.[\/vc_column][vc_column width=&#8221;1\/2&#8243;]Well done! You successfully read this important alert message.Well done! You successfully read this important alert message.[\/vc_column][\/vc_row][vc_row][vc_column width=&#8221;1\/2&#8243;]Well done! You successfully read this important alert message.Well done! You successfully read this important alert message.[\/vc_column][vc_column width=&#8221;1\/2&#8243;]Well done! You successfully read this important alert message.Well done! You successfully read this&hellip;<\/p>\n","category_list":"","author_info":{"name":"admin","url":"https:\/\/mket.hu\/index.php\/author\/admin\/"},"comments_num":"0 comments","yoast_head":"<!-- This site is optimized with the Yoast SEO plugin v22.0 - https:\/\/yoast.com\/wordpress\/plugins\/seo\/ -->\n<title>Alerts - MKET<\/title>\n<meta name=\"robots\" content=\"index, follow, max-snippet:-1, max-image-preview:large, max-video-preview:-1\" \/>\n<link rel=\"canonical\" href=\"https:\/\/mket.hu\/index.php\/elements\/alerts\/\" \/>\n<meta property=\"og:locale\" content=\"hu_HU\" \/>\n<meta property=\"og:type\" content=\"article\" \/>\n<meta property=\"og:title\" content=\"Alerts - MKET\" \/>\n<meta property=\"og:description\" content=\"[vc_row][vc_column width=&#8221;1\/2&#8243;][\/vc_column][vc_column width=&#8221;1\/2&#8243;][\/vc_column][\/vc_row][vc_row][vc_column width=&#8221;1\/2&#8243;][\/vc_column][vc_column width=&#8221;1\/2&#8243;][\/vc_column][\/vc_row][vc_row][vc_column width=&#8221;1\/2&#8243;][\/vc_column][vc_column width=&#8221;1\/2&#8243;][\/vc_column][\/vc_row][vc_row][vc_column width=&#8221;1\/2&#8243;][\/vc_column][vc_column width=&#8221;1\/2&#8243;][\/vc_column][\/vc_row]\" \/>\n<meta property=\"og:url\" content=\"https:\/\/mket.hu\/index.php\/elements\/alerts\/\" \/>\n<meta property=\"og:site_name\" content=\"MKET\" \/>\n<meta property=\"og:image\" content=\"https:\/\/mket.hu\/wp-content\/uploads\/2021\/04\/mket_logo_300x118_png.png\" \/>\n\t<meta property=\"og:image:width\" content=\"300\" \/>\n\t<meta property=\"og:image:height\" content=\"118\" \/>\n\t<meta property=\"og:image:type\" content=\"image\/png\" \/>\n<meta name=\"twitter:card\" content=\"summary_large_image\" \/>\n<meta name=\"twitter:label1\" content=\"Becs\u00fclt olvas\u00e1si id\u0151\" \/>\n\t<meta name=\"twitter:data1\" content=\"2 perc\" \/>\n<script type=\"application\/ld+json\" class=\"yoast-schema-graph\">{\"@context\":\"https:\/\/schema.org\",\"@graph\":[{\"@type\":\"WebPage\",\"@id\":\"https:\/\/mket.hu\/index.php\/elements\/alerts\/\",\"url\":\"https:\/\/mket.hu\/index.php\/elements\/alerts\/\",\"name\":\"Alerts - MKET\",\"isPartOf\":{\"@id\":\"https:\/\/mket.hu\/#website\"},\"datePublished\":\"2016-02-19T10:00:40+00:00\",\"dateModified\":\"2016-02-19T10:00:40+00:00\",\"breadcrumb\":{\"@id\":\"https:\/\/mket.hu\/index.php\/elements\/alerts\/#breadcrumb\"},\"inLanguage\":\"hu\",\"potentialAction\":[{\"@type\":\"ReadAction\",\"target\":[\"https:\/\/mket.hu\/index.php\/elements\/alerts\/\"]}]},{\"@type\":\"BreadcrumbList\",\"@id\":\"https:\/\/mket.hu\/index.php\/elements\/alerts\/#breadcrumb\",\"itemListElement\":[{\"@type\":\"ListItem\",\"position\":1,\"name\":\"Kezd\u0151lap\",\"item\":\"https:\/\/mket.hu\/\"},{\"@type\":\"ListItem\",\"position\":2,\"name\":\"Elements\",\"item\":\"https:\/\/mket.hu\/index.php\/elements\/\"},{\"@type\":\"ListItem\",\"position\":3,\"name\":\"Alerts\"}]},{\"@type\":\"WebSite\",\"@id\":\"https:\/\/mket.hu\/#website\",\"url\":\"https:\/\/mket.hu\/\",\"name\":\"MKET\",\"description\":\"Magyar Kapcsolt Energia T\u00e1rsas\u00e1g\",\"potentialAction\":[{\"@type\":\"SearchAction\",\"target\":{\"@type\":\"EntryPoint\",\"urlTemplate\":\"https:\/\/mket.hu\/?s={search_term_string}\"},\"query-input\":\"required name=search_term_string\"}],\"inLanguage\":\"hu\"}]}<\/script>\n<!-- \/ Yoast SEO plugin. -->","yoast_head_json":{"title":"Alerts - MKET","robots":{"index":"index","follow":"follow","max-snippet":"max-snippet:-1","max-image-preview":"max-image-preview:large","max-video-preview":"max-video-preview:-1"},"canonical":"https:\/\/mket.hu\/index.php\/elements\/alerts\/","og_locale":"hu_HU","og_type":"article","og_title":"Alerts - MKET","og_description":"[vc_row][vc_column width=&#8221;1\/2&#8243;][\/vc_column][vc_column width=&#8221;1\/2&#8243;][\/vc_column][\/vc_row][vc_row][vc_column width=&#8221;1\/2&#8243;][\/vc_column][vc_column width=&#8221;1\/2&#8243;][\/vc_column][\/vc_row][vc_row][vc_column width=&#8221;1\/2&#8243;][\/vc_column][vc_column width=&#8221;1\/2&#8243;][\/vc_column][\/vc_row][vc_row][vc_column width=&#8221;1\/2&#8243;][\/vc_column][vc_column width=&#8221;1\/2&#8243;][\/vc_column][\/vc_row]","og_url":"https:\/\/mket.hu\/index.php\/elements\/alerts\/","og_site_name":"MKET","og_image":[{"width":300,"height":118,"url":"https:\/\/mket.hu\/wp-content\/uploads\/2021\/04\/mket_logo_300x118_png.png","type":"image\/png"}],"twitter_card":"summary_large_image","twitter_misc":{"Becs\u00fclt olvas\u00e1si id\u0151":"2 perc"},"schema":{"@context":"https:\/\/schema.org","@graph":[{"@type":"WebPage","@id":"https:\/\/mket.hu\/index.php\/elements\/alerts\/","url":"https:\/\/mket.hu\/index.php\/elements\/alerts\/","name":"Alerts - MKET","isPartOf":{"@id":"https:\/\/mket.hu\/#website"},"datePublished":"2016-02-19T10:00:40+00:00","dateModified":"2016-02-19T10:00:40+00:00","breadcrumb":{"@id":"https:\/\/mket.hu\/index.php\/elements\/alerts\/#breadcrumb"},"inLanguage":"hu","potentialAction":[{"@type":"ReadAction","target":["https:\/\/mket.hu\/index.php\/elements\/alerts\/"]}]},{"@type":"BreadcrumbList","@id":"https:\/\/mket.hu\/index.php\/elements\/alerts\/#breadcrumb","itemListElement":[{"@type":"ListItem","position":1,"name":"Kezd\u0151lap","item":"https:\/\/mket.hu\/"},{"@type":"ListItem","position":2,"name":"Elements","item":"https:\/\/mket.hu\/index.php\/elements\/"},{"@type":"ListItem","position":3,"name":"Alerts"}]},{"@type":"WebSite","@id":"https:\/\/mket.hu\/#website","url":"https:\/\/mket.hu\/","name":"MKET","description":"Magyar Kapcsolt Energia T\u00e1rsas\u00e1g","potentialAction":[{"@type":"SearchAction","target":{"@type":"EntryPoint","urlTemplate":"https:\/\/mket.hu\/?s={search_term_string}"},"query-input":"required name=search_term_string"}],"inLanguage":"hu"}]}},"_links":{"self":[{"href":"https:\/\/mket.hu\/index.php\/wp-json\/wp\/v2\/pages\/935","targetHints":{"allow":["GET"]}}],"collection":[{"href":"https:\/\/mket.hu\/index.php\/wp-json\/wp\/v2\/pages"}],"about":[{"href":"https:\/\/mket.hu\/index.php\/wp-json\/wp\/v2\/types\/page"}],"author":[{"embeddable":true,"href":"https:\/\/mket.hu\/index.php\/wp-json\/wp\/v2\/users\/1"}],"replies":[{"embeddable":true,"href":"https:\/\/mket.hu\/index.php\/wp-json\/wp\/v2\/comments?post=935"}],"version-history":[{"count":0,"href":"https:\/\/mket.hu\/index.php\/wp-json\/wp\/v2\/pages\/935\/revisions"}],"up":[{"embeddable":true,"href":"https:\/\/mket.hu\/index.php\/wp-json\/wp\/v2\/pages\/933"}],"wp:attachment":[{"href":"https:\/\/mket.hu\/index.php\/wp-json\/wp\/v2\/media?parent=935"}],"curies":[{"name":"wp","href":"https:\/\/api.w.org\/{rel}","templated":true}]}}